{"id":94,"date":"2018-03-30T21:53:31","date_gmt":"2018-03-30T19:53:31","guid":{"rendered":"https:\/\/www.sejour-laponie.com\/?page_id=94"},"modified":"2024-03-23T23:55:13","modified_gmt":"2024-03-23T22:55:13","slug":"sejour-nature-en-laponie","status":"publish","type":"page","link":"https:\/\/sejourlaponie.com\/index.php\/sejour-nature-en-laponie\/","title":{"rendered":"Nos s\u00e9jours"},"content":{"rendered":"<p>[et_pb_section bb_built=\u00a0\u00bb1&Prime; fullwidth=\u00a0\u00bbon\u00a0\u00bb _builder_version=\u00a0\u00bb3.2.2&Prime; custom_padding=\u00a0\u00bb0|0px|0|0px|false|false\u00a0\u00bb next_background_color=\u00a0\u00bb#000000&Prime;][et_pb_fullwidth_image src=\u00a0\u00bbhttp:\/\/sejourlaponie.com\/wp-content\/uploads\/2018\/03\/sejour-chien-traineau-laponie-traineau-pilote-header-1920&#215;860.jpg\u00a0\u00bb alt=\u00a0\u00bbLe chien de tra\u00eeneau est roi durant un s\u00e9jour nature en Laponie !\u00a0\u00bb _builder_version=\u00a0\u00bb3.2.2&Prime; custom_padding=\u00a0\u00bb0px|||\u00a0\u00bb custom_margin=\u00a0\u00bb-80px||-80px||true\u00a0\u00bb]<\/p>\n<p>&nbsp;<\/p>\n<p>[\/et_pb_fullwidth_image][\/et_pb_section][et_pb_section bb_built=\u00a0\u00bb1&Prime; _builder_version=\u00a0\u00bb3.0.106&Prime; custom_padding=\u00a0\u00bb30px|0px|0px|0px\u00a0\u00bb saved_tabs=\u00a0\u00bball\u00a0\u00bb prev_background_color=\u00a0\u00bb#000000&Prime; next_background_color=\u00a0\u00bb#000000&Prime; global_module=\u00a0\u00bb111&Prime;][et_pb_row global_parent=\u00a0\u00bb111&Prime; custom_padding=\u00a0\u00bb4px|0px|0px|0px\u00a0\u00bb _builder_version=\u00a0\u00bb3.0.106&Prime;][et_pb_column type=\u00a0\u00bb4_4&Prime;][et_pb_text global_parent=\u00a0\u00bb111&Prime; _builder_version=\u00a0\u00bb3.2.2&Prime; text_font=\u00a0\u00bbRoboto|300|||||||\u00a0\u00bb text_text_color=\u00a0\u00bb#000000&Prime; header_font=\u00a0\u00bbSpectral|600|||||||\u00a0\u00bb header_text_color=\u00a0\u00bb#000000&Prime; header_2_font=\u00a0\u00bbSpectral||||||||\u00a0\u00bb header_2_text_color=\u00a0\u00bb#000000&Prime; header_2_font_size=\u00a0\u00bb22px\u00a0\u00bb header_2_line_height=\u00a0\u00bb1.2em\u00a0\u00bb header_3_font=\u00a0\u00bbRoboto||||||||\u00a0\u00bb header_3_text_color=\u00a0\u00bb#000000&Prime; header_3_font_size=\u00a0\u00bb18px\u00a0\u00bb header_4_font=\u00a0\u00bbRoboto||||||||\u00a0\u00bb header_5_font=\u00a0\u00bbRoboto||||||||\u00a0\u00bb header_6_font=\u00a0\u00bbRoboto||||||||\u00a0\u00bb]<\/p>\n<h1><span style=\"color: #0038a7;\">Un extraordinaire s\u00e9jour nature en Laponie<\/span><\/h1>\n<h2 style=\"text-align: justify;\">Passer une semaine de s\u00e9jour nature en Laponie su\u00e9doise, c\u2019est comme r\u00e9aliser un r\u00eave d\u2019enfant\u00a0! Et c&rsquo;est pourquoi nous vous accueillons dans un authentique environnement sauvage. On vous propose ainsi de vivre des vacances actives au rythme des saisons et de vos envies.<\/h2>\n<h3 style=\"text-align: justify;\">L\u2019hiver\u00a0: partez \u00e0 la d\u00e9couverte des \u00e9tendues immacul\u00e9es<\/h3>\n<p style=\"text-align: justify;\">Qui n\u2019a jamais r\u00eav\u00e9\u00a0 d&rsquo;un s\u00e9jour nature en Laponie l\u2019<strong>hiver au Grand Nord<\/strong> ?<br \/>\nLa neige \u00e0 perte de vue, les \u00e9tendues immacul\u00e9es, la respiration des chiens, le crissement des patins sur la neige, les aurores bor\u00e9ales&#8230; Nous vous emm\u00e8nerons \u00e0 la d\u00e9couverte de ce monde merveilleux.<br \/>\nLes passionn\u00e9s de conduite d\u2019attelage qui ont envie d\u2019<strong>une <a href=\"http:\/\/sejourlaponie.com\/index.php\/chien-traineau-laponie\/\" target=\"_blank\" rel=\"noopener\"><span style=\"text-decoration: underline;\">semaine \u00ab\u00a0en mode musher\u00a0\u00bb<\/span><\/a><\/strong> seront en effet ravis de pouvoir pratiquer aux commandes d\u2019un tra\u00eeneau avec <strong>nos chiens de course<\/strong>. Plein de sensations et progression en pilotage garantis\u00a0!<\/p>\n<p style=\"text-align: justify;\">Pour ceux qui souhaitent partir \u00e0 l\u2019<strong>aventure en randonn\u00e9e raquette, \u00e0 cheval ou sur les patins d\u2019un tra\u00eeneau<\/strong>\u00a0: le <a href=\"http:\/\/sejourlaponie.com\/index.php\/chien-de-traineau\/\" target=\"_blank\" rel=\"noopener\"><strong><span style=\"text-decoration: underline;\">s\u00e9jour multi-activit\u00e9s hiver<\/span><\/strong><\/a> les comblera aussi de belles d\u00e9couvertes.<\/p>\n<p style=\"text-align: justify;\">\u00a0Apr\u00e8s chaque journ\u00e9e pass\u00e9e au grand air, \u00a0<strong>sauna et bain su\u00e9dois<\/strong> vous apporteront \u00e9galement bien-\u00eatre et d\u00e9tente. Enfin, on vous invitera \u00e0 faire de beaux r\u00eaves dans votre <strong>chalet douillet<\/strong>\u2026<\/p>\n<h3 style=\"text-align: justify;\">L\u2019\u00e9t\u00e9\u00a0: le plein d\u2019activit\u00e9s \u00ab\u00a0nature\u00a0\u00bb<\/h3>\n<p style=\"text-align: justify;\">\u00a0En \u00e9t\u00e9, la dur\u00e9e du jour au <strong>pays du soleil de minuit<\/strong> permet de vivre encore plus d\u2019aventures au c\u0153ur de la nature sauvage.<\/p>\n<p style=\"text-align: justify;\">On vous a ainsi concoct\u00e9 un <strong>programme de r\u00eave<\/strong> pour votre s\u00e9jour nature en Laponie cet \u00e9t\u00e9\u00a0:<\/p>\n<ul style=\"text-align: justify;\">\n<li>Plusieurs jours de <strong>randonn\u00e9e \u00e9questre<\/strong> dans les for\u00eats pour appr\u00e9cier des panoramas somptueux qui bordent notre base ;<\/li>\n<li>Une <strong>excursion en cano\u00eb<\/strong> sur la rivi\u00e8re \u00d6r\u00e5n avec<strong> bivouac<\/strong> pour profiter particuli\u00e8rement des lumi\u00e8res si particuli\u00e8res de minuit dans le Grand Nord ;<\/li>\n<li>Des <strong>balades \u00e0 pied<\/strong> \u00e0 la rencontre de la faune locale, pour cueillir des fruits sauvages et des champignons ou juste profiter du calme ressour\u00e7ant des lieux ;<\/li>\n<li><strong>Enfin, bain nordique et sauna<\/strong> sont des traditions locales que vous appr\u00e9cierez certainement\u00a0!<\/li>\n<\/ul>\n<p style=\"text-align: justify;\">La <strong>d\u00e9couverte de nos chiens de tra\u00eeneau<\/strong> et quelques sorties d\u2019entra\u00eenement en quad ou VTT seront aussi au programme. Les chiots naissent au mois de juin, \u00e0 vrai dire, vous allez en \u00eatre gaga\u00a0!<\/p>\n<p>Alors, pr\u00eat pour votre <a href=\"http:\/\/sejourlaponie.com\/index.php\/multi-activites-ete\/\" target=\"_blank\" rel=\"noopener\"><strong><span style=\"text-decoration: underline;\">s\u00e9jour multi-activit\u00e9s en Laponie<\/span><\/strong><\/a>\u00a0cet \u00e9t\u00e9 ?<\/p>\n<p>[\/et_pb_text][\/et_pb_column][\/et_pb_row][\/et_pb_section][et_pb_section bb_built=\u00a0\u00bb1&Prime; _builder_version=\u00a0\u00bb3.0.106&Prime; custom_padding=\u00a0\u00bb0|0px|54px|0px\u00a0\u00bb prev_background_color=\u00a0\u00bb#000000&Prime;][et_pb_row _builder_version=\u00a0\u00bb3.0.106&Prime;][et_pb_column type=\u00a0\u00bb1_3&Prime;][et_pb_image src=\u00a0\u00bbhttp:\/\/sejourlaponie.com\/wp-content\/uploads\/2018\/03\/sejour-chien-traineau-laponie-traineau-pilote-header-1920&#215;860.jpg\u00a0\u00bb _builder_version=\u00a0\u00bb3.0.106&Prime;]<\/p>\n<p>&nbsp;<\/p>\n<p>[\/et_pb_image][et_pb_button button_url=\u00a0\u00bbhttp:\/\/sejourlaponie.com\/index.php\/chien-de-traineau\/\u00a0\u00bb url_new_window=\u00a0\u00bbon\u00a0\u00bb button_text=\u00a0\u00bbMULTI-ACTIVIT\u00c9S HIVER\u00a0\u00bb button_alignment=\u00a0\u00bbcenter\u00a0\u00bb _builder_version=\u00a0\u00bb3.2&Prime; custom_button=\u00a0\u00bbon\u00a0\u00bb button_text_color=\u00a0\u00bb#ffffff\u00a0\u00bb button_bg_color=\u00a0\u00bb#0038a7&Prime; button_font=\u00a0\u00bbSpectral||||||||\u00a0\u00bb]<\/p>\n<p>&nbsp;<\/p>\n<p>[\/et_pb_button][\/et_pb_column][et_pb_column type=\u00a0\u00bb1_3&Prime;][et_pb_image src=\u00a0\u00bbhttp:\/\/sejourlaponie.com\/wp-content\/uploads\/2018\/03\/sejour-chien-traineau-laponie-traineau-vue-du-ciel-header-1920&#215;860.jpg\u00a0\u00bb _builder_version=\u00a0\u00bb3.0.106&Prime;]<\/p>\n<p>&nbsp;<\/p>\n<p>[\/et_pb_image][et_pb_button button_url=\u00a0\u00bbhttp:\/\/sejourlaponie.com\/index.php\/chien-traineau-laponie\/\u00a0\u00bb url_new_window=\u00a0\u00bbon\u00a0\u00bb button_text=\u00a0\u00bb100% CHIEN DE TRA\u00ceNEAU\u00a0\u00bb button_alignment=\u00a0\u00bbcenter\u00a0\u00bb _builder_version=\u00a0\u00bb3.2&Prime; custom_button=\u00a0\u00bbon\u00a0\u00bb button_text_color=\u00a0\u00bb#ffffff\u00a0\u00bb button_bg_color=\u00a0\u00bb#0038a7&Prime; button_font=\u00a0\u00bbSpectral||||||||\u00a0\u00bb]<\/p>\n<p>&nbsp;<\/p>\n<p>[\/et_pb_button][\/et_pb_column][et_pb_column type=\u00a0\u00bb1_3&Prime;][et_pb_image src=\u00a0\u00bbhttp:\/\/sejourlaponie.com\/wp-content\/uploads\/2018\/03\/sejour-nature-laponie-canoe-bivouac-2-header-1920&#215;860.jpg\u00a0\u00bb _builder_version=\u00a0\u00bb3.0.106&Prime;]<\/p>\n<p>&nbsp;<\/p>\n<p>[\/et_pb_image][et_pb_button button_url=\u00a0\u00bbhttp:\/\/sejourlaponie.com\/index.php\/multi-activites-ete\/\u00a0\u00bb url_new_window=\u00a0\u00bbon\u00a0\u00bb button_text=\u00a0\u00bbMULTI-ACTIVIT\u00c9S \u00c9T\u00c9\u00a0\u00bb button_alignment=\u00a0\u00bbcenter\u00a0\u00bb _builder_version=\u00a0\u00bb3.2&Prime; custom_button=\u00a0\u00bbon\u00a0\u00bb button_text_color=\u00a0\u00bb#ffffff\u00a0\u00bb button_bg_color=\u00a0\u00bb#d81e05&Prime; button_font=\u00a0\u00bbSpectral||||||||\u00a0\u00bb]<\/p>\n<p>&nbsp;<\/p>\n<p>[\/et_pb_button][\/et_pb_column][\/et_pb_row][\/et_pb_section]<\/p>\n","protected":false},"excerpt":{"rendered":"<p>&nbsp; Un extraordinaire s\u00e9jour nature en Laponie Passer une semaine de s\u00e9jour nature en Laponie su\u00e9doise, c\u2019est comme r\u00e9aliser un r\u00eave d\u2019enfant\u00a0! Et c&rsquo;est pourquoi nous vous accueillons dans un authentique environnement sauvage. On vous propose ainsi de vivre des vacances actives au rythme des saisons et de vos envies. L\u2019hiver\u00a0: partez \u00e0 la d\u00e9couverte [&hellip;]<\/p>\n","protected":false},"author":1,"featured_media":0,"parent":0,"menu_order":0,"comment_status":"closed","ping_status":"closed","template":"","meta":{"_et_pb_use_builder":"on","_et_pb_old_content":"","_et_gb_content_width":"","footnotes":""},"class_list":["post-94","page","type-page","status-publish","hentry"],"yoast_head":"<!-- This site is optimized with the Yoast SEO plugin v25.9 - https:\/\/yoast.com\/wordpress\/plugins\/seo\/ -->\n<title>Nos s\u00e9jours - S\u00e9jours nature &amp; Chien de tra\u00eeneau en Su\u00e8de<\/title>\n<meta name=\"description\" content=\"Passez le plus beau s\u00e9jour nature en Laponie avec nous ! Notre base en Su\u00e8de vous accueille au coeur de la nature. Nous y proposons un cocktail d&#039;activit\u00e9s de plein air en toute saison dans un authentique \u00e9crin naturel. L&#039;hiver, vous pratiquerez le chien de tra\u00eeneau et l&#039;\u00e9t\u00e9, c&#039;est \u00e9quitation, cano\u00eb, rando...\" \/>\n<meta name=\"robots\" content=\"index, follow, max-snippet:-1, max-image-preview:large, max-video-preview:-1\" \/>\n<link rel=\"canonical\" href=\"https:\/\/sejourlaponie.com\/index.php\/sejour-nature-en-laponie\/\" \/>\n<meta property=\"og:locale\" content=\"fr_FR\" \/>\n<meta property=\"og:type\" content=\"article\" \/>\n<meta property=\"og:title\" content=\"Nos s\u00e9jours - S\u00e9jours nature &amp; Chien de tra\u00eeneau en Su\u00e8de\" \/>\n<meta property=\"og:description\" content=\"Passez le plus beau s\u00e9jour nature en Laponie avec nous ! Notre base en Su\u00e8de vous accueille au coeur de la nature. Nous y proposons un cocktail d&#039;activit\u00e9s de plein air en toute saison dans un authentique \u00e9crin naturel. L&#039;hiver, vous pratiquerez le chien de tra\u00eeneau et l&#039;\u00e9t\u00e9, c&#039;est \u00e9quitation, cano\u00eb, rando...\" \/>\n<meta property=\"og:url\" content=\"https:\/\/sejourlaponie.com\/index.php\/sejour-nature-en-laponie\/\" \/>\n<meta property=\"og:site_name\" content=\"S\u00e9jours nature &amp; Chien de tra\u00eeneau en Su\u00e8de\" \/>\n<meta property=\"article:publisher\" content=\"https:\/\/www.facebook.com\/Teamrevesetpassion.remycoste\" \/>\n<meta property=\"article:modified_time\" content=\"2024-03-23T22:55:13+00:00\" \/>\n<meta property=\"og:image\" content=\"https:\/\/sejourlaponie.com\/wp-content\/uploads\/2018\/08\/chien-tra\u00eeneau-laponie_attelage-Aur\u00e9lie_1200x630.jpg\" \/>\n\t<meta property=\"og:image:width\" content=\"1200\" \/>\n\t<meta property=\"og:image:height\" content=\"630\" \/>\n\t<meta property=\"og:image:type\" content=\"image\/jpeg\" \/>\n<meta name=\"twitter:card\" content=\"summary_large_image\" \/>\n<meta name=\"twitter:label1\" content=\"Dur\u00e9e de lecture estim\u00e9e\" \/>\n\t<meta name=\"twitter:data1\" content=\"4 minutes\" \/>\n<script type=\"application\/ld+json\" class=\"yoast-schema-graph\">{\"@context\":\"https:\/\/schema.org\",\"@graph\":[{\"@type\":\"WebPage\",\"@id\":\"https:\/\/sejourlaponie.com\/index.php\/sejour-nature-en-laponie\/\",\"url\":\"https:\/\/sejourlaponie.com\/index.php\/sejour-nature-en-laponie\/\",\"name\":\"Nos s\u00e9jours - S\u00e9jours nature &amp; Chien de tra\u00eeneau en Su\u00e8de\",\"isPartOf\":{\"@id\":\"https:\/\/sejourlaponie.com\/#website\"},\"datePublished\":\"2018-03-30T19:53:31+00:00\",\"dateModified\":\"2024-03-23T22:55:13+00:00\",\"description\":\"Passez le plus beau s\u00e9jour nature en Laponie avec nous ! Notre base en Su\u00e8de vous accueille au coeur de la nature. Nous y proposons un cocktail d'activit\u00e9s de plein air en toute saison dans un authentique \u00e9crin naturel. L'hiver, vous pratiquerez le chien de tra\u00eeneau et l'\u00e9t\u00e9, c'est \u00e9quitation, cano\u00eb, rando...\",\"breadcrumb\":{\"@id\":\"https:\/\/sejourlaponie.com\/index.php\/sejour-nature-en-laponie\/#breadcrumb\"},\"inLanguage\":\"fr-FR\",\"potentialAction\":[{\"@type\":\"ReadAction\",\"target\":[\"https:\/\/sejourlaponie.com\/index.php\/sejour-nature-en-laponie\/\"]}]},{\"@type\":\"BreadcrumbList\",\"@id\":\"https:\/\/sejourlaponie.com\/index.php\/sejour-nature-en-laponie\/#breadcrumb\",\"itemListElement\":[{\"@type\":\"ListItem\",\"position\":1,\"name\":\"Accueil\",\"item\":\"https:\/\/sejourlaponie.com\/\"},{\"@type\":\"ListItem\",\"position\":2,\"name\":\"Nos s\u00e9jours\"}]},{\"@type\":\"WebSite\",\"@id\":\"https:\/\/sejourlaponie.com\/#website\",\"url\":\"https:\/\/sejourlaponie.com\/\",\"name\":\"Chien de tra\u00eeneau et s\u00e9jours nature en Laponie su\u00e9doise\",\"description\":\"S\u00e9jours chiens de tra\u00eeneau et activit\u00e9s de nature en Laponie su\u00e9doise, hiver et \u00e9t\u00e9.\",\"potentialAction\":[{\"@type\":\"SearchAction\",\"target\":{\"@type\":\"EntryPoint\",\"urlTemplate\":\"https:\/\/sejourlaponie.com\/?s={search_term_string}\"},\"query-input\":{\"@type\":\"PropertyValueSpecification\",\"valueRequired\":true,\"valueName\":\"search_term_string\"}}],\"inLanguage\":\"fr-FR\"}]}<\/script>\n<!-- \/ Yoast SEO plugin. -->","yoast_head_json":{"title":"Nos s\u00e9jours - S\u00e9jours nature &amp; Chien de tra\u00eeneau en Su\u00e8de","description":"Passez le plus beau s\u00e9jour nature en Laponie avec nous ! Notre base en Su\u00e8de vous accueille au coeur de la nature. Nous y proposons un cocktail d'activit\u00e9s de plein air en toute saison dans un authentique \u00e9crin naturel. L'hiver, vous pratiquerez le chien de tra\u00eeneau et l'\u00e9t\u00e9, c'est \u00e9quitation, cano\u00eb, rando...","robots":{"index":"index","follow":"follow","max-snippet":"max-snippet:-1","max-image-preview":"max-image-preview:large","max-video-preview":"max-video-preview:-1"},"canonical":"https:\/\/sejourlaponie.com\/index.php\/sejour-nature-en-laponie\/","og_locale":"fr_FR","og_type":"article","og_title":"Nos s\u00e9jours - S\u00e9jours nature &amp; Chien de tra\u00eeneau en Su\u00e8de","og_description":"Passez le plus beau s\u00e9jour nature en Laponie avec nous ! Notre base en Su\u00e8de vous accueille au coeur de la nature. Nous y proposons un cocktail d'activit\u00e9s de plein air en toute saison dans un authentique \u00e9crin naturel. L'hiver, vous pratiquerez le chien de tra\u00eeneau et l'\u00e9t\u00e9, c'est \u00e9quitation, cano\u00eb, rando...","og_url":"https:\/\/sejourlaponie.com\/index.php\/sejour-nature-en-laponie\/","og_site_name":"S\u00e9jours nature &amp; Chien de tra\u00eeneau en Su\u00e8de","article_publisher":"https:\/\/www.facebook.com\/Teamrevesetpassion.remycoste","article_modified_time":"2024-03-23T22:55:13+00:00","og_image":[{"width":1200,"height":630,"url":"https:\/\/sejourlaponie.com\/wp-content\/uploads\/2018\/08\/chien-tra\u00eeneau-laponie_attelage-Aur\u00e9lie_1200x630.jpg","type":"image\/jpeg"}],"twitter_card":"summary_large_image","twitter_misc":{"Dur\u00e9e de lecture estim\u00e9e":"4 minutes"},"schema":{"@context":"https:\/\/schema.org","@graph":[{"@type":"WebPage","@id":"https:\/\/sejourlaponie.com\/index.php\/sejour-nature-en-laponie\/","url":"https:\/\/sejourlaponie.com\/index.php\/sejour-nature-en-laponie\/","name":"Nos s\u00e9jours - S\u00e9jours nature &amp; Chien de tra\u00eeneau en Su\u00e8de","isPartOf":{"@id":"https:\/\/sejourlaponie.com\/#website"},"datePublished":"2018-03-30T19:53:31+00:00","dateModified":"2024-03-23T22:55:13+00:00","description":"Passez le plus beau s\u00e9jour nature en Laponie avec nous ! Notre base en Su\u00e8de vous accueille au coeur de la nature. Nous y proposons un cocktail d'activit\u00e9s de plein air en toute saison dans un authentique \u00e9crin naturel. L'hiver, vous pratiquerez le chien de tra\u00eeneau et l'\u00e9t\u00e9, c'est \u00e9quitation, cano\u00eb, rando...","breadcrumb":{"@id":"https:\/\/sejourlaponie.com\/index.php\/sejour-nature-en-laponie\/#breadcrumb"},"inLanguage":"fr-FR","potentialAction":[{"@type":"ReadAction","target":["https:\/\/sejourlaponie.com\/index.php\/sejour-nature-en-laponie\/"]}]},{"@type":"BreadcrumbList","@id":"https:\/\/sejourlaponie.com\/index.php\/sejour-nature-en-laponie\/#breadcrumb","itemListElement":[{"@type":"ListItem","position":1,"name":"Accueil","item":"https:\/\/sejourlaponie.com\/"},{"@type":"ListItem","position":2,"name":"Nos s\u00e9jours"}]},{"@type":"WebSite","@id":"https:\/\/sejourlaponie.com\/#website","url":"https:\/\/sejourlaponie.com\/","name":"Chien de tra\u00eeneau et s\u00e9jours nature en Laponie su\u00e9doise","description":"S\u00e9jours chiens de tra\u00eeneau et activit\u00e9s de nature en Laponie su\u00e9doise, hiver et \u00e9t\u00e9.","potentialAction":[{"@type":"SearchAction","target":{"@type":"EntryPoint","urlTemplate":"https:\/\/sejourlaponie.com\/?s={search_term_string}"},"query-input":{"@type":"PropertyValueSpecification","valueRequired":true,"valueName":"search_term_string"}}],"inLanguage":"fr-FR"}]}},"_links":{"self":[{"href":"https:\/\/sejourlaponie.com\/index.php\/wp-json\/wp\/v2\/pages\/94","targetHints":{"allow":["GET"]}}],"collection":[{"href":"https:\/\/sejourlaponie.com\/index.php\/wp-json\/wp\/v2\/pages"}],"about":[{"href":"https:\/\/sejourlaponie.com\/index.php\/wp-json\/wp\/v2\/types\/page"}],"author":[{"embeddable":true,"href":"https:\/\/sejourlaponie.com\/index.php\/wp-json\/wp\/v2\/users\/1"}],"replies":[{"embeddable":true,"href":"https:\/\/sejourlaponie.com\/index.php\/wp-json\/wp\/v2\/comments?post=94"}],"version-history":[{"count":34,"href":"https:\/\/sejourlaponie.com\/index.php\/wp-json\/wp\/v2\/pages\/94\/revisions"}],"predecessor-version":[{"id":1175,"href":"https:\/\/sejourlaponie.com\/index.php\/wp-json\/wp\/v2\/pages\/94\/revisions\/1175"}],"wp:attachment":[{"href":"https:\/\/sejourlaponie.com\/index.php\/wp-json\/wp\/v2\/media?parent=94"}],"curies":[{"name":"wp","href":"https:\/\/api.w.org\/{rel}","templated":true}]}}