{"id":836,"date":"2018-05-01T20:20:15","date_gmt":"2018-05-01T18:20:15","guid":{"rendered":"https:\/\/www.sejour-laponie.com\/?page_id=836"},"modified":"2024-03-23T23:55:11","modified_gmt":"2024-03-23T22:55:11","slug":"mentions-legales-2","status":"publish","type":"page","link":"https:\/\/sejourlaponie.com\/index.php\/mentions-legales-2\/","title":{"rendered":"Mentions l\u00e9gales"},"content":{"rendered":"<p>[et_pb_section fb_built=\u00a0\u00bb1&Prime; _builder_version=\u00a0\u00bb3.22&Prime; custom_padding=\u00a0\u00bb30px|0px|30px|0px\u00a0\u00bb][et_pb_row _builder_version=\u00a0\u00bb3.25&Prime; background_size=\u00a0\u00bbinitial\u00a0\u00bb background_position=\u00a0\u00bbtop_left\u00a0\u00bb background_repeat=\u00a0\u00bbrepeat\u00a0\u00bb custom_padding=\u00a0\u00bb0|0px|0|0px\u00a0\u00bb][et_pb_column type=\u00a0\u00bb4_4&Prime; _builder_version=\u00a0\u00bb3.25&Prime; custom_padding=\u00a0\u00bb|||\u00a0\u00bb custom_padding__hover=\u00a0\u00bb|||\u00a0\u00bb][et_pb_text _builder_version=\u00a0\u00bb3.27.4&Prime; text_font=\u00a0\u00bb||||||||\u00a0\u00bb header_font=\u00a0\u00bbSpectral|700|||||||\u00a0\u00bb header_text_color=\u00a0\u00bb#0038a7&Prime; header_2_font=\u00a0\u00bbSpectral||||||||\u00a0\u00bb header_2_text_color=\u00a0\u00bb#000000&Prime; header_2_font_size=\u00a0\u00bb22px\u00a0\u00bb header_2_line_height=\u00a0\u00bb1.2em\u00a0\u00bb]<\/p>\n<h1>Mentions l\u00e9gales<\/h1>\n<p>[\/et_pb_text][\/et_pb_column][\/et_pb_row][et_pb_row _builder_version=\u00a0\u00bb3.25&Prime;][et_pb_column type=\u00a0\u00bb4_4&Prime; _builder_version=\u00a0\u00bb3.25&Prime; custom_padding=\u00a0\u00bb|||\u00a0\u00bb custom_padding__hover=\u00a0\u00bb|||\u00a0\u00bb][et_pb_text _builder_version=\u00a0\u00bb3.27.4&Prime; text_font=\u00a0\u00bbRoboto|300|||||||\u00a0\u00bb text_text_color=\u00a0\u00bb#000000&Prime; header_font=\u00a0\u00bbRoboto||||||||\u00a0\u00bb header_2_font=\u00a0\u00bbSpectral||||||||\u00a0\u00bb header_2_text_color=\u00a0\u00bb#000000&Prime; header_2_font_size=\u00a0\u00bb22px\u00a0\u00bb header_3_font=\u00a0\u00bbRoboto||||||||\u00a0\u00bb header_3_text_color=\u00a0\u00bb#000000&Prime; header_3_font_size=\u00a0\u00bb20px\u00a0\u00bb]<\/p>\n<p><span style=\"text-decoration: underline;\"><strong>Editeur<\/strong> <\/span>:<br \/> R\u00eaves et passion &#8211; M. R\u00e9my COSTE -\u00c4lgb\u00e4ck, L\u00e5ngsele, 92192 Lycksele\u00c4lgb\u00e4ck, L\u00e5ngsele, 92192 Lycksele &#8211; Siret 43345574800023.<\/p>\n<p><strong><span style=\"text-decoration: underline;\">H\u00e9bergement<\/span><\/strong> :<br \/> OVH \u2013 2 rue kellermann BP 80157 59053 ROUBAIX CEDEX 1 \u2013 France \u2013 www.ovh.com.<\/p>\n<p>Les informations recueillies sur ce formulaire sont enregistr\u00e9es dans un fichier informatis\u00e9 par \u00ab\u00a0R\u00eaves et Passion\u00a0\u00bb pour la gestion de notre client\u00e8le.<br \/> Conform\u00e9ment \u00e0 la loi \u00ab informatique et libert\u00e9s \u00bb, vous pouvez exercer votre droit d\u2019acc\u00e8s aux donn\u00e9es vous concernant et les faire rectifier en nous contactant par email <span style=\"color: #0038a7;\"><a style=\"color: #0038a7;\" href=\"mailto:hej@sejour-laponie.com\" target=\"_blank\" rel=\"noopener noreferrer\">hej@sejour-laponie.com.<\/a><\/span><br \/> Nous vous informons de l\u2019existence de la liste d\u2019opposition au d\u00e9marchage t\u00e9l\u00e9phonique \u00ab Bloctel \u00bb, sur laquelle vous pouvez vous inscrire ici : https:\/\/conso.bloctel.fr\/<\/p>\n<p><span style=\"text-decoration: underline;\"><strong>Cr\u00e9dits photos<\/strong><\/span><strong> :<\/strong><strong>\u00a0<\/strong>Justine Bontemps, Ana\u00efs Boucherf, R\u00e9my Coste, Aur\u00e9lie Delattre, Robin Gobert, Baptiste Houy, Erwan Huchet, G\u00e9raldine Sgro.<\/p>\n<p><span style=\"text-decoration: underline;\"><strong> Cr\u00e9dits vid\u00e9os<\/strong><\/span> :\u00a0Robin Gobert, Baptiste Houy.<\/p>\n<p><span style=\"text-decoration: underline;\"><strong>Cr\u00e9ation et accompagnement<\/strong><\/span> : <a href=\"https:\/\/www.labellerecolte.com\" target=\"_blank\" rel=\"noopener noreferrer\"><span style=\"color: #000000;\">la Belle R\u00e9colte\ud83d\udc9b<\/span><\/a><\/p>\n<p>[\/et_pb_text][\/et_pb_column][\/et_pb_row][\/et_pb_section]<\/p>\n","protected":false},"excerpt":{"rendered":"<p>Mentions l\u00e9gales Editeur : R\u00eaves et passion &#8211; M. R\u00e9my COSTE -\u00c4lgb\u00e4ck, L\u00e5ngsele, 92192 Lycksele\u00c4lgb\u00e4ck, L\u00e5ngsele, 92192 Lycksele &#8211; Siret 43345574800023. H\u00e9bergement : OVH \u2013 2 rue kellermann BP 80157 59053 ROUBAIX CEDEX 1 \u2013 France \u2013 www.ovh.com. Les informations recueillies sur ce formulaire sont enregistr\u00e9es dans un fichier informatis\u00e9 par \u00ab\u00a0R\u00eaves et Passion\u00a0\u00bb pour [&hellip;]<\/p>\n","protected":false},"author":1,"featured_media":0,"parent":0,"menu_order":0,"comment_status":"closed","ping_status":"closed","template":"","meta":{"_et_pb_use_builder":"on","_et_pb_old_content":"","_et_gb_content_width":"","footnotes":""},"class_list":["post-836","page","type-page","status-publish","hentry"],"yoast_head":"<!-- This site is optimized with the Yoast SEO plugin v25.9 - https:\/\/yoast.com\/wordpress\/plugins\/seo\/ -->\n<title>Mentions l\u00e9gales - S\u00e9jours nature &amp; Chien de tra\u00eeneau en Su\u00e8de<\/title>\n<meta name=\"robots\" content=\"noindex, follow\" \/>\n<meta property=\"og:locale\" content=\"fr_FR\" \/>\n<meta property=\"og:type\" content=\"article\" \/>\n<meta property=\"og:title\" content=\"Mentions l\u00e9gales - S\u00e9jours nature &amp; Chien de tra\u00eeneau en Su\u00e8de\" \/>\n<meta property=\"og:description\" content=\"Mentions l\u00e9gales Editeur : R\u00eaves et passion - M. R\u00e9my COSTE -\u00c4lgb\u00e4ck, L\u00e5ngsele, 92192 Lycksele\u00c4lgb\u00e4ck, L\u00e5ngsele, 92192 Lycksele - Siret 43345574800023. H\u00e9bergement : OVH \u2013 2 rue kellermann BP 80157 59053 ROUBAIX CEDEX 1 \u2013 France \u2013 www.ovh.com. Les informations recueillies sur ce formulaire sont enregistr\u00e9es dans un fichier informatis\u00e9 par &quot;R\u00eaves et Passion&quot; pour [&hellip;]\" \/>\n<meta property=\"og:url\" content=\"https:\/\/sejourlaponie.com\/index.php\/mentions-legales-2\/\" \/>\n<meta property=\"og:site_name\" content=\"S\u00e9jours nature &amp; Chien de tra\u00eeneau en Su\u00e8de\" \/>\n<meta property=\"article:publisher\" content=\"https:\/\/www.facebook.com\/Teamrevesetpassion.remycoste\" \/>\n<meta property=\"article:modified_time\" content=\"2024-03-23T22:55:11+00:00\" \/>\n<meta property=\"og:image\" content=\"https:\/\/sejourlaponie.com\/wp-content\/uploads\/2018\/08\/chien-tra\u00eeneau-laponie_attelage-Aur\u00e9lie_1200x630.jpg\" \/>\n\t<meta property=\"og:image:width\" content=\"1200\" \/>\n\t<meta property=\"og:image:height\" content=\"630\" \/>\n\t<meta property=\"og:image:type\" content=\"image\/jpeg\" \/>\n<meta name=\"twitter:card\" content=\"summary_large_image\" \/>\n<meta name=\"twitter:label1\" content=\"Dur\u00e9e de lecture estim\u00e9e\" \/>\n\t<meta name=\"twitter:data1\" content=\"2 minutes\" \/>\n<script type=\"application\/ld+json\" class=\"yoast-schema-graph\">{\"@context\":\"https:\/\/schema.org\",\"@graph\":[{\"@type\":\"WebPage\",\"@id\":\"https:\/\/sejourlaponie.com\/index.php\/mentions-legales-2\/\",\"url\":\"https:\/\/sejourlaponie.com\/index.php\/mentions-legales-2\/\",\"name\":\"Mentions l\u00e9gales - S\u00e9jours nature &amp; Chien de tra\u00eeneau en Su\u00e8de\",\"isPartOf\":{\"@id\":\"https:\/\/sejourlaponie.com\/#website\"},\"datePublished\":\"2018-05-01T18:20:15+00:00\",\"dateModified\":\"2024-03-23T22:55:11+00:00\",\"breadcrumb\":{\"@id\":\"https:\/\/sejourlaponie.com\/index.php\/mentions-legales-2\/#breadcrumb\"},\"inLanguage\":\"fr-FR\",\"potentialAction\":[{\"@type\":\"ReadAction\",\"target\":[\"https:\/\/sejourlaponie.com\/index.php\/mentions-legales-2\/\"]}]},{\"@type\":\"BreadcrumbList\",\"@id\":\"https:\/\/sejourlaponie.com\/index.php\/mentions-legales-2\/#breadcrumb\",\"itemListElement\":[{\"@type\":\"ListItem\",\"position\":1,\"name\":\"Accueil\",\"item\":\"https:\/\/sejourlaponie.com\/\"},{\"@type\":\"ListItem\",\"position\":2,\"name\":\"Mentions l\u00e9gales\"}]},{\"@type\":\"WebSite\",\"@id\":\"https:\/\/sejourlaponie.com\/#website\",\"url\":\"https:\/\/sejourlaponie.com\/\",\"name\":\"Chien de tra\u00eeneau et s\u00e9jours nature en Laponie su\u00e9doise\",\"description\":\"S\u00e9jours chiens de tra\u00eeneau et activit\u00e9s de nature en Laponie su\u00e9doise, hiver et \u00e9t\u00e9.\",\"potentialAction\":[{\"@type\":\"SearchAction\",\"target\":{\"@type\":\"EntryPoint\",\"urlTemplate\":\"https:\/\/sejourlaponie.com\/?s={search_term_string}\"},\"query-input\":{\"@type\":\"PropertyValueSpecification\",\"valueRequired\":true,\"valueName\":\"search_term_string\"}}],\"inLanguage\":\"fr-FR\"}]}<\/script>\n<!-- \/ Yoast SEO plugin. -->","yoast_head_json":{"title":"Mentions l\u00e9gales - S\u00e9jours nature &amp; Chien de tra\u00eeneau en Su\u00e8de","robots":{"index":"noindex","follow":"follow"},"og_locale":"fr_FR","og_type":"article","og_title":"Mentions l\u00e9gales - S\u00e9jours nature &amp; Chien de tra\u00eeneau en Su\u00e8de","og_description":"Mentions l\u00e9gales Editeur : R\u00eaves et passion - M. R\u00e9my COSTE -\u00c4lgb\u00e4ck, L\u00e5ngsele, 92192 Lycksele\u00c4lgb\u00e4ck, L\u00e5ngsele, 92192 Lycksele - Siret 43345574800023. H\u00e9bergement : OVH \u2013 2 rue kellermann BP 80157 59053 ROUBAIX CEDEX 1 \u2013 France \u2013 www.ovh.com. Les informations recueillies sur ce formulaire sont enregistr\u00e9es dans un fichier informatis\u00e9 par \"R\u00eaves et Passion\" pour [&hellip;]","og_url":"https:\/\/sejourlaponie.com\/index.php\/mentions-legales-2\/","og_site_name":"S\u00e9jours nature &amp; Chien de tra\u00eeneau en Su\u00e8de","article_publisher":"https:\/\/www.facebook.com\/Teamrevesetpassion.remycoste","article_modified_time":"2024-03-23T22:55:11+00:00","og_image":[{"width":1200,"height":630,"url":"https:\/\/sejourlaponie.com\/wp-content\/uploads\/2018\/08\/chien-tra\u00eeneau-laponie_attelage-Aur\u00e9lie_1200x630.jpg","type":"image\/jpeg"}],"twitter_card":"summary_large_image","twitter_misc":{"Dur\u00e9e de lecture estim\u00e9e":"2 minutes"},"schema":{"@context":"https:\/\/schema.org","@graph":[{"@type":"WebPage","@id":"https:\/\/sejourlaponie.com\/index.php\/mentions-legales-2\/","url":"https:\/\/sejourlaponie.com\/index.php\/mentions-legales-2\/","name":"Mentions l\u00e9gales - S\u00e9jours nature &amp; Chien de tra\u00eeneau en Su\u00e8de","isPartOf":{"@id":"https:\/\/sejourlaponie.com\/#website"},"datePublished":"2018-05-01T18:20:15+00:00","dateModified":"2024-03-23T22:55:11+00:00","breadcrumb":{"@id":"https:\/\/sejourlaponie.com\/index.php\/mentions-legales-2\/#breadcrumb"},"inLanguage":"fr-FR","potentialAction":[{"@type":"ReadAction","target":["https:\/\/sejourlaponie.com\/index.php\/mentions-legales-2\/"]}]},{"@type":"BreadcrumbList","@id":"https:\/\/sejourlaponie.com\/index.php\/mentions-legales-2\/#breadcrumb","itemListElement":[{"@type":"ListItem","position":1,"name":"Accueil","item":"https:\/\/sejourlaponie.com\/"},{"@type":"ListItem","position":2,"name":"Mentions l\u00e9gales"}]},{"@type":"WebSite","@id":"https:\/\/sejourlaponie.com\/#website","url":"https:\/\/sejourlaponie.com\/","name":"Chien de tra\u00eeneau et s\u00e9jours nature en Laponie su\u00e9doise","description":"S\u00e9jours chiens de tra\u00eeneau et activit\u00e9s de nature en Laponie su\u00e9doise, hiver et \u00e9t\u00e9.","potentialAction":[{"@type":"SearchAction","target":{"@type":"EntryPoint","urlTemplate":"https:\/\/sejourlaponie.com\/?s={search_term_string}"},"query-input":{"@type":"PropertyValueSpecification","valueRequired":true,"valueName":"search_term_string"}}],"inLanguage":"fr-FR"}]}},"_links":{"self":[{"href":"https:\/\/sejourlaponie.com\/index.php\/wp-json\/wp\/v2\/pages\/836","targetHints":{"allow":["GET"]}}],"collection":[{"href":"https:\/\/sejourlaponie.com\/index.php\/wp-json\/wp\/v2\/pages"}],"about":[{"href":"https:\/\/sejourlaponie.com\/index.php\/wp-json\/wp\/v2\/types\/page"}],"author":[{"embeddable":true,"href":"https:\/\/sejourlaponie.com\/index.php\/wp-json\/wp\/v2\/users\/1"}],"replies":[{"embeddable":true,"href":"https:\/\/sejourlaponie.com\/index.php\/wp-json\/wp\/v2\/comments?post=836"}],"version-history":[{"count":10,"href":"https:\/\/sejourlaponie.com\/index.php\/wp-json\/wp\/v2\/pages\/836\/revisions"}],"predecessor-version":[{"id":2610,"href":"https:\/\/sejourlaponie.com\/index.php\/wp-json\/wp\/v2\/pages\/836\/revisions\/2610"}],"wp:attachment":[{"href":"https:\/\/sejourlaponie.com\/index.php\/wp-json\/wp\/v2\/media?parent=836"}],"curies":[{"name":"wp","href":"https:\/\/api.w.org\/{rel}","templated":true}]}}