{"id":353,"date":"2018-04-04T23:23:44","date_gmt":"2018-04-04T21:23:44","guid":{"rendered":"https:\/\/www.sejour-laponie.com\/?page_id=353"},"modified":"2020-06-12T13:08:13","modified_gmt":"2020-06-12T11:08:13","slug":"suivez-nos-aventures","status":"publish","type":"page","link":"https:\/\/sejourlaponie.com\/index.php\/suivez-nos-aventures\/","title":{"rendered":"R\u00e9seaux sociaux"},"content":{"rendered":"<p>[et_pb_section fb_built=\u00a0\u00bb1&Prime; _builder_version=\u00a0\u00bb3.22&Prime; custom_padding=\u00a0\u00bb30px|0px|0|0px|false|false\u00a0\u00bb][et_pb_row _builder_version=\u00a0\u00bb3.25&Prime; background_size=\u00a0\u00bbinitial\u00a0\u00bb background_position=\u00a0\u00bbtop_left\u00a0\u00bb background_repeat=\u00a0\u00bbrepeat\u00a0\u00bb custom_padding=\u00a0\u00bb0|0px|0|0px\u00a0\u00bb][et_pb_column type=\u00a0\u00bb4_4&Prime; _builder_version=\u00a0\u00bb3.25&Prime; custom_padding=\u00a0\u00bb|||\u00a0\u00bb custom_padding__hover=\u00a0\u00bb|||\u00a0\u00bb][et_pb_text _builder_version=\u00a0\u00bb3.27.4&Prime; text_font=\u00a0\u00bb||||||||\u00a0\u00bb header_font=\u00a0\u00bbSpectral|700|||||||\u00a0\u00bb header_text_color=\u00a0\u00bb#0038a7&Prime; header_2_font=\u00a0\u00bbSpectral||||||||\u00a0\u00bb header_2_text_color=\u00a0\u00bb#000000&Prime; header_2_font_size=\u00a0\u00bb22px\u00a0\u00bb header_2_line_height=\u00a0\u00bb1.2em\u00a0\u00bb]<\/p>\n<h1 style=\"text-align: center;\">Suivez nos aventures sur Facebook, Instagram &amp; YouTube !<\/h1>\n<h2 style=\"text-align: center;\">Abonnez-vous, likez et partagez s&rsquo;il vous pla\u00eet \ud83d\udc4d<\/h2>\n<p>&nbsp;<br \/>\n[\/et_pb_text][\/et_pb_column][\/et_pb_row][\/et_pb_section][et_pb_section fb_built=\u00a0\u00bb1&Prime; _builder_version=\u00a0\u00bb3.22&Prime; custom_padding=\u00a0\u00bb0|0px|0|0px|false|false\u00a0\u00bb][et_pb_row column_structure=\u00a0\u00bb1_2,1_2&Prime; _builder_version=\u00a0\u00bb3.25&Prime; custom_padding=\u00a0\u00bb0|0px|0|0px|false|false\u00a0\u00bb][et_pb_column type=\u00a0\u00bb1_2&Prime; _builder_version=\u00a0\u00bb3.25&Prime; custom_padding=\u00a0\u00bb|||\u00a0\u00bb custom_padding__hover=\u00a0\u00bb|||\u00a0\u00bb][et_pb_text _builder_version=\u00a0\u00bb3.27.4&Prime;][fts_facebook type=page id=1414707312077757 posts=2 posts_displayed=page_only][\/et_pb_text][\/et_pb_column][et_pb_column type=\u00a0\u00bb1_2&Prime; _builder_version=\u00a0\u00bb3.25&Prime; custom_padding=\u00a0\u00bb|||\u00a0\u00bb custom_padding__hover=\u00a0\u00bb|||\u00a0\u00bb][et_pb_text _builder_version=\u00a0\u00bb4.4.8&Prime; hover_enabled=\u00a0\u00bb0&Prime;]<\/p>\n<p>[fts_instagram instagram_id=17841407695551114 access_token=EAAP9hArvboQBAJHZC9We3lCaKlS1660w9fSKypyMKRzjdWkTZCjR9OIjenfzgxdcGZAumb4z114KclZB5kO6MFei0H3p5NjJ0AZARHoQeyz2DsFrB6lUe4sBCI9CSQVkCMK1M6d5yTlsYyGkNF6rPKZC42blkzOONUGKZCyIAfm5ZAYVvGL2eFhyvSdZC0WArh88ZD pics_count=6 type=business profile_wrap=no super_gallery=yes columns=3 force_columns=no space_between_photos=1px icon_size=65px hide_date_likes_comments=no]<\/p>\n<p>[\/et_pb_text][\/et_pb_column][\/et_pb_row][\/et_pb_section][et_pb_section fb_built=\u00a0\u00bb1&Prime; _builder_version=\u00a0\u00bb3.22&Prime; custom_padding=\u00a0\u00bb0|0px|0|0px|false|false\u00a0\u00bb][et_pb_row _builder_version=\u00a0\u00bb3.25&Prime;][et_pb_column type=\u00a0\u00bb4_4&Prime; _builder_version=\u00a0\u00bb3.25&Prime; custom_padding=\u00a0\u00bb|||\u00a0\u00bb custom_padding__hover=\u00a0\u00bb|||\u00a0\u00bb][et_pb_code][fts_youtube vid_count=1 large_vid=yes large_vid_title=yes large_vid_description=yes thumbs_play_in_iframe=yes vids_in_row=1 omit_first_thumbnail=no space_between_videos=1px force_columns=no maxres_thumbnail_images=yes thumbs_wrap_color=#000 playlist_id=PLTUa4jPCAUzBx5aB1jlQvGP-ooBF2Vqnk channel_id=UCwVWkhv5clAgdSXGAPNjSYw][\/et_pb_code][\/et_pb_column][\/et_pb_row][\/et_pb_section]<\/p>\n","protected":false},"excerpt":{"rendered":"<p>Suivez nos aventures sur Facebook, Instagram &amp; YouTube ! Abonnez-vous, likez et partagez s&rsquo;il vous pla\u00eet \ud83d\udc4d &nbsp; [fts_facebook type=page id=1414707312077757 posts=2 posts_displayed=page_only][fts_instagram instagram_id=17841407695551114 access_token=EAAP9hArvboQBAJHZC9We3lCaKlS1660w9fSKypyMKRzjdWkTZCjR9OIjenfzgxdcGZAumb4z114KclZB5kO6MFei0H3p5NjJ0AZARHoQeyz2DsFrB6lUe4sBCI9CSQVkCMK1M6d5yTlsYyGkNF6rPKZC42blkzOONUGKZCyIAfm5ZAYVvGL2eFhyvSdZC0WArh88ZD pics_count=6 type=business profile_wrap=no super_gallery=yes columns=3 force_columns=no space_between_photos=1px icon_size=65px hide_date_likes_comments=no] [fts_youtube vid_count=1 large_vid=yes large_vid_title=yes large_vid_description=yes thumbs_play_in_iframe=yes vids_in_row=1 omit_first_thumbnail=no space_between_videos=1px force_columns=no maxres_thumbnail_images=yes thumbs_wrap_color=#000 playlist_id=PLTUa4jPCAUzBx5aB1jlQvGP-ooBF2Vqnk channel_id=UCwVWkhv5clAgdSXGAPNjSYw]<\/p>\n","protected":false},"author":1,"featured_media":0,"parent":0,"menu_order":0,"comment_status":"closed","ping_status":"closed","template":"","meta":{"_et_pb_use_builder":"on","_et_pb_old_content":"","_et_gb_content_width":"","footnotes":""},"class_list":["post-353","page","type-page","status-publish","hentry"],"yoast_head":"<!-- This site is optimized with the Yoast SEO plugin v25.9 - https:\/\/yoast.com\/wordpress\/plugins\/seo\/ -->\n<title>R\u00e9seaux sociaux - S\u00e9jours nature &amp; Chien de tra\u00eeneau en Su\u00e8de<\/title>\n<meta name=\"description\" content=\"Venez faire du chien de tra\u00eeneau, du cheval, du cano\u00eb, chez nous \u00e0 \u00c4lgb\u00e4ck. On vous accueille en hiver et en \u00e9t\u00e9 pour vous faire d\u00e9couvrir la Laponie su\u00e9doise. Suivez aussi nos aventures sur Facebook, Instagram et Youtube !\" \/>\n<meta name=\"robots\" content=\"index, follow, max-snippet:-1, max-image-preview:large, max-video-preview:-1\" \/>\n<link rel=\"canonical\" href=\"https:\/\/sejourlaponie.com\/index.php\/suivez-nos-aventures\/\" \/>\n<meta property=\"og:locale\" content=\"fr_FR\" \/>\n<meta property=\"og:type\" content=\"article\" \/>\n<meta property=\"og:title\" content=\"R\u00e9seaux sociaux - S\u00e9jours nature &amp; Chien de tra\u00eeneau en Su\u00e8de\" \/>\n<meta property=\"og:description\" content=\"Venez faire du chien de tra\u00eeneau, du cheval, du cano\u00eb, chez nous \u00e0 \u00c4lgb\u00e4ck. On vous accueille en hiver et en \u00e9t\u00e9 pour vous faire d\u00e9couvrir la Laponie su\u00e9doise. Suivez aussi nos aventures sur Facebook, Instagram et Youtube !\" \/>\n<meta property=\"og:url\" content=\"https:\/\/sejourlaponie.com\/index.php\/suivez-nos-aventures\/\" \/>\n<meta property=\"og:site_name\" content=\"S\u00e9jours nature &amp; Chien de tra\u00eeneau en Su\u00e8de\" \/>\n<meta property=\"article:publisher\" content=\"https:\/\/www.facebook.com\/Teamrevesetpassion.remycoste\" \/>\n<meta property=\"article:modified_time\" content=\"2020-06-12T11:08:13+00:00\" \/>\n<meta property=\"og:image\" content=\"https:\/\/sejourlaponie.com\/wp-content\/uploads\/2018\/08\/chien-tra\u00eeneau-laponie_attelage-Aur\u00e9lie_1200x630.jpg\" \/>\n\t<meta property=\"og:image:width\" content=\"1200\" \/>\n\t<meta property=\"og:image:height\" content=\"630\" \/>\n\t<meta property=\"og:image:type\" content=\"image\/jpeg\" \/>\n<meta name=\"twitter:card\" content=\"summary_large_image\" \/>\n<meta name=\"twitter:label1\" content=\"Dur\u00e9e de lecture estim\u00e9e\" \/>\n\t<meta name=\"twitter:data1\" content=\"2 minutes\" \/>\n<script type=\"application\/ld+json\" class=\"yoast-schema-graph\">{\"@context\":\"https:\/\/schema.org\",\"@graph\":[{\"@type\":\"WebPage\",\"@id\":\"https:\/\/sejourlaponie.com\/index.php\/suivez-nos-aventures\/\",\"url\":\"https:\/\/sejourlaponie.com\/index.php\/suivez-nos-aventures\/\",\"name\":\"R\u00e9seaux sociaux - S\u00e9jours nature &amp; Chien de tra\u00eeneau en Su\u00e8de\",\"isPartOf\":{\"@id\":\"https:\/\/sejourlaponie.com\/#website\"},\"datePublished\":\"2018-04-04T21:23:44+00:00\",\"dateModified\":\"2020-06-12T11:08:13+00:00\",\"description\":\"Venez faire du chien de tra\u00eeneau, du cheval, du cano\u00eb, chez nous \u00e0 \u00c4lgb\u00e4ck. On vous accueille en hiver et en \u00e9t\u00e9 pour vous faire d\u00e9couvrir la Laponie su\u00e9doise. Suivez aussi nos aventures sur Facebook, Instagram et Youtube !\",\"breadcrumb\":{\"@id\":\"https:\/\/sejourlaponie.com\/index.php\/suivez-nos-aventures\/#breadcrumb\"},\"inLanguage\":\"fr-FR\",\"potentialAction\":[{\"@type\":\"ReadAction\",\"target\":[\"https:\/\/sejourlaponie.com\/index.php\/suivez-nos-aventures\/\"]}]},{\"@type\":\"BreadcrumbList\",\"@id\":\"https:\/\/sejourlaponie.com\/index.php\/suivez-nos-aventures\/#breadcrumb\",\"itemListElement\":[{\"@type\":\"ListItem\",\"position\":1,\"name\":\"Accueil\",\"item\":\"https:\/\/sejourlaponie.com\/\"},{\"@type\":\"ListItem\",\"position\":2,\"name\":\"R\u00e9seaux sociaux\"}]},{\"@type\":\"WebSite\",\"@id\":\"https:\/\/sejourlaponie.com\/#website\",\"url\":\"https:\/\/sejourlaponie.com\/\",\"name\":\"Chien de tra\u00eeneau et s\u00e9jours nature en Laponie su\u00e9doise\",\"description\":\"S\u00e9jours chiens de tra\u00eeneau et activit\u00e9s de nature en Laponie su\u00e9doise, hiver et \u00e9t\u00e9.\",\"potentialAction\":[{\"@type\":\"SearchAction\",\"target\":{\"@type\":\"EntryPoint\",\"urlTemplate\":\"https:\/\/sejourlaponie.com\/?s={search_term_string}\"},\"query-input\":{\"@type\":\"PropertyValueSpecification\",\"valueRequired\":true,\"valueName\":\"search_term_string\"}}],\"inLanguage\":\"fr-FR\"}]}<\/script>\n<!-- \/ Yoast SEO plugin. -->","yoast_head_json":{"title":"R\u00e9seaux sociaux - S\u00e9jours nature &amp; Chien de tra\u00eeneau en Su\u00e8de","description":"Venez faire du chien de tra\u00eeneau, du cheval, du cano\u00eb, chez nous \u00e0 \u00c4lgb\u00e4ck. On vous accueille en hiver et en \u00e9t\u00e9 pour vous faire d\u00e9couvrir la Laponie su\u00e9doise. Suivez aussi nos aventures sur Facebook, Instagram et Youtube !","robots":{"index":"index","follow":"follow","max-snippet":"max-snippet:-1","max-image-preview":"max-image-preview:large","max-video-preview":"max-video-preview:-1"},"canonical":"https:\/\/sejourlaponie.com\/index.php\/suivez-nos-aventures\/","og_locale":"fr_FR","og_type":"article","og_title":"R\u00e9seaux sociaux - S\u00e9jours nature &amp; Chien de tra\u00eeneau en Su\u00e8de","og_description":"Venez faire du chien de tra\u00eeneau, du cheval, du cano\u00eb, chez nous \u00e0 \u00c4lgb\u00e4ck. On vous accueille en hiver et en \u00e9t\u00e9 pour vous faire d\u00e9couvrir la Laponie su\u00e9doise. Suivez aussi nos aventures sur Facebook, Instagram et Youtube !","og_url":"https:\/\/sejourlaponie.com\/index.php\/suivez-nos-aventures\/","og_site_name":"S\u00e9jours nature &amp; Chien de tra\u00eeneau en Su\u00e8de","article_publisher":"https:\/\/www.facebook.com\/Teamrevesetpassion.remycoste","article_modified_time":"2020-06-12T11:08:13+00:00","og_image":[{"width":1200,"height":630,"url":"https:\/\/sejourlaponie.com\/wp-content\/uploads\/2018\/08\/chien-tra\u00eeneau-laponie_attelage-Aur\u00e9lie_1200x630.jpg","type":"image\/jpeg"}],"twitter_card":"summary_large_image","twitter_misc":{"Dur\u00e9e de lecture estim\u00e9e":"2 minutes"},"schema":{"@context":"https:\/\/schema.org","@graph":[{"@type":"WebPage","@id":"https:\/\/sejourlaponie.com\/index.php\/suivez-nos-aventures\/","url":"https:\/\/sejourlaponie.com\/index.php\/suivez-nos-aventures\/","name":"R\u00e9seaux sociaux - S\u00e9jours nature &amp; Chien de tra\u00eeneau en Su\u00e8de","isPartOf":{"@id":"https:\/\/sejourlaponie.com\/#website"},"datePublished":"2018-04-04T21:23:44+00:00","dateModified":"2020-06-12T11:08:13+00:00","description":"Venez faire du chien de tra\u00eeneau, du cheval, du cano\u00eb, chez nous \u00e0 \u00c4lgb\u00e4ck. On vous accueille en hiver et en \u00e9t\u00e9 pour vous faire d\u00e9couvrir la Laponie su\u00e9doise. Suivez aussi nos aventures sur Facebook, Instagram et Youtube !","breadcrumb":{"@id":"https:\/\/sejourlaponie.com\/index.php\/suivez-nos-aventures\/#breadcrumb"},"inLanguage":"fr-FR","potentialAction":[{"@type":"ReadAction","target":["https:\/\/sejourlaponie.com\/index.php\/suivez-nos-aventures\/"]}]},{"@type":"BreadcrumbList","@id":"https:\/\/sejourlaponie.com\/index.php\/suivez-nos-aventures\/#breadcrumb","itemListElement":[{"@type":"ListItem","position":1,"name":"Accueil","item":"https:\/\/sejourlaponie.com\/"},{"@type":"ListItem","position":2,"name":"R\u00e9seaux sociaux"}]},{"@type":"WebSite","@id":"https:\/\/sejourlaponie.com\/#website","url":"https:\/\/sejourlaponie.com\/","name":"Chien de tra\u00eeneau et s\u00e9jours nature en Laponie su\u00e9doise","description":"S\u00e9jours chiens de tra\u00eeneau et activit\u00e9s de nature en Laponie su\u00e9doise, hiver et \u00e9t\u00e9.","potentialAction":[{"@type":"SearchAction","target":{"@type":"EntryPoint","urlTemplate":"https:\/\/sejourlaponie.com\/?s={search_term_string}"},"query-input":{"@type":"PropertyValueSpecification","valueRequired":true,"valueName":"search_term_string"}}],"inLanguage":"fr-FR"}]}},"_links":{"self":[{"href":"https:\/\/sejourlaponie.com\/index.php\/wp-json\/wp\/v2\/pages\/353","targetHints":{"allow":["GET"]}}],"collection":[{"href":"https:\/\/sejourlaponie.com\/index.php\/wp-json\/wp\/v2\/pages"}],"about":[{"href":"https:\/\/sejourlaponie.com\/index.php\/wp-json\/wp\/v2\/types\/page"}],"author":[{"embeddable":true,"href":"https:\/\/sejourlaponie.com\/index.php\/wp-json\/wp\/v2\/users\/1"}],"replies":[{"embeddable":true,"href":"https:\/\/sejourlaponie.com\/index.php\/wp-json\/wp\/v2\/comments?post=353"}],"version-history":[{"count":30,"href":"https:\/\/sejourlaponie.com\/index.php\/wp-json\/wp\/v2\/pages\/353\/revisions"}],"predecessor-version":[{"id":3580,"href":"https:\/\/sejourlaponie.com\/index.php\/wp-json\/wp\/v2\/pages\/353\/revisions\/3580"}],"wp:attachment":[{"href":"https:\/\/sejourlaponie.com\/index.php\/wp-json\/wp\/v2\/media?parent=353"}],"curies":[{"name":"wp","href":"https:\/\/api.w.org\/{rel}","templated":true}]}}