{"id":351,"date":"2018-04-04T23:23:22","date_gmt":"2018-04-04T21:23:22","guid":{"rendered":"https:\/\/www.sejour-laponie.com\/?page_id=351"},"modified":"2024-03-23T23:55:13","modified_gmt":"2024-03-23T22:55:13","slug":"nos-chevaux","status":"publish","type":"page","link":"https:\/\/sejourlaponie.com\/index.php\/nos-chevaux\/","title":{"rendered":"Nos chevaux"},"content":{"rendered":"\n[et_pb_section fb_built=\u00a0\u00bb1&Prime; _builder_version=\u00a0\u00bb3.22&Prime; custom_padding=\u00a0\u00bb30px|0px|30px|0px\u00a0\u00bb][et_pb_row _builder_version=\u00a0\u00bb3.25&Prime; background_size=\u00a0\u00bbinitial\u00a0\u00bb background_position=\u00a0\u00bbtop_left\u00a0\u00bb background_repeat=\u00a0\u00bbrepeat\u00a0\u00bb custom_padding=\u00a0\u00bb0|0px|0|0px\u00a0\u00bb][et_pb_column type=\u00a0\u00bb4_4&Prime; _builder_version=\u00a0\u00bb3.25&Prime; custom_padding=\u00a0\u00bb|||\u00a0\u00bb custom_padding__hover=\u00a0\u00bb|||\u00a0\u00bb][et_pb_text _builder_version=\u00a0\u00bb3.27.4&Prime; text_font=\u00a0\u00bb||||||||\u00a0\u00bb header_font=\u00a0\u00bbSpectral|700|||||||\u00a0\u00bb header_text_color=\u00a0\u00bb#0038a7&Prime; header_2_font=\u00a0\u00bbSpectral||||||||\u00a0\u00bb header_2_text_color=\u00a0\u00bb#000000&Prime; header_2_font_size=\u00a0\u00bb22px\u00a0\u00bb header_2_line_height=\u00a0\u00bb1.2em\u00a0\u00bb]<h1>Nos chevaux : fid\u00e8les compagnons pour chevaucher \u00e0 la d\u00e9couverte de la Laponie !<\/h1>\r[\/et_pb_text][\/et_pb_column][\/et_pb_row][et_pb_row _builder_version=\u00a0\u00bb3.25&Prime; custom_padding=\u00a0\u00bb27px|0px|0|0px\u00a0\u00bb column_structure=\u00a0\u00bb1_2,1_2&Prime;][et_pb_column type=\u00a0\u00bb1_2&Prime; _builder_version=\u00a0\u00bb3.25&Prime; custom_padding=\u00a0\u00bb|||\u00a0\u00bb custom_padding__hover=\u00a0\u00bb|||\u00a0\u00bb][et_pb_image src=\u00a0\u00bbhttp:\/\/sejourlaponie.com\/wp-content\/uploads\/2018\/04\/sejour-chien-traineau-laponie-chalet-nos-chevaux-510&#215;300-1.jpg\u00a0\u00bb alt=\u00a0\u00bbAur\u00e9lie saute un obstacle avant le d\u00e9part en randonn\u00e9e \u00e9questre en Laponie\u00a0\u00bb align_tablet=\u00a0\u00bbcenter\u00a0\u00bb align_last_edited=\u00a0\u00bbon|desktop\u00a0\u00bb _builder_version=\u00a0\u00bb3.23&Prime;][\/et_pb_image][et_pb_image src=\u00a0\u00bbhttp:\/\/sejourlaponie.com\/wp-content\/uploads\/2018\/04\/sejour-chien-traineau-laponie-chalet-nos-chevaux-2-510&#215;300-1.jpg\u00a0\u00bb alt=\u00a0\u00bbLors d&rsquo;une randonn\u00e9e \u00e9questre en Laponie en hiver\u00a0\u00bb align_tablet=\u00a0\u00bbcenter\u00a0\u00bb align_last_edited=\u00a0\u00bbon|desktop\u00a0\u00bb _builder_version=\u00a0\u00bb3.23&Prime;][\/et_pb_image][\/et_pb_column][et_pb_column type=\u00a0\u00bb1_2&Prime; _builder_version=\u00a0\u00bb3.25&Prime; custom_padding=\u00a0\u00bb|||\u00a0\u00bb custom_padding__hover=\u00a0\u00bb|||\u00a0\u00bb][et_pb_text _builder_version=\u00a0\u00bb3.27.4&Prime; text_font=\u00a0\u00bbRoboto|300|||||||\u00a0\u00bb text_text_color=\u00a0\u00bb#000000&Prime; header_font=\u00a0\u00bbRoboto||||||||\u00a0\u00bb header_2_font=\u00a0\u00bbSpectral||||||||\u00a0\u00bb header_2_text_color=\u00a0\u00bb#000000&Prime; header_2_font_size=\u00a0\u00bb22px\u00a0\u00bb header_3_font=\u00a0\u00bbRoboto||||||||\u00a0\u00bb header_3_text_color=\u00a0\u00bb#000000&Prime; header_3_font_size=\u00a0\u00bb20px\u00a0\u00bb]<h2>Nous avons actuellement 4 chevaux au g\u00eete.<\/h2>\n<p><a href=\"http:\/\/sejourlaponie.com\/index.php\/vos-hotes-et-guides\/\" target=\"_blank\" rel=\"noopener noreferrer\"><strong>Aur\u00e9lie<\/strong><\/a>, passionn\u00e9e d\u2019\u00e9quitation depuis qu\u2019elle a 7 ans, a adopt\u00e9 <strong>Umiko<\/strong> une pouliche de 1 an en entrant en \u00e9cole v\u00e9t\u00e9rinaire dans le but d\u2019apprendre \u00e0 \u00e9duquer un jeune cheval.<br \/> Apr\u00e8s l\u2019avoir d\u00e9bourr\u00e9, elles ont toutes les deux particip\u00e9 \u00e0 des <strong>comp\u00e9titions<\/strong> en France.<br \/> Umiko a toujours suivi Aur\u00e9lie dans ses diff\u00e9rents changements de poste, c\u2019\u00e9tait donc une \u00e9vidence qu\u2019elle ferait aussi le trajet jusqu\u2019en Su\u00e8de !<br \/> Elle a maintenant <strong>10<\/strong> <strong>ans<\/strong> et est une <strong>petite<\/strong> <strong>jument<\/strong> parfaite pour les <strong>d\u00e9butants<\/strong> comme pour les <strong>cavaliers<\/strong> <strong>confirm\u00e9s<\/strong>.<\/p>\n<p><a href=\"http:\/\/sejourlaponie.com\/index.php\/vos-hotes-et-guides\/\" target=\"_blank\" rel=\"noopener noreferrer\"><strong>R\u00e9my<\/strong><\/a> s\u2019est mis \u00e0 l\u2019\u00e9quitation en rencontrant Aur\u00e9lie.<br \/> Apr\u00e8s avoir pris quelques cours particuliers sur Umiko, il lui fallait son propre cheval pour qu\u2019ils puissent partir en balade ensemble.<br \/> On a trouv\u00e9 la perle rare : <strong>Amor<\/strong>, un <strong>grand<\/strong> <strong>cheval<\/strong> <strong>blanc<\/strong> qui a du sang espagnol <em>(comme son nom l\u2019indique)<\/em>.<br \/> Ils se sont tr\u00e8s vite attach\u00e9s l\u2019un \u00e0 l\u2019autre, et Amor adore aussi Umiko car ils ont fait ensemble les 3000 kms pour venir en Su\u00e8de et sont maintenant ins\u00e9parables !<br \/> C\u2019est un <strong>adorable<\/strong> <strong>cheval<\/strong> <strong>de<\/strong> <strong>balade<\/strong> qui, m\u00eame s\u2019il a toujours v\u00e9cu sur l\u2019ile de R\u00e9, s\u2019est parfaitement adapt\u00e9 \u00e0 l\u2019hiver su\u00e9dois.<\/p>\n<p>Nous accueillons aussi <strong>Hast<\/strong> (traduction de \u00ab Cheval \u00bb en su\u00e9dois), le tr\u00e8s sympathique \u00ab\u00a0<strong>petit<\/strong>\u00a0\u00bb <strong>trotteur<\/strong> <strong>su\u00e9dois<\/strong> qui est le dernier arriv\u00e9.<br \/> C\u2019est un trotteur au \u00ab sang froid \u00bb comme ils disent ici, qui a \u00e9t\u00e9 r\u00e9form\u00e9 jeune des courses de sulky. Le trot est un sport national en Su\u00e8de, presque autant qu\u2019en France !<br \/> C&rsquo;est un <strong>jeune<\/strong> <strong>cheval<\/strong> <strong>calme<\/strong> et <strong>docile<\/strong> qui saura tr\u00e8s bien mettre son <strong>cavalier<\/strong> <strong>en<\/strong> <strong>confiance<\/strong> !<\/p>\n<p>Nous avons derni\u00e8rement adopt\u00e9 <strong>Mac Gregor<\/strong> qui est un magnifique <strong>trotteur Norv\u00e9gien<\/strong>, c&rsquo;est lui-aussi un trotteur au \u00ab\u00a0sang-froid\u00a0\u00bb. Il a fait de tr\u00e8s belles performances en course. Il est tellement curieux et adorable qu&rsquo;un regard suffit pour \u00eatre sous son charme !<\/p>\n<p><span color=\"#D5DADE\" style=\"color: #d5dade;\"><span style=\"color: #000000;\">Nos derniers arrives\u00a0sont : <strong>Rhum-Raisin,<\/strong> un magnifique <strong>Haflinger,<\/strong> une petite bombe infatigable, et\u00a0 <strong>Schamallow<\/strong> pour les enfants. C&rsquo;est\u00a0un <strong>poney shetland<\/strong> qui vit en semi-libert\u00e9 sur le site. Il est toujours la pour se faire remarquer et pour venir jouer avec nous.<\/span><br \/><\/span><\/p>\n<p>&nbsp;<\/p>\n<p>&nbsp;<\/p>\n<p>Les <strong>chevaux<\/strong> font des <a href=\"http:\/\/sejourlaponie.com\/index.php\/multi-activites-ete\/\" target=\"_blank\" rel=\"noopener noreferrer\"><strong>sorties<\/strong> <strong>quotidiennes<\/strong> en <strong>\u00e9t\u00e9<\/strong><\/a>, toujours accompagn\u00e9s du fid\u00e8le Houston (l\u2019adorable chien \u00ab de canap\u00e9 \u00bb de la famille) !<br \/> <a href=\"http:\/\/sejourlaponie.com\/index.php\/chien-de-traineau\/\" target=\"_blank\" rel=\"noopener noreferrer\">En <strong>hiver<\/strong><\/a> les balades se font surtout <strong>au pas<\/strong> m\u00eame si les fers des chevaux sont \u00e9quip\u00e9s de plusieurs crampons pour \u00e9viter tout mauvais appui.<\/p>[\/et_pb_text][\/et_pb_column][\/et_pb_row][\/et_pb_section][et_pb_section fb_built=\u00a0\u00bb1&Prime; _builder_version=\u00a0\u00bb3.22&Prime; custom_padding=\u00a0\u00bb0|0px|30px|0px\u00a0\u00bb][et_pb_row _builder_version=\u00a0\u00bb3.25&Prime; custom_padding=\u00a0\u00bb0|0px|0|0px\u00a0\u00bb][et_pb_column type=\u00a0\u00bb4_4&Prime; _builder_version=\u00a0\u00bb3.25&Prime; custom_padding=\u00a0\u00bb|||\u00a0\u00bb custom_padding__hover=\u00a0\u00bb|||\u00a0\u00bb][et_pb_text _builder_version=\u00a0\u00bb3.27.4&Prime; text_font=\u00a0\u00bbRoboto|300|||||||\u00a0\u00bb text_text_color=\u00a0\u00bb#000000&Prime; header_2_font=\u00a0\u00bbSpectral||||||||\u00a0\u00bb header_2_font_size=\u00a0\u00bb22px\u00a0\u00bb]<h2 style=\"text-align: center;\">Pr\u00eat pour une chevauch\u00e9e fantastique en Laponie Su\u00e9doise ?<\/h2>\r\n<p style=\"text-align: center;\"><em>Cliquez sur l&rsquo;image agrandir la photo<\/em><\/p>\r[\/et_pb_text][et_pb_gallery gallery_ids=\u00a0\u00bb734,733,739,740,737,736,735,738&Prime; gallery_captions=\u00a0\u00bb,,,,,,,\u00a0\u00bb posts_number=\u00a0\u00bb8&Prime; show_pagination=\u00a0\u00bboff\u00a0\u00bb hover_icon=\u00a0\u00bb%%186%%\u00a0\u00bb _builder_version=\u00a0\u00bb3.1.1&Prime; title_font=\u00a0\u00bbRoboto|300|||||||\u00a0\u00bb title_text_color=\u00a0\u00bb#000000&Prime; title_font_size=\u00a0\u00bb14px\u00a0\u00bb title_line_height=\u00a0\u00bb1.3em\u00a0\u00bb caption_font=\u00a0\u00bbRoboto|300|||||||\u00a0\u00bb caption_text_align=\u00a0\u00bbcenter\u00a0\u00bb caption_font_size=\u00a0\u00bb12px\u00a0\u00bb pagination_font=\u00a0\u00bbRoboto||||||||\u00a0\u00bb parallax=\u00a0\u00bbon\u00a0\u00bb text_orientation=\u00a0\u00bbcenter\u00a0\u00bb border_color_all_image=\u00a0\u00bbrgba(255,255,255,0)\u00a0\u00bb][\/et_pb_gallery][\/et_pb_column][\/et_pb_row][\/et_pb_section]\n","protected":false},"excerpt":{"rendered":"<p>Nos chevaux : fid\u00e8les compagnons pour chevaucher \u00e0 la d\u00e9couverte de la Laponie ! Nous avons actuellement 4 chevaux au g\u00eete. Aur\u00e9lie, passionn\u00e9e d\u2019\u00e9quitation depuis qu\u2019elle a 7 ans, a adopt\u00e9 Umiko une pouliche de 1 an en entrant en \u00e9cole v\u00e9t\u00e9rinaire dans le but d\u2019apprendre \u00e0 \u00e9duquer un jeune cheval. Apr\u00e8s l\u2019avoir d\u00e9bourr\u00e9, elles [&hellip;]<\/p>\n","protected":false},"author":1,"featured_media":0,"parent":0,"menu_order":0,"comment_status":"closed","ping_status":"closed","template":"","meta":{"_et_pb_use_builder":"on","_et_pb_old_content":"","_et_gb_content_width":"","footnotes":""},"class_list":["post-351","page","type-page","status-publish","hentry"],"yoast_head":"<!-- This site is optimized with the Yoast SEO plugin v25.9 - https:\/\/yoast.com\/wordpress\/plugins\/seo\/ -->\n<title>Nos chevaux - S\u00e9jours nature &amp; Chien de tra\u00eeneau en Su\u00e8de<\/title>\n<meta name=\"description\" content=\"Pr\u00eat pour une randonn\u00e9e \u00e9questre en Laponie su\u00e9doise ? En selle sur nos chevaux, partez \u00e0 la d\u00e9couverte d&#039;un extraordinaire terrain de jeu, en \u00e9t\u00e9 ou en hiver. Au programme de vos aventures de cavalier : chevauch\u00e9es fantastiques dans des paysages \u00e0 couper le souffle et d\u00e9couverte de la faune sauvage.\" \/>\n<meta name=\"robots\" content=\"index, follow, max-snippet:-1, max-image-preview:large, max-video-preview:-1\" \/>\n<link rel=\"canonical\" href=\"https:\/\/sejourlaponie.com\/index.php\/nos-chevaux\/\" \/>\n<meta property=\"og:locale\" content=\"fr_FR\" \/>\n<meta property=\"og:type\" content=\"article\" \/>\n<meta property=\"og:title\" content=\"Nos chevaux - S\u00e9jours nature &amp; Chien de tra\u00eeneau en Su\u00e8de\" \/>\n<meta property=\"og:description\" content=\"Pr\u00eat pour une randonn\u00e9e \u00e9questre en Laponie su\u00e9doise ? En selle sur nos chevaux, partez \u00e0 la d\u00e9couverte d&#039;un extraordinaire terrain de jeu, en \u00e9t\u00e9 ou en hiver. Au programme de vos aventures de cavalier : chevauch\u00e9es fantastiques dans des paysages \u00e0 couper le souffle et d\u00e9couverte de la faune sauvage.\" \/>\n<meta property=\"og:url\" content=\"https:\/\/sejourlaponie.com\/index.php\/nos-chevaux\/\" \/>\n<meta property=\"og:site_name\" content=\"S\u00e9jours nature &amp; Chien de tra\u00eeneau en Su\u00e8de\" \/>\n<meta property=\"article:publisher\" content=\"https:\/\/www.facebook.com\/Teamrevesetpassion.remycoste\" \/>\n<meta property=\"article:modified_time\" content=\"2024-03-23T22:55:13+00:00\" \/>\n<meta property=\"og:image\" content=\"https:\/\/sejourlaponie.com\/wp-content\/uploads\/2018\/08\/chien-tra\u00eeneau-laponie_attelage-Aur\u00e9lie_1200x630.jpg\" \/>\n\t<meta property=\"og:image:width\" content=\"1200\" \/>\n\t<meta property=\"og:image:height\" content=\"630\" \/>\n\t<meta property=\"og:image:type\" content=\"image\/jpeg\" \/>\n<meta name=\"twitter:card\" content=\"summary_large_image\" \/>\n<meta name=\"twitter:label1\" content=\"Dur\u00e9e de lecture estim\u00e9e\" \/>\n\t<meta name=\"twitter:data1\" content=\"3 minutes\" \/>\n<script type=\"application\/ld+json\" class=\"yoast-schema-graph\">{\"@context\":\"https:\/\/schema.org\",\"@graph\":[{\"@type\":\"WebPage\",\"@id\":\"https:\/\/sejourlaponie.com\/index.php\/nos-chevaux\/\",\"url\":\"https:\/\/sejourlaponie.com\/index.php\/nos-chevaux\/\",\"name\":\"Nos chevaux - S\u00e9jours nature &amp; Chien de tra\u00eeneau en Su\u00e8de\",\"isPartOf\":{\"@id\":\"https:\/\/sejourlaponie.com\/#website\"},\"datePublished\":\"2018-04-04T21:23:22+00:00\",\"dateModified\":\"2024-03-23T22:55:13+00:00\",\"description\":\"Pr\u00eat pour une randonn\u00e9e \u00e9questre en Laponie su\u00e9doise ? En selle sur nos chevaux, partez \u00e0 la d\u00e9couverte d'un extraordinaire terrain de jeu, en \u00e9t\u00e9 ou en hiver. Au programme de vos aventures de cavalier : chevauch\u00e9es fantastiques dans des paysages \u00e0 couper le souffle et d\u00e9couverte de la faune sauvage.\",\"breadcrumb\":{\"@id\":\"https:\/\/sejourlaponie.com\/index.php\/nos-chevaux\/#breadcrumb\"},\"inLanguage\":\"fr-FR\",\"potentialAction\":[{\"@type\":\"ReadAction\",\"target\":[\"https:\/\/sejourlaponie.com\/index.php\/nos-chevaux\/\"]}]},{\"@type\":\"BreadcrumbList\",\"@id\":\"https:\/\/sejourlaponie.com\/index.php\/nos-chevaux\/#breadcrumb\",\"itemListElement\":[{\"@type\":\"ListItem\",\"position\":1,\"name\":\"Accueil\",\"item\":\"https:\/\/sejourlaponie.com\/\"},{\"@type\":\"ListItem\",\"position\":2,\"name\":\"Nos chevaux\"}]},{\"@type\":\"WebSite\",\"@id\":\"https:\/\/sejourlaponie.com\/#website\",\"url\":\"https:\/\/sejourlaponie.com\/\",\"name\":\"Chien de tra\u00eeneau et s\u00e9jours nature en Laponie su\u00e9doise\",\"description\":\"S\u00e9jours chiens de tra\u00eeneau et activit\u00e9s de nature en Laponie su\u00e9doise, hiver et \u00e9t\u00e9.\",\"potentialAction\":[{\"@type\":\"SearchAction\",\"target\":{\"@type\":\"EntryPoint\",\"urlTemplate\":\"https:\/\/sejourlaponie.com\/?s={search_term_string}\"},\"query-input\":{\"@type\":\"PropertyValueSpecification\",\"valueRequired\":true,\"valueName\":\"search_term_string\"}}],\"inLanguage\":\"fr-FR\"}]}<\/script>\n<!-- \/ Yoast SEO plugin. -->","yoast_head_json":{"title":"Nos chevaux - S\u00e9jours nature &amp; Chien de tra\u00eeneau en Su\u00e8de","description":"Pr\u00eat pour une randonn\u00e9e \u00e9questre en Laponie su\u00e9doise ? En selle sur nos chevaux, partez \u00e0 la d\u00e9couverte d'un extraordinaire terrain de jeu, en \u00e9t\u00e9 ou en hiver. Au programme de vos aventures de cavalier : chevauch\u00e9es fantastiques dans des paysages \u00e0 couper le souffle et d\u00e9couverte de la faune sauvage.","robots":{"index":"index","follow":"follow","max-snippet":"max-snippet:-1","max-image-preview":"max-image-preview:large","max-video-preview":"max-video-preview:-1"},"canonical":"https:\/\/sejourlaponie.com\/index.php\/nos-chevaux\/","og_locale":"fr_FR","og_type":"article","og_title":"Nos chevaux - S\u00e9jours nature &amp; Chien de tra\u00eeneau en Su\u00e8de","og_description":"Pr\u00eat pour une randonn\u00e9e \u00e9questre en Laponie su\u00e9doise ? En selle sur nos chevaux, partez \u00e0 la d\u00e9couverte d'un extraordinaire terrain de jeu, en \u00e9t\u00e9 ou en hiver. Au programme de vos aventures de cavalier : chevauch\u00e9es fantastiques dans des paysages \u00e0 couper le souffle et d\u00e9couverte de la faune sauvage.","og_url":"https:\/\/sejourlaponie.com\/index.php\/nos-chevaux\/","og_site_name":"S\u00e9jours nature &amp; Chien de tra\u00eeneau en Su\u00e8de","article_publisher":"https:\/\/www.facebook.com\/Teamrevesetpassion.remycoste","article_modified_time":"2024-03-23T22:55:13+00:00","og_image":[{"width":1200,"height":630,"url":"https:\/\/sejourlaponie.com\/wp-content\/uploads\/2018\/08\/chien-tra\u00eeneau-laponie_attelage-Aur\u00e9lie_1200x630.jpg","type":"image\/jpeg"}],"twitter_card":"summary_large_image","twitter_misc":{"Dur\u00e9e de lecture estim\u00e9e":"3 minutes"},"schema":{"@context":"https:\/\/schema.org","@graph":[{"@type":"WebPage","@id":"https:\/\/sejourlaponie.com\/index.php\/nos-chevaux\/","url":"https:\/\/sejourlaponie.com\/index.php\/nos-chevaux\/","name":"Nos chevaux - S\u00e9jours nature &amp; Chien de tra\u00eeneau en Su\u00e8de","isPartOf":{"@id":"https:\/\/sejourlaponie.com\/#website"},"datePublished":"2018-04-04T21:23:22+00:00","dateModified":"2024-03-23T22:55:13+00:00","description":"Pr\u00eat pour une randonn\u00e9e \u00e9questre en Laponie su\u00e9doise ? En selle sur nos chevaux, partez \u00e0 la d\u00e9couverte d'un extraordinaire terrain de jeu, en \u00e9t\u00e9 ou en hiver. Au programme de vos aventures de cavalier : chevauch\u00e9es fantastiques dans des paysages \u00e0 couper le souffle et d\u00e9couverte de la faune sauvage.","breadcrumb":{"@id":"https:\/\/sejourlaponie.com\/index.php\/nos-chevaux\/#breadcrumb"},"inLanguage":"fr-FR","potentialAction":[{"@type":"ReadAction","target":["https:\/\/sejourlaponie.com\/index.php\/nos-chevaux\/"]}]},{"@type":"BreadcrumbList","@id":"https:\/\/sejourlaponie.com\/index.php\/nos-chevaux\/#breadcrumb","itemListElement":[{"@type":"ListItem","position":1,"name":"Accueil","item":"https:\/\/sejourlaponie.com\/"},{"@type":"ListItem","position":2,"name":"Nos chevaux"}]},{"@type":"WebSite","@id":"https:\/\/sejourlaponie.com\/#website","url":"https:\/\/sejourlaponie.com\/","name":"Chien de tra\u00eeneau et s\u00e9jours nature en Laponie su\u00e9doise","description":"S\u00e9jours chiens de tra\u00eeneau et activit\u00e9s de nature en Laponie su\u00e9doise, hiver et \u00e9t\u00e9.","potentialAction":[{"@type":"SearchAction","target":{"@type":"EntryPoint","urlTemplate":"https:\/\/sejourlaponie.com\/?s={search_term_string}"},"query-input":{"@type":"PropertyValueSpecification","valueRequired":true,"valueName":"search_term_string"}}],"inLanguage":"fr-FR"}]}},"_links":{"self":[{"href":"https:\/\/sejourlaponie.com\/index.php\/wp-json\/wp\/v2\/pages\/351","targetHints":{"allow":["GET"]}}],"collection":[{"href":"https:\/\/sejourlaponie.com\/index.php\/wp-json\/wp\/v2\/pages"}],"about":[{"href":"https:\/\/sejourlaponie.com\/index.php\/wp-json\/wp\/v2\/types\/page"}],"author":[{"embeddable":true,"href":"https:\/\/sejourlaponie.com\/index.php\/wp-json\/wp\/v2\/users\/1"}],"replies":[{"embeddable":true,"href":"https:\/\/sejourlaponie.com\/index.php\/wp-json\/wp\/v2\/comments?post=351"}],"version-history":[{"count":13,"href":"https:\/\/sejourlaponie.com\/index.php\/wp-json\/wp\/v2\/pages\/351\/revisions"}],"predecessor-version":[{"id":14845,"href":"https:\/\/sejourlaponie.com\/index.php\/wp-json\/wp\/v2\/pages\/351\/revisions\/14845"}],"wp:attachment":[{"href":"https:\/\/sejourlaponie.com\/index.php\/wp-json\/wp\/v2\/media?parent=351"}],"curies":[{"name":"wp","href":"https:\/\/api.w.org\/{rel}","templated":true}]}}