{"id":349,"date":"2018-04-04T23:22:45","date_gmt":"2018-04-04T21:22:45","guid":{"rendered":"https:\/\/www.sejour-laponie.com\/?page_id=349"},"modified":"2024-03-23T23:55:13","modified_gmt":"2024-03-23T22:55:13","slug":"nos-chiens-de-traineau","status":"publish","type":"page","link":"https:\/\/sejourlaponie.com\/index.php\/nos-chiens-de-traineau\/","title":{"rendered":"Nos chiens de tra\u00eeneau"},"content":{"rendered":"<p>[et_pb_section fb_built=\u00a0\u00bb1&Prime; _builder_version=\u00a0\u00bb3.22&Prime; custom_padding=\u00a0\u00bb30px|0px|0|0px\u00a0\u00bb][et_pb_row _builder_version=\u00a0\u00bb3.25&Prime; background_size=\u00a0\u00bbinitial\u00a0\u00bb background_position=\u00a0\u00bbtop_left\u00a0\u00bb background_repeat=\u00a0\u00bbrepeat\u00a0\u00bb custom_padding=\u00a0\u00bb0|0px|0|0px\u00a0\u00bb][et_pb_column type=\u00a0\u00bb4_4&Prime; _builder_version=\u00a0\u00bb3.25&Prime; custom_padding=\u00a0\u00bb|||\u00a0\u00bb custom_padding__hover=\u00a0\u00bb|||\u00a0\u00bb][et_pb_text _builder_version=\u00a0\u00bb3.27.4&Prime; header_font=\u00a0\u00bbSpectral|700|||||||\u00a0\u00bb header_text_color=\u00a0\u00bb#0038a7&Prime; header_2_font=\u00a0\u00bbSpectral||||||||\u00a0\u00bb header_2_text_color=\u00a0\u00bb#000000&Prime; header_2_font_size=\u00a0\u00bb22px\u00a0\u00bb header_2_line_height=\u00a0\u00bb1.2em\u00a0\u00bb]<\/p>\n<h1>Nos chiens de tra\u00eeneau : des \u00ab athl\u00e8tes \u00bb entra\u00een\u00e9s pour les courses d\u2019attelages<\/h1>\n<h2 style=\"text-align: center;\">Notre Team est compos\u00e9e de 35 Scandinavian Hounds, n\u00e9s \u00e0 la maison.<br \/>Cette race est issue de croisements entre des Alaskans Huskies et des chiens de chasse <br \/>(pointer, braque Allemand, greyster).<br \/>Ce sont des chiens faits pour la course de sprint (20km), de mid-distance (42km) et qui, bien entra\u00een\u00e9s, peuvent m\u00eame effectuer des \u00e9tapes bien plus longues (certaines \u00e9tapes de <a href=\"http:\/\/www.grandeodyssee.com\/fr\/index.html\" target=\"_blank\" rel=\"noopener noreferrer\"><span style=\"text-decoration: underline;\">La Grande Odyss\u00e9es Savoie Mont-Blanc<\/span><\/a> atteignent les 55 km).<\/h2>\n<p>[\/et_pb_text][\/et_pb_column][\/et_pb_row][et_pb_row column_structure=\u00a0\u00bb1_2,1_2&Prime; _builder_version=\u00a0\u00bb3.25&Prime;][et_pb_column type=\u00a0\u00bb1_2&Prime; _builder_version=\u00a0\u00bb3.25&Prime; custom_padding=\u00a0\u00bb|||\u00a0\u00bb custom_padding__hover=\u00a0\u00bb|||\u00a0\u00bb][et_pb_image src=\u00a0\u00bbhttp:\/\/sejourlaponie.com\/wp-content\/uploads\/2018\/04\/sejour-chien-traineau-laponie-chalet-nos-chiens-de-tra\u00eeneau-510&#215;600.jpg\u00a0\u00bb alt=\u00a0\u00bbNos chiens, les fid\u00e8les compagnons d&rsquo;un s\u00e9jour chien de tra\u00eeneau\u00a0\u00bb align_tablet=\u00a0\u00bbcenter\u00a0\u00bb align_phone=\u00a0\u00bb\u00a0\u00bb align_last_edited=\u00a0\u00bbon|desktop\u00a0\u00bb _builder_version=\u00a0\u00bb3.23&Prime;]&nbsp;<br \/>\n[\/et_pb_image][\/et_pb_column][et_pb_column type=\u00a0\u00bb1_2&Prime; _builder_version=\u00a0\u00bb3.25&Prime; custom_padding=\u00a0\u00bb|||\u00a0\u00bb custom_padding__hover=\u00a0\u00bb|||\u00a0\u00bb][et_pb_text _builder_version=\u00a0\u00bb3.27.4&Prime; text_font=\u00a0\u00bbRoboto|300|||||||\u00a0\u00bb text_text_color=\u00a0\u00bb#000000&Prime; header_font=\u00a0\u00bbRoboto||||||||\u00a0\u00bb header_2_font=\u00a0\u00bbSpectral||||||||\u00a0\u00bb header_2_text_color=\u00a0\u00bb#000000&Prime; header_2_font_size=\u00a0\u00bb22px\u00a0\u00bb header_3_font=\u00a0\u00bbRoboto||||||||\u00a0\u00bb header_3_text_color=\u00a0\u00bb#000000&Prime; header_3_font_size=\u00a0\u00bb20px\u00a0\u00bb]<\/p>\n<p>Nos chiens sont de vrais <strong>athl\u00e8tes<\/strong>, ils ont particip\u00e9 \u00e0 de nombreuses <strong>courses<\/strong> et ont notamment remport\u00e9 :<\/p>\n<ul>\n<li>Un titre de<strong> Champion d&rsquo;Europe 2020<\/strong><\/li>\n<li>3 titres de <strong>champion<\/strong> <strong>de<\/strong> <strong>France<\/strong> de <strong>mid-distance<\/strong><\/li>\n<li>Plusieurs titres de <strong>vice<\/strong> <strong>champion<\/strong> <strong>du monde<\/strong> et d\u2019<strong>Europe<\/strong> de <strong>mid-distance<\/strong><strong><\/strong><\/li>\n<li>2 <strong>victoires<\/strong> sur la <a href=\"http:\/\/www.lekkarod.com\/fr\/home\/\" target=\"_blank\" rel=\"noopener noreferrer\"><strong>Lekkarod<\/strong><\/a> (course \u00e0 \u00e9tapes dans les Alpes fran\u00e7aises) sur deux participations 2015 et 2016<\/li>\n<li>Et surtout 8<strong> podiums<\/strong> dont <strong>quatre<\/strong> <strong>victoires<\/strong> en 2016, 2018, 2019 et 2020 sur <a href=\"http:\/\/www.grandeodyssee.com\/fr\/index.html\" target=\"_blank\" rel=\"noopener noreferrer\"><strong>La<\/strong> <strong>Grande<\/strong> <strong>Odyss\u00e9e<\/strong> <strong>Savoie<\/strong> <strong>Mont-Blanc<\/strong><\/a>.<\/li>\n<li>Un <strong>podium<\/strong> sur la <span style=\"color: #0b40c4;\"><strong>Norway-Trail<\/strong><\/span> en 2020<\/li>\n<\/ul>\n<p>En tant qu\u2019athl\u00e8tes, ils suivent un <strong>programme<\/strong> d\u2019<strong>entra\u00eenement<\/strong> d\u00e9fini selon les objectifs de course de la saison et contr\u00f4l\u00e9s par un entraineur de trail et un entraineur de canicross.<\/p>\n<ul>\n<li>L\u2019hiver : entrainements en tra\u00eeneaux et en moto-neige en contr\u00f4lant la vitesse moyenne des sorties et les distances parcourues.<\/li>\n<li>L\u2019\u00e9t\u00e9 : les entra\u00eenements se font en quad et en VTT pour travailler la vitesse et l\u2019endurance, en cano\u00eb pour travailler la puissance. A cette saison, nous travaillons aussi l\u2019\u00e9ducation des chiens et des chiots ! Tous les entra\u00eenements servent \u00e0 mettre en place des exercices : marche au pied en groupe, jeux, manipulation des chiens. Les chiots, qui ont quelques semaines, sont sociabilis\u00e9s en ville et en jouant avec les adultes. Nous les manipulons et jouons avec eux plusieurs fois par jour d\u00e8s leur naissance.<\/li>\n<\/ul>\n<p>[\/et_pb_text][\/et_pb_column][\/et_pb_row][\/et_pb_section][et_pb_section fb_built=\u00a0\u00bb1&Prime; _builder_version=\u00a0\u00bb4.4.3&Prime; custom_padding=\u00a0\u00bb0px||0px|||\u00a0\u00bb][et_pb_row _builder_version=\u00a0\u00bb4.4.3&Prime; hover_enabled=\u00a0\u00bb0&Prime;][et_pb_column _builder_version=\u00a0\u00bb4.4.3&Prime; type=\u00a0\u00bb4_4&Prime;][et_pb_text _builder_version=\u00a0\u00bb4.4.3&Prime; hover_enabled=\u00a0\u00bb0&Prime;]<\/p>\n<p style=\"text-align: center;\">Nous avons choisi ce type de chiens pour leur <strong>vitesse<\/strong>, leur <strong>performance<\/strong> et pour leur <strong>caract\u00e8re<\/strong>, ce sont des chiens tr\u00e8s <strong>proches<\/strong> <strong>de<\/strong> <strong>l\u2019homme<\/strong>. Ils sont vifs, joueurs et aussi amusants qu&rsquo;int\u00e9ressant \u00e0 observer en groupe !<span color=\"#D5DADE\"><\/span><\/p>\n<p style=\"text-align: center;\"><span color=\"#D5DADE\"><strong>L&rsquo;\u00e9ducation<\/strong> de nos chiens est tr\u00e8s\u00a0importante, nous les voulons <strong>calmes<\/strong> en competitions, a l&rsquo;attelage et pendant les repas. Pour travailler cela nous passons beaucoup de temps avec eux.<br \/> En tant <strong>qu&rsquo;athl\u00e8tes<\/strong>\u00a0ils sont suivis de pr\u00e8s\u00a0au niveau de l&rsquo;alimentation quantit\u00e9, qualit\u00e9, compl\u00e9ments alimentaires&#8230;<br \/> Aur\u00e9lie, qui effectue une formation <strong>d&rsquo;ost\u00e9opathe<\/strong>\u00a0<strong>v\u00e9t\u00e9rinaire,<\/strong> suit de pr\u00e8s leur forme physique et leur apporte des soins r\u00e9guliers. Pour l&rsquo;aider nous faisons venir deux fois par ans un ost\u00e9opathe\u00a0de France pour contr\u00f4ler tous les animaux.<\/span><\/p>\n<p>[\/et_pb_text][\/et_pb_column][\/et_pb_row][\/et_pb_section][et_pb_section fb_built=\u00a0\u00bb1&Prime; _builder_version=\u00a0\u00bb3.22&Prime; custom_padding=\u00a0\u00bb0|0px|30px|0px\u00a0\u00bb][et_pb_row _builder_version=\u00a0\u00bb3.25&Prime; custom_padding=\u00a0\u00bb0|0px|0|0px\u00a0\u00bb][et_pb_column type=\u00a0\u00bb4_4&Prime; _builder_version=\u00a0\u00bb3.25&Prime; custom_padding=\u00a0\u00bb|||\u00a0\u00bb custom_padding__hover=\u00a0\u00bb|||\u00a0\u00bb][et_pb_text _builder_version=\u00a0\u00bb3.27.4&Prime; text_font=\u00a0\u00bbRoboto|300|||||||\u00a0\u00bb text_text_color=\u00a0\u00bb#000000&Prime; header_font=\u00a0\u00bb||||||||\u00a0\u00bb header_2_font=\u00a0\u00bbSpectral||||||||\u00a0\u00bb header_2_font_size=\u00a0\u00bb22px\u00a0\u00bb]<\/p>\n<h2 style=\"text-align: center;\">Nos chiens de tra\u00eeneau sont adorables&#8230; faites connaissance avec eux !<\/h2>\n<p style=\"text-align: center;\"><em>Cliquez sur l&rsquo;image agrandir la photo<\/em><\/p>\n<p>[\/et_pb_text][et_pb_gallery gallery_ids=\u00a0\u00bb700,693,702,694,703,704,695,699,698,696,697,701&Prime; gallery_captions=\u00a0\u00bb,,,,,,,,,,,\u00a0\u00bb posts_number=\u00a0\u00bb16&Prime; show_pagination=\u00a0\u00bboff\u00a0\u00bb hover_icon=\u00a0\u00bb%%186%%\u00a0\u00bb _builder_version=\u00a0\u00bb3.1.1&Prime; title_font=\u00a0\u00bbRoboto|300|||||||\u00a0\u00bb title_text_color=\u00a0\u00bb#000000&Prime; title_font_size=\u00a0\u00bb14px\u00a0\u00bb title_line_height=\u00a0\u00bb1.3em\u00a0\u00bb caption_font=\u00a0\u00bbRoboto|300|||||||\u00a0\u00bb caption_text_align=\u00a0\u00bbcenter\u00a0\u00bb caption_font_size=\u00a0\u00bb12px\u00a0\u00bb pagination_font=\u00a0\u00bbRoboto||||||||\u00a0\u00bb parallax=\u00a0\u00bbon\u00a0\u00bb text_orientation=\u00a0\u00bbcenter\u00a0\u00bb border_color_all_image=\u00a0\u00bbrgba(255,255,255,0)\u00a0\u00bb]&nbsp;<br \/>\n[\/et_pb_gallery][\/et_pb_column][\/et_pb_row][\/et_pb_section]<\/p>\n","protected":false},"excerpt":{"rendered":"<p>Nos chiens de tra\u00eeneau : des \u00ab athl\u00e8tes \u00bb entra\u00een\u00e9s pour les courses d\u2019attelages Notre Team est compos\u00e9e de 35 Scandinavian Hounds, n\u00e9s \u00e0 la maison.Cette race est issue de croisements entre des Alaskans Huskies et des chiens de chasse (pointer, braque Allemand, greyster).Ce sont des chiens faits pour la course de sprint (20km), de [&hellip;]<\/p>\n","protected":false},"author":1,"featured_media":0,"parent":0,"menu_order":0,"comment_status":"closed","ping_status":"closed","template":"","meta":{"_et_pb_use_builder":"on","_et_pb_old_content":"","_et_gb_content_width":"","footnotes":""},"class_list":["post-349","page","type-page","status-publish","hentry"],"yoast_head":"<!-- This site is optimized with the Yoast SEO plugin v25.9 - https:\/\/yoast.com\/wordpress\/plugins\/seo\/ -->\n<title>Nos chiens de tra\u00eeneau - S\u00e9jours nature &amp; Chien de tra\u00eeneau en Su\u00e8de<\/title>\n<meta name=\"description\" content=\"Nos chiens sont des \u00ab athl\u00e8tes \u00bb entra\u00een\u00e9s pour les courses d\u2019attelages : des Scandinavian Hounds, n\u00e9s \u00e0 la maison. Cette race est issue de croisements entre des Alaskans Huskies et des chiens de chasse (pointer, braque Allemand, greyster). Ils seront vos meilleurs compagnons de votre s\u00e9jour chien de tra\u00eeneau. Wouf !\" \/>\n<meta name=\"robots\" content=\"index, follow, max-snippet:-1, max-image-preview:large, max-video-preview:-1\" \/>\n<link rel=\"canonical\" href=\"https:\/\/sejourlaponie.com\/index.php\/nos-chiens-de-traineau\/\" \/>\n<meta property=\"og:locale\" content=\"fr_FR\" \/>\n<meta property=\"og:type\" content=\"article\" \/>\n<meta property=\"og:title\" content=\"Nos chiens de tra\u00eeneau - S\u00e9jours nature &amp; Chien de tra\u00eeneau en Su\u00e8de\" \/>\n<meta property=\"og:description\" content=\"Nos chiens sont des \u00ab athl\u00e8tes \u00bb entra\u00een\u00e9s pour les courses d\u2019attelages : des Scandinavian Hounds, n\u00e9s \u00e0 la maison. Cette race est issue de croisements entre des Alaskans Huskies et des chiens de chasse (pointer, braque Allemand, greyster). Ils seront vos meilleurs compagnons de votre s\u00e9jour chien de tra\u00eeneau. Wouf !\" \/>\n<meta property=\"og:url\" content=\"https:\/\/sejourlaponie.com\/index.php\/nos-chiens-de-traineau\/\" \/>\n<meta property=\"og:site_name\" content=\"S\u00e9jours nature &amp; Chien de tra\u00eeneau en Su\u00e8de\" \/>\n<meta property=\"article:publisher\" content=\"https:\/\/www.facebook.com\/Teamrevesetpassion.remycoste\" \/>\n<meta property=\"article:modified_time\" content=\"2024-03-23T22:55:13+00:00\" \/>\n<meta property=\"og:image\" content=\"https:\/\/sejourlaponie.com\/wp-content\/uploads\/2018\/08\/chien-tra\u00eeneau-laponie_attelage-Aur\u00e9lie_1200x630.jpg\" \/>\n\t<meta property=\"og:image:width\" content=\"1200\" \/>\n\t<meta property=\"og:image:height\" content=\"630\" \/>\n\t<meta property=\"og:image:type\" content=\"image\/jpeg\" \/>\n<meta name=\"twitter:card\" content=\"summary_large_image\" \/>\n<meta name=\"twitter:label1\" content=\"Dur\u00e9e de lecture estim\u00e9e\" \/>\n\t<meta name=\"twitter:data1\" content=\"4 minutes\" \/>\n<script type=\"application\/ld+json\" class=\"yoast-schema-graph\">{\"@context\":\"https:\/\/schema.org\",\"@graph\":[{\"@type\":\"WebPage\",\"@id\":\"https:\/\/sejourlaponie.com\/index.php\/nos-chiens-de-traineau\/\",\"url\":\"https:\/\/sejourlaponie.com\/index.php\/nos-chiens-de-traineau\/\",\"name\":\"Nos chiens de tra\u00eeneau - S\u00e9jours nature &amp; Chien de tra\u00eeneau en Su\u00e8de\",\"isPartOf\":{\"@id\":\"https:\/\/sejourlaponie.com\/#website\"},\"datePublished\":\"2018-04-04T21:22:45+00:00\",\"dateModified\":\"2024-03-23T22:55:13+00:00\",\"description\":\"Nos chiens sont des \u00ab athl\u00e8tes \u00bb entra\u00een\u00e9s pour les courses d\u2019attelages : des Scandinavian Hounds, n\u00e9s \u00e0 la maison. Cette race est issue de croisements entre des Alaskans Huskies et des chiens de chasse (pointer, braque Allemand, greyster). Ils seront vos meilleurs compagnons de votre s\u00e9jour chien de tra\u00eeneau. Wouf !\",\"breadcrumb\":{\"@id\":\"https:\/\/sejourlaponie.com\/index.php\/nos-chiens-de-traineau\/#breadcrumb\"},\"inLanguage\":\"fr-FR\",\"potentialAction\":[{\"@type\":\"ReadAction\",\"target\":[\"https:\/\/sejourlaponie.com\/index.php\/nos-chiens-de-traineau\/\"]}]},{\"@type\":\"BreadcrumbList\",\"@id\":\"https:\/\/sejourlaponie.com\/index.php\/nos-chiens-de-traineau\/#breadcrumb\",\"itemListElement\":[{\"@type\":\"ListItem\",\"position\":1,\"name\":\"Accueil\",\"item\":\"https:\/\/sejourlaponie.com\/\"},{\"@type\":\"ListItem\",\"position\":2,\"name\":\"Nos chiens de tra\u00eeneau\"}]},{\"@type\":\"WebSite\",\"@id\":\"https:\/\/sejourlaponie.com\/#website\",\"url\":\"https:\/\/sejourlaponie.com\/\",\"name\":\"Chien de tra\u00eeneau et s\u00e9jours nature en Laponie su\u00e9doise\",\"description\":\"S\u00e9jours chiens de tra\u00eeneau et activit\u00e9s de nature en Laponie su\u00e9doise, hiver et \u00e9t\u00e9.\",\"potentialAction\":[{\"@type\":\"SearchAction\",\"target\":{\"@type\":\"EntryPoint\",\"urlTemplate\":\"https:\/\/sejourlaponie.com\/?s={search_term_string}\"},\"query-input\":{\"@type\":\"PropertyValueSpecification\",\"valueRequired\":true,\"valueName\":\"search_term_string\"}}],\"inLanguage\":\"fr-FR\"}]}<\/script>\n<!-- \/ Yoast SEO plugin. -->","yoast_head_json":{"title":"Nos chiens de tra\u00eeneau - S\u00e9jours nature &amp; Chien de tra\u00eeneau en Su\u00e8de","description":"Nos chiens sont des \u00ab athl\u00e8tes \u00bb entra\u00een\u00e9s pour les courses d\u2019attelages : des Scandinavian Hounds, n\u00e9s \u00e0 la maison. Cette race est issue de croisements entre des Alaskans Huskies et des chiens de chasse (pointer, braque Allemand, greyster). Ils seront vos meilleurs compagnons de votre s\u00e9jour chien de tra\u00eeneau. Wouf !","robots":{"index":"index","follow":"follow","max-snippet":"max-snippet:-1","max-image-preview":"max-image-preview:large","max-video-preview":"max-video-preview:-1"},"canonical":"https:\/\/sejourlaponie.com\/index.php\/nos-chiens-de-traineau\/","og_locale":"fr_FR","og_type":"article","og_title":"Nos chiens de tra\u00eeneau - S\u00e9jours nature &amp; Chien de tra\u00eeneau en Su\u00e8de","og_description":"Nos chiens sont des \u00ab athl\u00e8tes \u00bb entra\u00een\u00e9s pour les courses d\u2019attelages : des Scandinavian Hounds, n\u00e9s \u00e0 la maison. Cette race est issue de croisements entre des Alaskans Huskies et des chiens de chasse (pointer, braque Allemand, greyster). Ils seront vos meilleurs compagnons de votre s\u00e9jour chien de tra\u00eeneau. Wouf !","og_url":"https:\/\/sejourlaponie.com\/index.php\/nos-chiens-de-traineau\/","og_site_name":"S\u00e9jours nature &amp; Chien de tra\u00eeneau en Su\u00e8de","article_publisher":"https:\/\/www.facebook.com\/Teamrevesetpassion.remycoste","article_modified_time":"2024-03-23T22:55:13+00:00","og_image":[{"width":1200,"height":630,"url":"https:\/\/sejourlaponie.com\/wp-content\/uploads\/2018\/08\/chien-tra\u00eeneau-laponie_attelage-Aur\u00e9lie_1200x630.jpg","type":"image\/jpeg"}],"twitter_card":"summary_large_image","twitter_misc":{"Dur\u00e9e de lecture estim\u00e9e":"4 minutes"},"schema":{"@context":"https:\/\/schema.org","@graph":[{"@type":"WebPage","@id":"https:\/\/sejourlaponie.com\/index.php\/nos-chiens-de-traineau\/","url":"https:\/\/sejourlaponie.com\/index.php\/nos-chiens-de-traineau\/","name":"Nos chiens de tra\u00eeneau - S\u00e9jours nature &amp; Chien de tra\u00eeneau en Su\u00e8de","isPartOf":{"@id":"https:\/\/sejourlaponie.com\/#website"},"datePublished":"2018-04-04T21:22:45+00:00","dateModified":"2024-03-23T22:55:13+00:00","description":"Nos chiens sont des \u00ab athl\u00e8tes \u00bb entra\u00een\u00e9s pour les courses d\u2019attelages : des Scandinavian Hounds, n\u00e9s \u00e0 la maison. Cette race est issue de croisements entre des Alaskans Huskies et des chiens de chasse (pointer, braque Allemand, greyster). Ils seront vos meilleurs compagnons de votre s\u00e9jour chien de tra\u00eeneau. Wouf !","breadcrumb":{"@id":"https:\/\/sejourlaponie.com\/index.php\/nos-chiens-de-traineau\/#breadcrumb"},"inLanguage":"fr-FR","potentialAction":[{"@type":"ReadAction","target":["https:\/\/sejourlaponie.com\/index.php\/nos-chiens-de-traineau\/"]}]},{"@type":"BreadcrumbList","@id":"https:\/\/sejourlaponie.com\/index.php\/nos-chiens-de-traineau\/#breadcrumb","itemListElement":[{"@type":"ListItem","position":1,"name":"Accueil","item":"https:\/\/sejourlaponie.com\/"},{"@type":"ListItem","position":2,"name":"Nos chiens de tra\u00eeneau"}]},{"@type":"WebSite","@id":"https:\/\/sejourlaponie.com\/#website","url":"https:\/\/sejourlaponie.com\/","name":"Chien de tra\u00eeneau et s\u00e9jours nature en Laponie su\u00e9doise","description":"S\u00e9jours chiens de tra\u00eeneau et activit\u00e9s de nature en Laponie su\u00e9doise, hiver et \u00e9t\u00e9.","potentialAction":[{"@type":"SearchAction","target":{"@type":"EntryPoint","urlTemplate":"https:\/\/sejourlaponie.com\/?s={search_term_string}"},"query-input":{"@type":"PropertyValueSpecification","valueRequired":true,"valueName":"search_term_string"}}],"inLanguage":"fr-FR"}]}},"_links":{"self":[{"href":"https:\/\/sejourlaponie.com\/index.php\/wp-json\/wp\/v2\/pages\/349","targetHints":{"allow":["GET"]}}],"collection":[{"href":"https:\/\/sejourlaponie.com\/index.php\/wp-json\/wp\/v2\/pages"}],"about":[{"href":"https:\/\/sejourlaponie.com\/index.php\/wp-json\/wp\/v2\/types\/page"}],"author":[{"embeddable":true,"href":"https:\/\/sejourlaponie.com\/index.php\/wp-json\/wp\/v2\/users\/1"}],"replies":[{"embeddable":true,"href":"https:\/\/sejourlaponie.com\/index.php\/wp-json\/wp\/v2\/comments?post=349"}],"version-history":[{"count":17,"href":"https:\/\/sejourlaponie.com\/index.php\/wp-json\/wp\/v2\/pages\/349\/revisions"}],"predecessor-version":[{"id":3497,"href":"https:\/\/sejourlaponie.com\/index.php\/wp-json\/wp\/v2\/pages\/349\/revisions\/3497"}],"wp:attachment":[{"href":"https:\/\/sejourlaponie.com\/index.php\/wp-json\/wp\/v2\/media?parent=349"}],"curies":[{"name":"wp","href":"https:\/\/api.w.org\/{rel}","templated":true}]}}