{"id":347,"date":"2018-04-04T23:22:29","date_gmt":"2018-04-04T21:22:29","guid":{"rendered":"https:\/\/www.sejour-laponie.com\/?page_id=347"},"modified":"2024-03-23T23:55:10","modified_gmt":"2024-03-23T22:55:10","slug":"la-laponie-suedoise","status":"publish","type":"page","link":"https:\/\/sejourlaponie.com\/index.php\/la-laponie-suedoise\/","title":{"rendered":"La Laponie su\u00e9doise"},"content":{"rendered":"<p>[et_pb_section fb_built=\u00a0\u00bb1&Prime; _builder_version=\u00a0\u00bb3.2&Prime; background_image=\u00a0\u00bbhttp:\/\/sejourlaponie.com\/wp-content\/uploads\/2018\/04\/sejour-chien-traineau-laponie-chez-nous-fond_1920x1440.jpg\u00a0\u00bb parallax=\u00a0\u00bbon\u00a0\u00bb custom_padding=\u00a0\u00bb20px|20px|20px|20px\u00a0\u00bb][et_pb_row custom_padding=\u00a0\u00bb21px|0px|0|0px\u00a0\u00bb _builder_version=\u00a0\u00bb3.1.1&Prime; background_color=\u00a0\u00bbrgba(255,255,255,0.81)\u00a0\u00bb background_size=\u00a0\u00bbinitial\u00a0\u00bb background_position=\u00a0\u00bbtop_left\u00a0\u00bb background_repeat=\u00a0\u00bbrepeat\u00a0\u00bb][et_pb_column type=\u00a0\u00bb4_4&Prime; _builder_version=\u00a0\u00bb3.0.106&Prime; parallax=\u00a0\u00bboff\u00a0\u00bb parallax_method=\u00a0\u00bbon\u00a0\u00bb][et_pb_text _builder_version=\u00a0\u00bb3.2&Prime; text_font=\u00a0\u00bb||||||||\u00a0\u00bb text_text_color=\u00a0\u00bb#000000&Prime; header_font=\u00a0\u00bbSpectral|700|||||||\u00a0\u00bb header_text_color=\u00a0\u00bb#000000&Prime; header_2_font=\u00a0\u00bbSpectral||||||||\u00a0\u00bb header_2_text_color=\u00a0\u00bb#000000&Prime; header_2_font_size=\u00a0\u00bb22px\u00a0\u00bb header_2_line_height=\u00a0\u00bb1.2em\u00a0\u00bb background_layout=\u00a0\u00bbdark\u00a0\u00bb custom_padding=\u00a0\u00bb0px|20px|0px|20px|true|true\u00a0\u00bb]<\/p>\n<h1><\/h1>\n<h1><span style=\"color: #0038a7;\">La Laponie su\u00e9doise : laissez-vous \u00e9merveiller&#8230;<\/span><\/h1>\n<h2>Avez-vous d\u00e9j\u00e0 entendu parler de la terre des aurores bor\u00e9ales et du soleil de minuit ?<br \/>\nD\u2019une r\u00e9gion o\u00f9 il peut faire -30\u00b0C l\u2019hiver et +30\u00b0C l\u2019\u00e9t\u00e9 ?<br \/>\nLe pays qui a vu na\u00eetre le groupe ABBA est aussi un pays de rennes, d\u2019\u00e9lans, de lacs gel\u00e9s, de for\u00eats, d\u2019\u00e9tendues sauvages et pr\u00e9serv\u00e9es.<\/h2>\n<p>[\/et_pb_text][\/et_pb_column][\/et_pb_row][et_pb_row _builder_version=\u00a0\u00bb3.1.1&Prime; background_color=\u00a0\u00bbrgba(255,255,255,0.81)\u00a0\u00bb][et_pb_column type=\u00a0\u00bb4_4&Prime; _builder_version=\u00a0\u00bb3.0.106&Prime; parallax=\u00a0\u00bboff\u00a0\u00bb parallax_method=\u00a0\u00bbon\u00a0\u00bb][et_pb_text _builder_version=\u00a0\u00bb3.2&Prime; text_font=\u00a0\u00bbRoboto|300|||||||\u00a0\u00bb text_text_color=\u00a0\u00bb#000000&Prime; header_font=\u00a0\u00bbRoboto||||||||\u00a0\u00bb header_2_font=\u00a0\u00bbSpectral||||||||\u00a0\u00bb header_2_text_color=\u00a0\u00bb#000000&Prime; header_2_font_size=\u00a0\u00bb22px\u00a0\u00bb header_3_font=\u00a0\u00bbRoboto||||||||\u00a0\u00bb header_3_text_color=\u00a0\u00bb#000000&Prime; header_3_font_size=\u00a0\u00bb20px\u00a0\u00bb background_layout=\u00a0\u00bbdark\u00a0\u00bb custom_padding=\u00a0\u00bb20px|20px|20px|20px|true|true\u00a0\u00bb]<\/p>\n<p>Vous voil\u00e0 en <strong>Laponie su\u00e9doise<\/strong>, la terre originaire des <strong>Same<\/strong>, une r\u00e9gion de 110 000km2 couvrant le <strong>Nord<\/strong> de la <strong>Su\u00e8de<\/strong>.<br \/>\nSon paysage se compose de <strong>lacs<\/strong>, de <strong>rivi\u00e8res <\/strong>et de <strong>for\u00eats<\/strong>, une r\u00e9gion calme et paisible, id\u00e9ale pour se ressourcer en toute saison.<\/p>\n<p>La meilleure p\u00e9riode pour s\u2019y rendre ? Tout d\u00e9pend de ce que vous souhaitez faire !<\/p>\n<p>La p\u00e9riode id\u00e9ale pour observer des <strong>aurores<\/strong> <strong>bor\u00e9ales<\/strong> est l\u2019<strong>hiver<\/strong>, entre novembre et mars.<br \/>\nC\u2019est aussi le meilleur moment pour profiter de tout un large \u00e9ventail d\u2019activit\u00e9s hivernales.<br \/>\nBien que l&rsquo;obscurit\u00e9 soit plus pr\u00e9sente, la <strong>neige<\/strong> <strong>abondante<\/strong> r\u00e9fl\u00e9chit la lumi\u00e8re et \u00e9claire les courtes journ\u00e9es.<\/p>\n<p>En <strong>\u00e9t\u00e9<\/strong>, la <strong>Laponie<\/strong> se transforme en paradis de randonn\u00e9e et d\u2019activit\u00e9s en plein air.<br \/>\nTout est accessible pendant les <strong>longues<\/strong> <strong>journ\u00e9es<\/strong> <strong>estivales<\/strong> : <strong>cano\u00eb<\/strong> sur les rivi\u00e8res, <strong>v\u00e9lo<\/strong>, <strong>randonn\u00e9e<\/strong> en for\u00eats\u2026<br \/>\nLa Laponie offre un large \u00e9ventail d\u2019activit\u00e9s incroyables.<\/p>\n<p>Nous vivons en <strong>pleine<\/strong> <strong>nature<\/strong> au c\u0153ur de la Laponie su\u00e9doise.<br \/>\nC&rsquo;est \u00e0 <strong>\u00c4lgb\u00e4ck<\/strong>, un lieu-dit au milieu de la for\u00eat compos\u00e9 de notre maison uniquement !<br \/>\nLe g\u00eete se situe dans les bois, \u00e0 proximit\u00e9 d&rsquo;une rivi\u00e8re et de nombreux lacs, qui offrent de <strong>magnifiques<\/strong> <strong>paysages<\/strong> et attirent de nombreux <strong>animaux<\/strong> <strong>sauvages<\/strong>.<br \/>\nIl est ainsi fr\u00e9quent de croiser <strong>\u00e9lans<\/strong>, <strong>rennes<\/strong>, <strong>lapins<\/strong>, <strong>castors<\/strong> ou m\u00eame des <strong>ours<\/strong> pendant les balades !<\/p>\n<p>Le g\u00eete est situ\u00e9 \u00e0 40 km de <strong>Lycksele.<\/strong><br \/>\nLes commerces les plus proches se trouvent dans cette ville o\u00f9 vous pouvez passer une journ\u00e9e, s\u2019il vous le souhaitez, pour visiter le zoo pr\u00e9sentant la faune locale, ou le mus\u00e9e.<\/p>\n<p>[\/et_pb_text][\/et_pb_column][\/et_pb_row][et_pb_row custom_padding=\u00a0\u00bb12px|0px|13px|0px|false|false\u00a0\u00bb _builder_version=\u00a0\u00bb3.2&Prime;][et_pb_column type=\u00a0\u00bb4_4&Prime; _builder_version=\u00a0\u00bb3.2&Prime; parallax=\u00a0\u00bboff\u00a0\u00bb parallax_method=\u00a0\u00bbon\u00a0\u00bb][et_pb_button button_url=\u00a0\u00bbhttp:\/\/sejourlaponie.com\/index.php\/contact-reservation\/\u00a0\u00bb url_new_window=\u00a0\u00bbon\u00a0\u00bb button_text=\u00a0\u00bbR\u00c9SERVER VOTRE S\u00c9JOUR MAINTENANT\u00a0\u00bb button_alignment=\u00a0\u00bbcenter\u00a0\u00bb _builder_version=\u00a0\u00bb3.0.106&Prime; custom_button=\u00a0\u00bbon\u00a0\u00bb button_text_color=\u00a0\u00bb#ffffff\u00a0\u00bb button_bg_color=\u00a0\u00bb#0038a7&Prime; button_font=\u00a0\u00bb||||||||\u00a0\u00bb][\/et_pb_button][\/et_pb_column][\/et_pb_row][\/et_pb_section]<\/p>\n","protected":false},"excerpt":{"rendered":"<p>La Laponie su\u00e9doise : laissez-vous \u00e9merveiller&#8230; Avez-vous d\u00e9j\u00e0 entendu parler de la terre des aurores bor\u00e9ales et du soleil de minuit ? D\u2019une r\u00e9gion o\u00f9 il peut faire -30\u00b0C l\u2019hiver et +30\u00b0C l\u2019\u00e9t\u00e9 ? Le pays qui a vu na\u00eetre le groupe ABBA est aussi un pays de rennes, d\u2019\u00e9lans, de lacs gel\u00e9s, de for\u00eats, [&hellip;]<\/p>\n","protected":false},"author":1,"featured_media":0,"parent":0,"menu_order":0,"comment_status":"closed","ping_status":"closed","template":"","meta":{"_et_pb_use_builder":"on","_et_pb_old_content":"","_et_gb_content_width":"","footnotes":""},"class_list":["post-347","page","type-page","status-publish","hentry"],"yoast_head":"<!-- This site is optimized with the Yoast SEO plugin v25.9 - https:\/\/yoast.com\/wordpress\/plugins\/seo\/ -->\n<title>La Laponie su\u00e9doise - S\u00e9jours nature &amp; Chien de tra\u00eeneau en Su\u00e8de<\/title>\n<meta name=\"description\" content=\"Le pays qui a vu na\u00eetre le groupe ABBA est aussi un pays de rennes, d\u2019\u00e9lans, de lacs gel\u00e9s, de for\u00eats, d\u2019\u00e9tendues sauvages et pr\u00e9serv\u00e9es. Nous vous proposons un merveilleux s\u00e9jour nature en Su\u00e8de en hiver ou en \u00e9t\u00e9 : chien de tra\u00eeneau, randonn\u00e9es \u00e0 cheval ou en cano\u00eb... Venez chez nous pour d\u00e9couvrir ce territoire !\" \/>\n<meta name=\"robots\" content=\"index, follow, max-snippet:-1, max-image-preview:large, max-video-preview:-1\" \/>\n<link rel=\"canonical\" href=\"https:\/\/sejourlaponie.com\/index.php\/la-laponie-suedoise\/\" \/>\n<meta property=\"og:locale\" content=\"fr_FR\" \/>\n<meta property=\"og:type\" content=\"article\" \/>\n<meta property=\"og:title\" content=\"La Laponie su\u00e9doise - S\u00e9jours nature &amp; Chien de tra\u00eeneau en Su\u00e8de\" \/>\n<meta property=\"og:description\" content=\"Le pays qui a vu na\u00eetre le groupe ABBA est aussi un pays de rennes, d\u2019\u00e9lans, de lacs gel\u00e9s, de for\u00eats, d\u2019\u00e9tendues sauvages et pr\u00e9serv\u00e9es. Nous vous proposons un merveilleux s\u00e9jour nature en Su\u00e8de en hiver ou en \u00e9t\u00e9 : chien de tra\u00eeneau, randonn\u00e9es \u00e0 cheval ou en cano\u00eb... Venez chez nous pour d\u00e9couvrir ce territoire !\" \/>\n<meta property=\"og:url\" content=\"https:\/\/sejourlaponie.com\/index.php\/la-laponie-suedoise\/\" \/>\n<meta property=\"og:site_name\" content=\"S\u00e9jours nature &amp; Chien de tra\u00eeneau en Su\u00e8de\" \/>\n<meta property=\"article:publisher\" content=\"https:\/\/www.facebook.com\/Teamrevesetpassion.remycoste\" \/>\n<meta property=\"article:modified_time\" content=\"2024-03-23T22:55:10+00:00\" \/>\n<meta property=\"og:image\" content=\"https:\/\/sejourlaponie.com\/wp-content\/uploads\/2018\/08\/chien-tra\u00eeneau-laponie_attelage-Aur\u00e9lie_1200x630.jpg\" \/>\n\t<meta property=\"og:image:width\" content=\"1200\" \/>\n\t<meta property=\"og:image:height\" content=\"630\" \/>\n\t<meta property=\"og:image:type\" content=\"image\/jpeg\" \/>\n<meta name=\"twitter:card\" content=\"summary_large_image\" \/>\n<meta name=\"twitter:label1\" content=\"Dur\u00e9e de lecture estim\u00e9e\" \/>\n\t<meta name=\"twitter:data1\" content=\"3 minutes\" \/>\n<script type=\"application\/ld+json\" class=\"yoast-schema-graph\">{\"@context\":\"https:\/\/schema.org\",\"@graph\":[{\"@type\":\"WebPage\",\"@id\":\"https:\/\/sejourlaponie.com\/index.php\/la-laponie-suedoise\/\",\"url\":\"https:\/\/sejourlaponie.com\/index.php\/la-laponie-suedoise\/\",\"name\":\"La Laponie su\u00e9doise - S\u00e9jours nature &amp; Chien de tra\u00eeneau en Su\u00e8de\",\"isPartOf\":{\"@id\":\"https:\/\/sejourlaponie.com\/#website\"},\"datePublished\":\"2018-04-04T21:22:29+00:00\",\"dateModified\":\"2024-03-23T22:55:10+00:00\",\"description\":\"Le pays qui a vu na\u00eetre le groupe ABBA est aussi un pays de rennes, d\u2019\u00e9lans, de lacs gel\u00e9s, de for\u00eats, d\u2019\u00e9tendues sauvages et pr\u00e9serv\u00e9es. Nous vous proposons un merveilleux s\u00e9jour nature en Su\u00e8de en hiver ou en \u00e9t\u00e9 : chien de tra\u00eeneau, randonn\u00e9es \u00e0 cheval ou en cano\u00eb... Venez chez nous pour d\u00e9couvrir ce territoire !\",\"breadcrumb\":{\"@id\":\"https:\/\/sejourlaponie.com\/index.php\/la-laponie-suedoise\/#breadcrumb\"},\"inLanguage\":\"fr-FR\",\"potentialAction\":[{\"@type\":\"ReadAction\",\"target\":[\"https:\/\/sejourlaponie.com\/index.php\/la-laponie-suedoise\/\"]}]},{\"@type\":\"BreadcrumbList\",\"@id\":\"https:\/\/sejourlaponie.com\/index.php\/la-laponie-suedoise\/#breadcrumb\",\"itemListElement\":[{\"@type\":\"ListItem\",\"position\":1,\"name\":\"Accueil\",\"item\":\"https:\/\/sejourlaponie.com\/\"},{\"@type\":\"ListItem\",\"position\":2,\"name\":\"La Laponie su\u00e9doise\"}]},{\"@type\":\"WebSite\",\"@id\":\"https:\/\/sejourlaponie.com\/#website\",\"url\":\"https:\/\/sejourlaponie.com\/\",\"name\":\"Chien de tra\u00eeneau et s\u00e9jours nature en Laponie su\u00e9doise\",\"description\":\"S\u00e9jours chiens de tra\u00eeneau et activit\u00e9s de nature en Laponie su\u00e9doise, hiver et \u00e9t\u00e9.\",\"potentialAction\":[{\"@type\":\"SearchAction\",\"target\":{\"@type\":\"EntryPoint\",\"urlTemplate\":\"https:\/\/sejourlaponie.com\/?s={search_term_string}\"},\"query-input\":{\"@type\":\"PropertyValueSpecification\",\"valueRequired\":true,\"valueName\":\"search_term_string\"}}],\"inLanguage\":\"fr-FR\"}]}<\/script>\n<!-- \/ Yoast SEO plugin. -->","yoast_head_json":{"title":"La Laponie su\u00e9doise - S\u00e9jours nature &amp; Chien de tra\u00eeneau en Su\u00e8de","description":"Le pays qui a vu na\u00eetre le groupe ABBA est aussi un pays de rennes, d\u2019\u00e9lans, de lacs gel\u00e9s, de for\u00eats, d\u2019\u00e9tendues sauvages et pr\u00e9serv\u00e9es. Nous vous proposons un merveilleux s\u00e9jour nature en Su\u00e8de en hiver ou en \u00e9t\u00e9 : chien de tra\u00eeneau, randonn\u00e9es \u00e0 cheval ou en cano\u00eb... Venez chez nous pour d\u00e9couvrir ce territoire !","robots":{"index":"index","follow":"follow","max-snippet":"max-snippet:-1","max-image-preview":"max-image-preview:large","max-video-preview":"max-video-preview:-1"},"canonical":"https:\/\/sejourlaponie.com\/index.php\/la-laponie-suedoise\/","og_locale":"fr_FR","og_type":"article","og_title":"La Laponie su\u00e9doise - S\u00e9jours nature &amp; Chien de tra\u00eeneau en Su\u00e8de","og_description":"Le pays qui a vu na\u00eetre le groupe ABBA est aussi un pays de rennes, d\u2019\u00e9lans, de lacs gel\u00e9s, de for\u00eats, d\u2019\u00e9tendues sauvages et pr\u00e9serv\u00e9es. Nous vous proposons un merveilleux s\u00e9jour nature en Su\u00e8de en hiver ou en \u00e9t\u00e9 : chien de tra\u00eeneau, randonn\u00e9es \u00e0 cheval ou en cano\u00eb... Venez chez nous pour d\u00e9couvrir ce territoire !","og_url":"https:\/\/sejourlaponie.com\/index.php\/la-laponie-suedoise\/","og_site_name":"S\u00e9jours nature &amp; Chien de tra\u00eeneau en Su\u00e8de","article_publisher":"https:\/\/www.facebook.com\/Teamrevesetpassion.remycoste","article_modified_time":"2024-03-23T22:55:10+00:00","og_image":[{"width":1200,"height":630,"url":"https:\/\/sejourlaponie.com\/wp-content\/uploads\/2018\/08\/chien-tra\u00eeneau-laponie_attelage-Aur\u00e9lie_1200x630.jpg","type":"image\/jpeg"}],"twitter_card":"summary_large_image","twitter_misc":{"Dur\u00e9e de lecture estim\u00e9e":"3 minutes"},"schema":{"@context":"https:\/\/schema.org","@graph":[{"@type":"WebPage","@id":"https:\/\/sejourlaponie.com\/index.php\/la-laponie-suedoise\/","url":"https:\/\/sejourlaponie.com\/index.php\/la-laponie-suedoise\/","name":"La Laponie su\u00e9doise - S\u00e9jours nature &amp; Chien de tra\u00eeneau en Su\u00e8de","isPartOf":{"@id":"https:\/\/sejourlaponie.com\/#website"},"datePublished":"2018-04-04T21:22:29+00:00","dateModified":"2024-03-23T22:55:10+00:00","description":"Le pays qui a vu na\u00eetre le groupe ABBA est aussi un pays de rennes, d\u2019\u00e9lans, de lacs gel\u00e9s, de for\u00eats, d\u2019\u00e9tendues sauvages et pr\u00e9serv\u00e9es. Nous vous proposons un merveilleux s\u00e9jour nature en Su\u00e8de en hiver ou en \u00e9t\u00e9 : chien de tra\u00eeneau, randonn\u00e9es \u00e0 cheval ou en cano\u00eb... Venez chez nous pour d\u00e9couvrir ce territoire !","breadcrumb":{"@id":"https:\/\/sejourlaponie.com\/index.php\/la-laponie-suedoise\/#breadcrumb"},"inLanguage":"fr-FR","potentialAction":[{"@type":"ReadAction","target":["https:\/\/sejourlaponie.com\/index.php\/la-laponie-suedoise\/"]}]},{"@type":"BreadcrumbList","@id":"https:\/\/sejourlaponie.com\/index.php\/la-laponie-suedoise\/#breadcrumb","itemListElement":[{"@type":"ListItem","position":1,"name":"Accueil","item":"https:\/\/sejourlaponie.com\/"},{"@type":"ListItem","position":2,"name":"La Laponie su\u00e9doise"}]},{"@type":"WebSite","@id":"https:\/\/sejourlaponie.com\/#website","url":"https:\/\/sejourlaponie.com\/","name":"Chien de tra\u00eeneau et s\u00e9jours nature en Laponie su\u00e9doise","description":"S\u00e9jours chiens de tra\u00eeneau et activit\u00e9s de nature en Laponie su\u00e9doise, hiver et \u00e9t\u00e9.","potentialAction":[{"@type":"SearchAction","target":{"@type":"EntryPoint","urlTemplate":"https:\/\/sejourlaponie.com\/?s={search_term_string}"},"query-input":{"@type":"PropertyValueSpecification","valueRequired":true,"valueName":"search_term_string"}}],"inLanguage":"fr-FR"}]}},"_links":{"self":[{"href":"https:\/\/sejourlaponie.com\/index.php\/wp-json\/wp\/v2\/pages\/347","targetHints":{"allow":["GET"]}}],"collection":[{"href":"https:\/\/sejourlaponie.com\/index.php\/wp-json\/wp\/v2\/pages"}],"about":[{"href":"https:\/\/sejourlaponie.com\/index.php\/wp-json\/wp\/v2\/types\/page"}],"author":[{"embeddable":true,"href":"https:\/\/sejourlaponie.com\/index.php\/wp-json\/wp\/v2\/users\/1"}],"replies":[{"embeddable":true,"href":"https:\/\/sejourlaponie.com\/index.php\/wp-json\/wp\/v2\/comments?post=347"}],"version-history":[{"count":28,"href":"https:\/\/sejourlaponie.com\/index.php\/wp-json\/wp\/v2\/pages\/347\/revisions"}],"predecessor-version":[{"id":1155,"href":"https:\/\/sejourlaponie.com\/index.php\/wp-json\/wp\/v2\/pages\/347\/revisions\/1155"}],"wp:attachment":[{"href":"https:\/\/sejourlaponie.com\/index.php\/wp-json\/wp\/v2\/media?parent=347"}],"curies":[{"name":"wp","href":"https:\/\/api.w.org\/{rel}","templated":true}]}}