{"id":345,"date":"2018-04-04T23:22:00","date_gmt":"2018-04-04T21:22:00","guid":{"rendered":"https:\/\/www.sejour-laponie.com\/?page_id=345"},"modified":"2023-08-12T10:56:15","modified_gmt":"2023-08-12T08:56:15","slug":"vos-hotes-et-guides","status":"publish","type":"page","link":"https:\/\/sejourlaponie.com\/index.php\/vos-hotes-et-guides\/","title":{"rendered":"Vos h\u00f4tes et guides"},"content":{"rendered":"<p>[et_pb_section fb_built=\u00a0\u00bb1&Prime; _builder_version=\u00a0\u00bb4.16&Prime; custom_padding=\u00a0\u00bb30px|0px|3px|0px\u00a0\u00bb global_colors_info=\u00a0\u00bb{}\u00a0\u00bb][et_pb_row _builder_version=\u00a0\u00bb4.16&Prime; background_size=\u00a0\u00bbinitial\u00a0\u00bb background_position=\u00a0\u00bbtop_left\u00a0\u00bb background_repeat=\u00a0\u00bbrepeat\u00a0\u00bb global_colors_info=\u00a0\u00bb{}\u00a0\u00bb column_structure=\u00a0\u00bb1_2,1_2&Prime;][et_pb_column type=\u00a0\u00bb1_2&Prime; _builder_version=\u00a0\u00bb4.16&Prime; custom_padding=\u00a0\u00bb|||\u00a0\u00bb global_colors_info=\u00a0\u00bb{}\u00a0\u00bb custom_padding__hover=\u00a0\u00bb|||\u00a0\u00bb][et_pb_image src=\u00a0\u00bbhttp:\/\/sejourlaponie.com\/wp-content\/uploads\/2018\/04\/sejour-chien-traineau-laponie-remy-et-aurelie-header-510&#215;510.jpg\u00a0\u00bb alt=\u00a0\u00bbR\u00e9my et Aur\u00e9lie devant leur base avant le d\u00e9part pour en raid chien de tra\u00eeneau Laponie\u00a0\u00bb align_tablet=\u00a0\u00bbcenter\u00a0\u00bb align_last_edited=\u00a0\u00bbon|desktop\u00a0\u00bb _builder_version=\u00a0\u00bb4.16&Prime; global_colors_info=\u00a0\u00bb{}\u00a0\u00bb align_phone=\u00a0\u00bbcenter\u00a0\u00bb][\/et_pb_image][\/et_pb_column][et_pb_column type=\u00a0\u00bb1_2&Prime; _builder_version=\u00a0\u00bb4.16&Prime; custom_padding=\u00a0\u00bb|||\u00a0\u00bb global_colors_info=\u00a0\u00bb{}\u00a0\u00bb custom_padding__hover=\u00a0\u00bb|||\u00a0\u00bb][et_pb_text _builder_version=\u00a0\u00bb4.16&Prime; text_font=\u00a0\u00bb||||||||\u00a0\u00bb header_font=\u00a0\u00bbSpectral|700|||||||\u00a0\u00bb header_text_color=\u00a0\u00bb#0038a7&Prime; header_2_font=\u00a0\u00bbSpectral||||||||\u00a0\u00bb header_2_text_color=\u00a0\u00bb#000000&Prime; header_2_font_size=\u00a0\u00bb22px\u00a0\u00bb header_2_line_height=\u00a0\u00bb1.2em\u00a0\u00bb global_colors_info=\u00a0\u00bb{}\u00a0\u00bb]<\/p>\n<h1>Aur\u00e9lie &amp; R\u00e9my<br \/>\n&#8211; les habitants des lieux &#8211;<br \/>\nsont vos h\u00f4tes et vos guides<\/h1>\n<h2>Lorsque nous avons d\u00e9cid\u00e9 de nous installer en Laponie su\u00e9doise, c\u2019\u00e9tait pour vivre au plus pr\u00e8s de la nature sauvage, de notre passion des chiens de tra\u00eeneau et des chevaux, de notre go\u00fbt pour la d\u00e9couverte et les contr\u00e9es lointaines\u2026<\/h2>\n<h2>Ici, \u00e0 \u00c4lgb\u00e4ck, on se sent dans notre \u00e9l\u00e9ment.<\/h2>\n<h2>Nous souhaitons vous accueillir dans ce cadre privil\u00e9gi\u00e9 pour vous faire d\u00e9couvrir cette magnifique r\u00e9gion au rythme de notre aventure\u2026<br \/>\n&#8230;et vous d\u00e9voiler certains de nos secrets !<\/h2>\n<p>[\/et_pb_text][et_pb_button button_url=\u00a0\u00bbhttp:\/\/sejourlaponie.com\/index.php\/contact-reservation\/\u00a0\u00bb url_new_window=\u00a0\u00bbon\u00a0\u00bb button_text=\u00a0\u00bbR\u00c9SERVER VOTRE S\u00c9JOUR MAINTENANT\u00a0\u00bb button_alignment=\u00a0\u00bbcenter\u00a0\u00bb _builder_version=\u00a0\u00bb4.16&Prime; custom_button=\u00a0\u00bbon\u00a0\u00bb button_text_color=\u00a0\u00bb#ffffff\u00a0\u00bb button_bg_color=\u00a0\u00bb#0038a7&Prime; button_font=\u00a0\u00bbSpectral||||||||\u00a0\u00bb global_colors_info=\u00a0\u00bb{}\u00a0\u00bb button_text_size__hover_enabled=\u00a0\u00bboff\u00a0\u00bb button_one_text_size__hover_enabled=\u00a0\u00bboff\u00a0\u00bb button_two_text_size__hover_enabled=\u00a0\u00bboff\u00a0\u00bb button_text_color__hover_enabled=\u00a0\u00bboff\u00a0\u00bb button_one_text_color__hover_enabled=\u00a0\u00bboff\u00a0\u00bb button_two_text_color__hover_enabled=\u00a0\u00bboff\u00a0\u00bb button_border_width__hover_enabled=\u00a0\u00bboff\u00a0\u00bb button_one_border_width__hover_enabled=\u00a0\u00bboff\u00a0\u00bb button_two_border_width__hover_enabled=\u00a0\u00bboff\u00a0\u00bb button_border_color__hover_enabled=\u00a0\u00bboff\u00a0\u00bb button_one_border_color__hover_enabled=\u00a0\u00bboff\u00a0\u00bb button_two_border_color__hover_enabled=\u00a0\u00bboff\u00a0\u00bb button_border_radius__hover_enabled=\u00a0\u00bboff\u00a0\u00bb button_one_border_radius__hover_enabled=\u00a0\u00bboff\u00a0\u00bb button_two_border_radius__hover_enabled=\u00a0\u00bboff\u00a0\u00bb button_letter_spacing__hover_enabled=\u00a0\u00bboff\u00a0\u00bb button_one_letter_spacing__hover_enabled=\u00a0\u00bboff\u00a0\u00bb button_two_letter_spacing__hover_enabled=\u00a0\u00bboff\u00a0\u00bb button_bg_color__hover_enabled=\u00a0\u00bboff\u00a0\u00bb button_one_bg_color__hover_enabled=\u00a0\u00bboff\u00a0\u00bb button_two_bg_color__hover_enabled=\u00a0\u00bboff\u00a0\u00bb][\/et_pb_button][\/et_pb_column][\/et_pb_row][\/et_pb_section][et_pb_section fb_built=\u00a0\u00bb1&Prime; _builder_version=\u00a0\u00bb4.16&Prime; custom_padding=\u00a0\u00bb0|0px|30px|0px\u00a0\u00bb global_colors_info=\u00a0\u00bb{}\u00a0\u00bb][et_pb_row _builder_version=\u00a0\u00bb4.16&Prime; global_colors_info=\u00a0\u00bb{}\u00a0\u00bb][et_pb_column type=\u00a0\u00bb4_4&Prime; _builder_version=\u00a0\u00bb4.16&Prime; custom_padding=\u00a0\u00bb|||\u00a0\u00bb global_colors_info=\u00a0\u00bb{}\u00a0\u00bb custom_padding__hover=\u00a0\u00bb|||\u00a0\u00bb][et_pb_testimonial author=\u00a0\u00bbAur\u00e9lie\u00a0\u00bb job_title=\u00a0\u00bbLa \u00ab v\u00e9to \u00bb tomb\u00e9e amoureuse des chiens de tra\u00eeneau\u00a0\u00bb portrait_url=\u00a0\u00bbhttp:\/\/sejourlaponie.com\/wp-content\/uploads\/2018\/05\/sejour-chien-traineau-laponie-aurelie_150x150.jpg\u00a0\u00bb quote_icon_color=\u00a0\u00bb#ffffff\u00a0\u00bb quote_icon_background_color=\u00a0\u00bb#d81e05&Prime; _builder_version=\u00a0\u00bb4.16&Prime; body_font=\u00a0\u00bbRoboto|300|||||||\u00a0\u00bb body_text_color=\u00a0\u00bb#000000&Prime; body_font_size=\u00a0\u00bb16px\u00a0\u00bb background_color=\u00a0\u00bbrgba(216,30,5,0.06)\u00a0\u00bb global_colors_info=\u00a0\u00bb{}\u00a0\u00bb]Docteur v\u00e9t\u00e9rinaire form\u00e9e en France, je suis donc passionn\u00e9e des chiens et des chevaux depuis toute petite.<br \/>\nPendant mes \u00e9tudes, j\u2019ai aussi pris le temps de voyager \u00e0 travers le monde. C&rsquo;est alors ce qui m\u2019a ouvert les yeux sur la vie que je voulais mener : au grand air, dans les r\u00e9gions sauvage et avec des animaux.<br \/>\nTr\u00e8s sportive et aimant les activit\u00e9s en plein air, j\u2019ai ainsi toujours vu le chien de traineau comme un r\u00eave qui allierait : activit\u00e9 sportive, nature et relation incroyable avec les chiens.<br \/>\nLorsque j\u2019ai eu une premi\u00e8re exp\u00e9rience dans cet univers en int\u00e9grant l\u2019\u00e9quipe v\u00e9t\u00e9rinaire de <a href=\"http:\/\/www.grandeodyssee.com\/fr\/index.html\" target=\"_blank\" rel=\"noopener\">La Grande Odyss\u00e9e Savoie Mont-Blanc<\/a>, j\u2019ai \u00e9t\u00e9 tellement conquise par ce monde que je ne l\u2019ai jamais quitt\u00e9 !<br \/>\nJe m\u2019occupe maintenant de <a href=\"http:\/\/sejourlaponie.com\/index.php\/nos-chiens-de-traineau\/\" target=\"_blank\" rel=\"noopener\">nos chiens<\/a> au niveau des soins v\u00e9t\u00e9rinaires (soins, ost\u00e9opathie, massages), de la nutrition, de l\u2019\u00e9ducation, de la g\u00e9n\u00e9tique\u2026<br \/>\nEnfin, pour moi, faire du chien de tra\u00eeneau, c\u2019est partager une exp\u00e9rience inoubliable avec des athl\u00e8tes tr\u00e8s affectueux !<br \/>\n[\/et_pb_testimonial][\/et_pb_column][\/et_pb_row][et_pb_row _builder_version=\u00a0\u00bb4.16&Prime; global_colors_info=\u00a0\u00bb{}\u00a0\u00bb][et_pb_column type=\u00a0\u00bb4_4&Prime; _builder_version=\u00a0\u00bb4.16&Prime; custom_padding=\u00a0\u00bb|||\u00a0\u00bb global_colors_info=\u00a0\u00bb{}\u00a0\u00bb custom_padding__hover=\u00a0\u00bb|||\u00a0\u00bb][et_pb_testimonial author=\u00a0\u00bbR\u00e9my\u00a0\u00bb job_title=\u00a0\u00bbLe musher et la passion de l\u2019excellence\u00a0\u00bb portrait_url=\u00a0\u00bbhttp:\/\/sejourlaponie.com\/wp-content\/uploads\/2018\/04\/sejour-chien-traineau-laponie-remy-et-aurelie-remy-150&#215;150.jpg\u00a0\u00bb quote_icon_color=\u00a0\u00bb#ffffff\u00a0\u00bb quote_icon_background_color=\u00a0\u00bb#0038a7&Prime; _builder_version=\u00a0\u00bb4.16&Prime; body_font=\u00a0\u00bbRoboto|300|||||||\u00a0\u00bb body_text_color=\u00a0\u00bb#000000&Prime; body_font_size=\u00a0\u00bb16px\u00a0\u00bb background_color=\u00a0\u00bbrgba(0,56,167,0.18)\u00a0\u00bb global_colors_info=\u00a0\u00bb{}\u00a0\u00bb]Meilleur Ouvrier de France en boulangerie, ann\u00e9e 2000, je suis aussi passionn\u00e9 de sports, d\u2019aventure et de grands espaces vierges.<br \/>\nApr\u00e8s 20 ans \u00e0 partager mon amour du \u00ab bon pain \u00bb, je d\u00e9couvre l\u2019univers du mushing pendant un s\u00e9jour au Canada et je d\u00e9cide de changer de vie. Je deviens ainsi accompagnateur en montagne, moniteur VTT et musher (conducteur de chiens de tra\u00eeneau).<br \/>\nD\u00e9tenteur d\u2019un Dipl\u00f4me d\u2019Etat, j\u2019aime partager ma passion du chien de tra\u00eeneau que je pratique depuis plus de 12 ans. J\u2019ai d\u00e9but\u00e9 ma carri\u00e8re de musher professionnel avec des malamutes pour ensuite me diriger vers la comp\u00e9tition avec des alaskans. Je me concentre maintenant sur mes scandinavian hounds qui repr\u00e9sentent pour moi l\u2019\u00e9quilibre parfait pour avoir des chiens rapides et tr\u00e8s attachants. Je suis un comp\u00e9titeur n\u00e9 mais je sais \u00eatre tr\u00e8s patient et j\u2019adore enseigner et partager ma passion avec vous !<br \/>\n[\/et_pb_testimonial][et_pb_testimonial author=\u00a0\u00bbFr\u00e9d\u00e9ric\u00a0\u00bb portrait_url=\u00a0\u00bbhttp:\/\/sejourlaponie.com\/wp-content\/uploads\/2023\/08\/profile.png\u00a0\u00bb quote_icon_color=\u00a0\u00bb#ffffff\u00a0\u00bb quote_icon_background_color=\u00a0\u00bb#d81e05&Prime; _builder_version=\u00a0\u00bb4.22.0&Prime; body_font=\u00a0\u00bbRoboto|300|||||||\u00a0\u00bb body_text_color=\u00a0\u00bb#000000&Prime; body_font_size=\u00a0\u00bb16px\u00a0\u00bb background_color=\u00a0\u00bbrgba(216,30,5,0.06)\u00a0\u00bb hover_enabled=\u00a0\u00bb0&Prime; global_colors_info=\u00a0\u00bb{}\u00a0\u00bb sticky_enabled=\u00a0\u00bb0&Prime; title_text=\u00a0\u00bbprofile\u00a0\u00bb]<\/p>\n<div class=\"page\" title=\"Page 1\">\n<div class=\"section\">\n<div class=\"layoutArea\">\n<div class=\"column\">\n<p><span>Passionne\u0301 de chiens et de sports de montagne depuis son plus jeune a\u0302ge, Fre\u0301de\u0301ric de\u0301veloppe sa passion en inte\u0301grant l\u2019e\u0301cole militaire de haute montagne de Chamonix. A l\u2019issue de sa formation il inte\u0300gre le 27\u00b0 Bataillon de chasseurs alpins au sein duquel il de\u0301veloppe encore ses connaissances de cet environnement magique et exigeant. <\/span><\/p>\n<p><span>La pratique de la montagne et sa volonte\u0301 perpe\u0301tuelle d\u2019apprendre et de transmettre le guident vers l\u2019obtention de nombreuses qualifications et diplo\u0302mes:<br \/>Chef de de\u0301tachement de haute montagne, moniteur raquette, moniteur de ski et de ski alpinisme, moniteur d\u2019escalade. <\/span><\/p>\n<p><span>Sa passion de jeunesse pour le chien le rattrape finalement pour se diriger vers une pratique destine\u0301e a\u0300 la compe\u0301tition et a\u0300 la performance, il inte\u0300gre apre\u0300s un parcours de\u0301terminant en compe\u0301tition l\u2019e\u0301quipe de France des sports de trai\u0302neau.<br \/>Pour rendre a\u0300 sa fe\u0301de\u0301ration ce qu\u2019elle lui a donne\u0301e, il rejoint ensuite le comite\u0301 directeur aux postes successifs de directeur technique puis directeur ge\u0301ne\u0301ral de la formation pour ensuite occuper le poste de pre\u0301sident. <\/span><\/p>\n<p><span>Sa rencontre et son mariage avec Elsa le plonge a\u0300 nouveau dans le circuit complexe et exigeant de la compe\u0301tition de haut niveau avec un nouveau ro\u0302le, celui d\u2019entraineur. Au sein du team course de notre groupe, il est celui qui construit les protocoles d\u2019entrai\u0302nement, les strate\u0301gies de course et les plans de carrie\u0300re.<br \/>Titulaire du diplo\u0302me d\u2019e\u0301tat perfectionnement sportif dans le domaine de l\u2019attelage canin et pour concre\u0301tiser un parcours de\u0301ja\u0300 tre\u0300s dense, il de\u0301cide a\u0300 pre\u0301sent de mettre a\u0300 votre service sous d\u2019autres cieux ses compe\u0301tences et sa connaissance de son sport dans un environnement de pratique privile\u0301gie\u0301. <\/span><\/p>\n<\/div>\n<\/div>\n<\/div>\n<\/div>\n<p>[\/et_pb_testimonial][et_pb_testimonial author=\u00a0\u00bbElsa\u00a0\u00bb portrait_url=\u00a0\u00bbhttp:\/\/sejourlaponie.com\/wp-content\/uploads\/2023\/08\/profile-2.png\u00a0\u00bb quote_icon_color=\u00a0\u00bb#ffffff\u00a0\u00bb quote_icon_background_color=\u00a0\u00bb#0038a7&Prime; _builder_version=\u00a0\u00bb4.22.0&Prime; body_font=\u00a0\u00bbRoboto|300|||||||\u00a0\u00bb body_text_color=\u00a0\u00bb#000000&Prime; body_font_size=\u00a0\u00bb16px\u00a0\u00bb background_color=\u00a0\u00bbrgba(0,56,167,0.18)\u00a0\u00bb hover_enabled=\u00a0\u00bb0&Prime; global_colors_info=\u00a0\u00bb{}\u00a0\u00bb title_text=\u00a0\u00bbprofile (2)\u00a0\u00bb sticky_enabled=\u00a0\u00bb0&Prime;]<\/p>\n<div class=\"page\" title=\"Page 1\">\n<div class=\"section\">\n<div class=\"layoutArea\">\n<div class=\"column\">\n<p><span>Technicienne de laboratoire de formation, Elsa est elle-aussi passionne\u0301e de chien et de compe\u0301titions depuis son plus jeune a\u0302ge.<br \/>Tre\u0300s to\u0302t elle de\u0301veloppe sa passion des sports de montagne au travers de nombreux se\u0301jours de vacances organise\u0301s ou avec ses parents.<\/p>\n<p>La passion du chien et de la montagne la conduit tre\u0300s vite vers la pratique du traineau a\u0300 chien qu\u2019elle de\u0301veloppe en compe\u0301tition au niveau national.<br \/>Sa volonte\u0301 permanente de progression et de de\u0301veloppement l\u2019ame\u0300ne aux portes de l\u2019Ecole Franc\u0327aise de Mushing vers laquelle elle se tourne pour suivre la formation au Diplo\u0302me d\u2019e\u0301tat d\u2019e\u0301ducateur sportif en attelage canin.<\/p>\n<p>L\u2019obtention de ce diplo\u0302me sera re\u0301ve\u0301lateur de nouvelles ambitions et d\u2019un changement de vie,<br \/>Elsa quitte alors sa Gironde natale pour se tourner vers un nouvel avenir professionnel.<\/p>\n<p>Elle s\u2019installe dans les Alpes pour de\u0301velopper son entreprise et rejoindre finalement celui qui deviendra son mari. De cette rencontre naitra Soline qui aura le plaisir de vous faire de\u0301couvrir son environnement et ses chiens, mais aussi de nombreux autres projets.<\/p>\n<p>Sa rencontre avec Fre\u0301de\u0301ric conduit Elsa vers la pratique de son sport a\u0300 haut niveau, au sein du team course c\u2019est elle a\u0300 pre\u0301sent qui pre\u0301sente nos attelages en compe\u0301tition au niveau international. Elle est plusieurs fois championne de France et actuellement vice-championne du monde.<\/p>\n<p>Apre\u0300s le de\u0301veloppement en France de produits touristiques autour du traineau a\u0300 chiens consacre\u0301s a\u0300 l\u2019accueil de publics grands et petits, Elsa de\u0301cide de mettre a\u0300 pre\u0301sent elle aussi sous d\u2019autres cieux ses compe\u0301tences et sa connaissance de son sport dans un environnement de pratique privile\u0301gie\u0301. <\/span><\/p>\n<\/div>\n<\/div>\n<\/div>\n<\/div>\n<p>[\/et_pb_testimonial][\/et_pb_column][\/et_pb_row][\/et_pb_section]<\/p>\n","protected":false},"excerpt":{"rendered":"<p>Aur\u00e9lie &amp; R\u00e9my &#8211; les habitants des lieux &#8211; sont vos h\u00f4tes et vos guides Lorsque nous avons d\u00e9cid\u00e9 de nous installer en Laponie su\u00e9doise, c\u2019\u00e9tait pour vivre au plus pr\u00e8s de la nature sauvage, de notre passion des chiens de tra\u00eeneau et des chevaux, de notre go\u00fbt pour la d\u00e9couverte et les contr\u00e9es lointaines\u2026 [&hellip;]<\/p>\n","protected":false},"author":1,"featured_media":0,"parent":0,"menu_order":0,"comment_status":"closed","ping_status":"closed","template":"","meta":{"_et_pb_use_builder":"on","_et_pb_old_content":"","_et_gb_content_width":"","footnotes":""},"class_list":["post-345","page","type-page","status-publish","hentry"],"yoast_head":"<!-- This site is optimized with the Yoast SEO plugin v25.9 - https:\/\/yoast.com\/wordpress\/plugins\/seo\/ -->\n<title>Vos h\u00f4tes et guides - S\u00e9jours nature &amp; Chien de tra\u00eeneau en Su\u00e8de<\/title>\n<meta name=\"description\" content=\"Aur\u00e9lie &amp; R\u00e9my - les habitants des lieux - sont vos h\u00f4tes et vos guides pour un raid chien de tra\u00eeneau Laponie ou un s\u00e9jour en \u00e9t\u00e9. &quot;Lorsque nous avons d\u00e9cid\u00e9 de nous installer en Laponie su\u00e9doise, c\u2019\u00e9tait pour vivre au plus pr\u00e8s de la nature sauvage, de notre go\u00fbt pour la d\u00e9couverte et les contr\u00e9es lointaines&quot;.\" \/>\n<meta name=\"robots\" content=\"index, follow, max-snippet:-1, max-image-preview:large, max-video-preview:-1\" \/>\n<link rel=\"canonical\" href=\"https:\/\/sejourlaponie.com\/index.php\/vos-hotes-et-guides\/\" \/>\n<meta property=\"og:locale\" content=\"fr_FR\" \/>\n<meta property=\"og:type\" content=\"article\" \/>\n<meta property=\"og:title\" content=\"Vos h\u00f4tes et guides - S\u00e9jours nature &amp; Chien de tra\u00eeneau en Su\u00e8de\" \/>\n<meta property=\"og:description\" content=\"Aur\u00e9lie &amp; R\u00e9my - les habitants des lieux - sont vos h\u00f4tes et vos guides pour un raid chien de tra\u00eeneau Laponie ou un s\u00e9jour en \u00e9t\u00e9. &quot;Lorsque nous avons d\u00e9cid\u00e9 de nous installer en Laponie su\u00e9doise, c\u2019\u00e9tait pour vivre au plus pr\u00e8s de la nature sauvage, de notre go\u00fbt pour la d\u00e9couverte et les contr\u00e9es lointaines&quot;.\" \/>\n<meta property=\"og:url\" content=\"https:\/\/sejourlaponie.com\/index.php\/vos-hotes-et-guides\/\" \/>\n<meta property=\"og:site_name\" content=\"S\u00e9jours nature &amp; Chien de tra\u00eeneau en Su\u00e8de\" \/>\n<meta property=\"article:publisher\" content=\"https:\/\/www.facebook.com\/Teamrevesetpassion.remycoste\" \/>\n<meta property=\"article:modified_time\" content=\"2023-08-12T08:56:15+00:00\" \/>\n<meta property=\"og:image\" content=\"https:\/\/sejourlaponie.com\/wp-content\/uploads\/2018\/08\/chien-tra\u00eeneau-laponie_attelage-Aur\u00e9lie_1200x630.jpg\" \/>\n\t<meta property=\"og:image:width\" content=\"1200\" \/>\n\t<meta property=\"og:image:height\" content=\"630\" \/>\n\t<meta property=\"og:image:type\" content=\"image\/jpeg\" \/>\n<meta name=\"twitter:card\" content=\"summary_large_image\" \/>\n<meta name=\"twitter:label1\" content=\"Dur\u00e9e de lecture estim\u00e9e\" \/>\n\t<meta name=\"twitter:data1\" content=\"9 minutes\" \/>\n<script type=\"application\/ld+json\" class=\"yoast-schema-graph\">{\"@context\":\"https:\/\/schema.org\",\"@graph\":[{\"@type\":\"WebPage\",\"@id\":\"https:\/\/sejourlaponie.com\/index.php\/vos-hotes-et-guides\/\",\"url\":\"https:\/\/sejourlaponie.com\/index.php\/vos-hotes-et-guides\/\",\"name\":\"Vos h\u00f4tes et guides - S\u00e9jours nature &amp; Chien de tra\u00eeneau en Su\u00e8de\",\"isPartOf\":{\"@id\":\"https:\/\/sejourlaponie.com\/#website\"},\"datePublished\":\"2018-04-04T21:22:00+00:00\",\"dateModified\":\"2023-08-12T08:56:15+00:00\",\"description\":\"Aur\u00e9lie & R\u00e9my - les habitants des lieux - sont vos h\u00f4tes et vos guides pour un raid chien de tra\u00eeneau Laponie ou un s\u00e9jour en \u00e9t\u00e9. \\\"Lorsque nous avons d\u00e9cid\u00e9 de nous installer en Laponie su\u00e9doise, c\u2019\u00e9tait pour vivre au plus pr\u00e8s de la nature sauvage, de notre go\u00fbt pour la d\u00e9couverte et les contr\u00e9es lointaines\\\".\",\"breadcrumb\":{\"@id\":\"https:\/\/sejourlaponie.com\/index.php\/vos-hotes-et-guides\/#breadcrumb\"},\"inLanguage\":\"fr-FR\",\"potentialAction\":[{\"@type\":\"ReadAction\",\"target\":[\"https:\/\/sejourlaponie.com\/index.php\/vos-hotes-et-guides\/\"]}]},{\"@type\":\"BreadcrumbList\",\"@id\":\"https:\/\/sejourlaponie.com\/index.php\/vos-hotes-et-guides\/#breadcrumb\",\"itemListElement\":[{\"@type\":\"ListItem\",\"position\":1,\"name\":\"Accueil\",\"item\":\"https:\/\/sejourlaponie.com\/\"},{\"@type\":\"ListItem\",\"position\":2,\"name\":\"Vos h\u00f4tes et guides\"}]},{\"@type\":\"WebSite\",\"@id\":\"https:\/\/sejourlaponie.com\/#website\",\"url\":\"https:\/\/sejourlaponie.com\/\",\"name\":\"Chien de tra\u00eeneau et s\u00e9jours nature en Laponie su\u00e9doise\",\"description\":\"S\u00e9jours chiens de tra\u00eeneau et activit\u00e9s de nature en Laponie su\u00e9doise, hiver et \u00e9t\u00e9.\",\"potentialAction\":[{\"@type\":\"SearchAction\",\"target\":{\"@type\":\"EntryPoint\",\"urlTemplate\":\"https:\/\/sejourlaponie.com\/?s={search_term_string}\"},\"query-input\":{\"@type\":\"PropertyValueSpecification\",\"valueRequired\":true,\"valueName\":\"search_term_string\"}}],\"inLanguage\":\"fr-FR\"}]}<\/script>\n<!-- \/ Yoast SEO plugin. -->","yoast_head_json":{"title":"Vos h\u00f4tes et guides - S\u00e9jours nature &amp; Chien de tra\u00eeneau en Su\u00e8de","description":"Aur\u00e9lie & R\u00e9my - les habitants des lieux - sont vos h\u00f4tes et vos guides pour un raid chien de tra\u00eeneau Laponie ou un s\u00e9jour en \u00e9t\u00e9. \"Lorsque nous avons d\u00e9cid\u00e9 de nous installer en Laponie su\u00e9doise, c\u2019\u00e9tait pour vivre au plus pr\u00e8s de la nature sauvage, de notre go\u00fbt pour la d\u00e9couverte et les contr\u00e9es lointaines\".","robots":{"index":"index","follow":"follow","max-snippet":"max-snippet:-1","max-image-preview":"max-image-preview:large","max-video-preview":"max-video-preview:-1"},"canonical":"https:\/\/sejourlaponie.com\/index.php\/vos-hotes-et-guides\/","og_locale":"fr_FR","og_type":"article","og_title":"Vos h\u00f4tes et guides - S\u00e9jours nature &amp; Chien de tra\u00eeneau en Su\u00e8de","og_description":"Aur\u00e9lie & R\u00e9my - les habitants des lieux - sont vos h\u00f4tes et vos guides pour un raid chien de tra\u00eeneau Laponie ou un s\u00e9jour en \u00e9t\u00e9. \"Lorsque nous avons d\u00e9cid\u00e9 de nous installer en Laponie su\u00e9doise, c\u2019\u00e9tait pour vivre au plus pr\u00e8s de la nature sauvage, de notre go\u00fbt pour la d\u00e9couverte et les contr\u00e9es lointaines\".","og_url":"https:\/\/sejourlaponie.com\/index.php\/vos-hotes-et-guides\/","og_site_name":"S\u00e9jours nature &amp; Chien de tra\u00eeneau en Su\u00e8de","article_publisher":"https:\/\/www.facebook.com\/Teamrevesetpassion.remycoste","article_modified_time":"2023-08-12T08:56:15+00:00","og_image":[{"width":1200,"height":630,"url":"https:\/\/sejourlaponie.com\/wp-content\/uploads\/2018\/08\/chien-tra\u00eeneau-laponie_attelage-Aur\u00e9lie_1200x630.jpg","type":"image\/jpeg"}],"twitter_card":"summary_large_image","twitter_misc":{"Dur\u00e9e de lecture estim\u00e9e":"9 minutes"},"schema":{"@context":"https:\/\/schema.org","@graph":[{"@type":"WebPage","@id":"https:\/\/sejourlaponie.com\/index.php\/vos-hotes-et-guides\/","url":"https:\/\/sejourlaponie.com\/index.php\/vos-hotes-et-guides\/","name":"Vos h\u00f4tes et guides - S\u00e9jours nature &amp; Chien de tra\u00eeneau en Su\u00e8de","isPartOf":{"@id":"https:\/\/sejourlaponie.com\/#website"},"datePublished":"2018-04-04T21:22:00+00:00","dateModified":"2023-08-12T08:56:15+00:00","description":"Aur\u00e9lie & R\u00e9my - les habitants des lieux - sont vos h\u00f4tes et vos guides pour un raid chien de tra\u00eeneau Laponie ou un s\u00e9jour en \u00e9t\u00e9. \"Lorsque nous avons d\u00e9cid\u00e9 de nous installer en Laponie su\u00e9doise, c\u2019\u00e9tait pour vivre au plus pr\u00e8s de la nature sauvage, de notre go\u00fbt pour la d\u00e9couverte et les contr\u00e9es lointaines\".","breadcrumb":{"@id":"https:\/\/sejourlaponie.com\/index.php\/vos-hotes-et-guides\/#breadcrumb"},"inLanguage":"fr-FR","potentialAction":[{"@type":"ReadAction","target":["https:\/\/sejourlaponie.com\/index.php\/vos-hotes-et-guides\/"]}]},{"@type":"BreadcrumbList","@id":"https:\/\/sejourlaponie.com\/index.php\/vos-hotes-et-guides\/#breadcrumb","itemListElement":[{"@type":"ListItem","position":1,"name":"Accueil","item":"https:\/\/sejourlaponie.com\/"},{"@type":"ListItem","position":2,"name":"Vos h\u00f4tes et guides"}]},{"@type":"WebSite","@id":"https:\/\/sejourlaponie.com\/#website","url":"https:\/\/sejourlaponie.com\/","name":"Chien de tra\u00eeneau et s\u00e9jours nature en Laponie su\u00e9doise","description":"S\u00e9jours chiens de tra\u00eeneau et activit\u00e9s de nature en Laponie su\u00e9doise, hiver et \u00e9t\u00e9.","potentialAction":[{"@type":"SearchAction","target":{"@type":"EntryPoint","urlTemplate":"https:\/\/sejourlaponie.com\/?s={search_term_string}"},"query-input":{"@type":"PropertyValueSpecification","valueRequired":true,"valueName":"search_term_string"}}],"inLanguage":"fr-FR"}]}},"_links":{"self":[{"href":"https:\/\/sejourlaponie.com\/index.php\/wp-json\/wp\/v2\/pages\/345","targetHints":{"allow":["GET"]}}],"collection":[{"href":"https:\/\/sejourlaponie.com\/index.php\/wp-json\/wp\/v2\/pages"}],"about":[{"href":"https:\/\/sejourlaponie.com\/index.php\/wp-json\/wp\/v2\/types\/page"}],"author":[{"embeddable":true,"href":"https:\/\/sejourlaponie.com\/index.php\/wp-json\/wp\/v2\/users\/1"}],"replies":[{"embeddable":true,"href":"https:\/\/sejourlaponie.com\/index.php\/wp-json\/wp\/v2\/comments?post=345"}],"version-history":[{"count":9,"href":"https:\/\/sejourlaponie.com\/index.php\/wp-json\/wp\/v2\/pages\/345\/revisions"}],"predecessor-version":[{"id":14843,"href":"https:\/\/sejourlaponie.com\/index.php\/wp-json\/wp\/v2\/pages\/345\/revisions\/14843"}],"wp:attachment":[{"href":"https:\/\/sejourlaponie.com\/index.php\/wp-json\/wp\/v2\/media?parent=345"}],"curies":[{"name":"wp","href":"https:\/\/api.w.org\/{rel}","templated":true}]}}