{"id":341,"date":"2018-04-04T23:21:18","date_gmt":"2018-04-04T21:21:18","guid":{"rendered":"https:\/\/www.sejour-laponie.com\/?page_id=341"},"modified":"2024-03-23T23:55:10","modified_gmt":"2024-03-23T22:55:10","slug":"infos-pratiques","status":"publish","type":"page","link":"https:\/\/sejourlaponie.com\/index.php\/infos-pratiques\/","title":{"rendered":"Infos pratiques"},"content":{"rendered":"<p>[et_pb_section fb_built=\u00a0\u00bb1&Prime; _builder_version=\u00a0\u00bb3.22.3&Prime; background_image=\u00a0\u00bbhttp:\/\/sejourlaponie.com\/wp-content\/uploads\/2018\/04\/sejour-chien-traineau-laponie-infos-pratiques-fond_1920x1080.jpg\u00a0\u00bb parallax=\u00a0\u00bbon\u00a0\u00bb custom_padding=\u00a0\u00bb30px|0px|30px|0px\u00a0\u00bb][et_pb_row custom_padding=\u00a0\u00bb0|0px|0|0px\u00a0\u00bb _builder_version=\u00a0\u00bb3.25&Prime; background_size=\u00a0\u00bbinitial\u00a0\u00bb background_position=\u00a0\u00bbtop_left\u00a0\u00bb background_repeat=\u00a0\u00bbrepeat\u00a0\u00bb][et_pb_column type=\u00a0\u00bb4_4&Prime; _builder_version=\u00a0\u00bb3.25&Prime; custom_padding=\u00a0\u00bb|||\u00a0\u00bb custom_padding__hover=\u00a0\u00bb|||\u00a0\u00bb][et_pb_text _builder_version=\u00a0\u00bb3.2.2&Prime; header_font=\u00a0\u00bbSpectral|700|||||||\u00a0\u00bb header_text_color=\u00a0\u00bb#0038a7&Prime; header_2_font=\u00a0\u00bbSpectral||||||||\u00a0\u00bb header_2_text_color=\u00a0\u00bb#000000&Prime; header_2_font_size=\u00a0\u00bb22px\u00a0\u00bb header_2_line_height=\u00a0\u00bb1.2em\u00a0\u00bb background_color=\u00a0\u00bbrgba(255,255,255,0.87)\u00a0\u00bb custom_padding=\u00a0\u00bb|20px||20px||true\u00a0\u00bb]<\/p>\n<h1>Infos pratiques<\/h1>\n<h2>Pour profiter \u00e0 100% des <a href=\"http:\/\/sejourlaponie.com\/index.php\/chien-traineau-laponie\/\" target=\"_blank\" rel=\"noopener noreferrer\"><span style=\"text-decoration: underline;\">vacances chien de tra\u00eeneau<\/span><\/a> et <a href=\"http:\/\/sejourlaponie.com\/index.php\/multi-activites-ete\/\" target=\"_blank\" rel=\"noopener noreferrer\"><span style=\"text-decoration: underline;\">s\u00e9jours nature<\/span><\/a> que nous programmons en Laponie su\u00e9doise, voici quelques informations et conseils pratiques.<\/h2>\n<p>[\/et_pb_text][\/et_pb_column][\/et_pb_row][et_pb_row custom_padding=\u00a0\u00bb27px|0px|0|0px|false|false\u00a0\u00bb _builder_version=\u00a0\u00bb3.25&Prime;][et_pb_column type=\u00a0\u00bb4_4&Prime; _builder_version=\u00a0\u00bb3.25&Prime; custom_padding=\u00a0\u00bb|||\u00a0\u00bb custom_padding__hover=\u00a0\u00bb|||\u00a0\u00bb][et_pb_text _builder_version=\u00a0\u00bb3.16.1&Prime; text_font=\u00a0\u00bbRoboto|300|||||||\u00a0\u00bb text_text_color=\u00a0\u00bb#000000&Prime; header_font=\u00a0\u00bbRoboto||||||||\u00a0\u00bb header_2_font=\u00a0\u00bbSpectral||||||||\u00a0\u00bb header_2_text_color=\u00a0\u00bb#000000&Prime; header_2_font_size=\u00a0\u00bb22px\u00a0\u00bb header_3_font=\u00a0\u00bbRoboto||||||||\u00a0\u00bb header_3_text_color=\u00a0\u00bb#000000&Prime; header_3_font_size=\u00a0\u00bb20px\u00a0\u00bb background_color=\u00a0\u00bbrgba(255,255,255,0.87)\u00a0\u00bb custom_padding=\u00a0\u00bb20px|20px|20px|20px||true\u00a0\u00bb]<\/p>\n<h2>Vous venez chez nous en hiver ?<\/h2>\n<p>Pour passer de belles <a href=\"http:\/\/sejourlaponie.com\/index.php\/chien-de-traineau\/\" target=\"_blank\" rel=\"noopener noreferrer\"><span style=\"text-decoration: underline;\"><strong>vacances chien de traineau<\/strong> <strong>en Laponie<\/strong><\/span><\/a>, un \u00e9quipement adapt\u00e9 aux temp\u00e9ratures allant de 0\u00b0C \u00e0 &#8211;<strong>30\u00b0C<\/strong> est conseill\u00e9. Voici donc comment bien se couvrir !<\/p>\n<ul>\n<li>Nous mettons \u00e0 votre disposition un manteau et des bottes \u00ab grand froid \u00bb. Vous devez cependant apporter une tenue adapt\u00e9e pour faire du ski par temps froid<\/li>\n<li>Combinaison<\/li>\n<li>Sous couche chaude<\/li>\n<li>Polaire<\/li>\n<li>Bonnet, gants chauds, \u00e9charpe et couvre cou.<\/li>\n<li>Des paires de chaussettes d&rsquo;hiver<\/li>\n<li>Des apr\u00e8s-ski<\/li>\n<li>Une lampe frontale et des piles de rechange car le froid d\u00e9charge rapidement les batteries<\/li>\n<li>Un masque de ski et des lunettes de soleil haute protection<\/li>\n<li>Vos affaires de piscines pour le sauna et le bain nordique ( maillot de bain)<\/li>\n<li>\u2026Et sans oublier le plein de bonne humeur \ud83d\ude04 !<\/li>\n<\/ul>\n<p>[\/et_pb_text][\/et_pb_column][\/et_pb_row][et_pb_row custom_padding=\u00a0\u00bb0|0px|27px|0px|false|false\u00a0\u00bb _builder_version=\u00a0\u00bb3.25&Prime;][et_pb_column type=\u00a0\u00bb4_4&Prime; _builder_version=\u00a0\u00bb3.25&Prime; custom_padding=\u00a0\u00bb|||\u00a0\u00bb custom_padding__hover=\u00a0\u00bb|||\u00a0\u00bb][et_pb_text _builder_version=\u00a0\u00bb3.16.1&Prime; text_font=\u00a0\u00bbRoboto|300|||||||\u00a0\u00bb text_text_color=\u00a0\u00bb#000000&Prime; header_font=\u00a0\u00bbRoboto||||||||\u00a0\u00bb header_2_font=\u00a0\u00bbSpectral||||||||\u00a0\u00bb header_2_text_color=\u00a0\u00bb#000000&Prime; header_2_font_size=\u00a0\u00bb22px\u00a0\u00bb header_3_font=\u00a0\u00bbRoboto||||||||\u00a0\u00bb header_3_text_color=\u00a0\u00bb#000000&Prime; header_3_font_size=\u00a0\u00bb20px\u00a0\u00bb background_color=\u00a0\u00bbrgba(255,255,255,0.87)\u00a0\u00bb custom_padding=\u00a0\u00bb0px|20px|20px|20px|false|true\u00a0\u00bb]<\/p>\n<h2>Vous venez en Su\u00e8de en \u00e9t\u00e9 ?<\/h2>\n<p>En \u00e9t\u00e9 il faut pr\u00e9voir des journ\u00e9es autour de <strong>20-25\u00b0C<\/strong><\/p>\n<ul>\n<li>Des affaires \u00e0 manches longues (balades en for\u00eat, balade \u00e0 cheval, pr\u00e9sence possible de moustiques en fin de journ\u00e9e\u2026)<\/li>\n<li>Un pull, en effet, le soir la temp\u00e9rature peut rapidement diminuer<\/li>\n<li>Un maillot de bain pour la rivi\u00e8re et le bain su\u00e9dois et sauna<\/li>\n<li>Une serviette pour vous vous baigner dans la rivi\u00e8re<\/li>\n<li>Des chaussures de marche et aussi une paire de baskets pour faire du cheval<\/li>\n<li>Un duvet, un tapis de sol<\/li>\n<li>Une tenue adapt\u00e9 si il pleut<\/li>\n<li>Un bonnet l\u00e9ger<\/li>\n<li>Des lunettes de soleil<\/li>\n<li>\u2026Et enfin votre plus beau sourire !<\/li>\n<\/ul>\n<p>[\/et_pb_text][\/et_pb_column][\/et_pb_row][\/et_pb_section]<\/p>\n","protected":false},"excerpt":{"rendered":"<p>Infos pratiques Pour profiter \u00e0 100% des vacances chien de tra\u00eeneau et s\u00e9jours nature que nous programmons en Laponie su\u00e9doise, voici quelques informations et conseils pratiques. Vous venez chez nous en hiver ? Pour passer de belles vacances chien de traineau en Laponie, un \u00e9quipement adapt\u00e9 aux temp\u00e9ratures allant de 0\u00b0C \u00e0 -30\u00b0C est conseill\u00e9. [&hellip;]<\/p>\n","protected":false},"author":1,"featured_media":0,"parent":0,"menu_order":0,"comment_status":"closed","ping_status":"closed","template":"","meta":{"_et_pb_use_builder":"on","_et_pb_old_content":"","_et_gb_content_width":"","footnotes":""},"class_list":["post-341","page","type-page","status-publish","hentry"],"yoast_head":"<!-- This site is optimized with the Yoast SEO plugin v25.9 - https:\/\/yoast.com\/wordpress\/plugins\/seo\/ -->\n<title>Infos pratiques - S\u00e9jours nature &amp; Chien de tra\u00eeneau en Su\u00e8de<\/title>\n<meta name=\"description\" content=\"Un projet de vacances chien de tra\u00eeneau ou de s\u00e9jour avec des activit\u00e9s de pleine nature en Su\u00e8de ? En hiver ou en \u00e9t\u00e9, prenez soin de bien pr\u00e9parer votre voyage pour en profiter un maximum. Un aventurier bien \u00e9quip\u00e9 est un voyageur heureux... suivez les conseils d&#039;Aur\u00e9lie et R\u00e9my. Au plaisir de vous accueillir bient\u00f4t\" \/>\n<meta name=\"robots\" content=\"index, follow, max-snippet:-1, max-image-preview:large, max-video-preview:-1\" \/>\n<link rel=\"canonical\" href=\"https:\/\/sejourlaponie.com\/index.php\/infos-pratiques\/\" \/>\n<meta property=\"og:locale\" content=\"fr_FR\" \/>\n<meta property=\"og:type\" content=\"article\" \/>\n<meta property=\"og:title\" content=\"Infos pratiques - S\u00e9jours nature &amp; Chien de tra\u00eeneau en Su\u00e8de\" \/>\n<meta property=\"og:description\" content=\"Un projet de vacances chien de tra\u00eeneau ou de s\u00e9jour avec des activit\u00e9s de pleine nature en Su\u00e8de ? En hiver ou en \u00e9t\u00e9, prenez soin de bien pr\u00e9parer votre voyage pour en profiter un maximum. Un aventurier bien \u00e9quip\u00e9 est un voyageur heureux... suivez les conseils d&#039;Aur\u00e9lie et R\u00e9my. Au plaisir de vous accueillir bient\u00f4t\" \/>\n<meta property=\"og:url\" content=\"https:\/\/sejourlaponie.com\/index.php\/infos-pratiques\/\" \/>\n<meta property=\"og:site_name\" content=\"S\u00e9jours nature &amp; Chien de tra\u00eeneau en Su\u00e8de\" \/>\n<meta property=\"article:publisher\" content=\"https:\/\/www.facebook.com\/Teamrevesetpassion.remycoste\" \/>\n<meta property=\"article:modified_time\" content=\"2024-03-23T22:55:10+00:00\" \/>\n<meta property=\"og:image\" content=\"https:\/\/sejourlaponie.com\/wp-content\/uploads\/2018\/08\/chien-tra\u00eeneau-laponie_attelage-Aur\u00e9lie_1200x630.jpg\" \/>\n\t<meta property=\"og:image:width\" content=\"1200\" \/>\n\t<meta property=\"og:image:height\" content=\"630\" \/>\n\t<meta property=\"og:image:type\" content=\"image\/jpeg\" \/>\n<meta name=\"twitter:card\" content=\"summary_large_image\" \/>\n<meta name=\"twitter:label1\" content=\"Dur\u00e9e de lecture estim\u00e9e\" \/>\n\t<meta name=\"twitter:data1\" content=\"3 minutes\" \/>\n<script type=\"application\/ld+json\" class=\"yoast-schema-graph\">{\"@context\":\"https:\/\/schema.org\",\"@graph\":[{\"@type\":\"WebPage\",\"@id\":\"https:\/\/sejourlaponie.com\/index.php\/infos-pratiques\/\",\"url\":\"https:\/\/sejourlaponie.com\/index.php\/infos-pratiques\/\",\"name\":\"Infos pratiques - S\u00e9jours nature &amp; Chien de tra\u00eeneau en Su\u00e8de\",\"isPartOf\":{\"@id\":\"https:\/\/sejourlaponie.com\/#website\"},\"datePublished\":\"2018-04-04T21:21:18+00:00\",\"dateModified\":\"2024-03-23T22:55:10+00:00\",\"description\":\"Un projet de vacances chien de tra\u00eeneau ou de s\u00e9jour avec des activit\u00e9s de pleine nature en Su\u00e8de ? En hiver ou en \u00e9t\u00e9, prenez soin de bien pr\u00e9parer votre voyage pour en profiter un maximum. Un aventurier bien \u00e9quip\u00e9 est un voyageur heureux... suivez les conseils d'Aur\u00e9lie et R\u00e9my. Au plaisir de vous accueillir bient\u00f4t\",\"breadcrumb\":{\"@id\":\"https:\/\/sejourlaponie.com\/index.php\/infos-pratiques\/#breadcrumb\"},\"inLanguage\":\"fr-FR\",\"potentialAction\":[{\"@type\":\"ReadAction\",\"target\":[\"https:\/\/sejourlaponie.com\/index.php\/infos-pratiques\/\"]}]},{\"@type\":\"BreadcrumbList\",\"@id\":\"https:\/\/sejourlaponie.com\/index.php\/infos-pratiques\/#breadcrumb\",\"itemListElement\":[{\"@type\":\"ListItem\",\"position\":1,\"name\":\"Accueil\",\"item\":\"https:\/\/sejourlaponie.com\/\"},{\"@type\":\"ListItem\",\"position\":2,\"name\":\"Infos pratiques\"}]},{\"@type\":\"WebSite\",\"@id\":\"https:\/\/sejourlaponie.com\/#website\",\"url\":\"https:\/\/sejourlaponie.com\/\",\"name\":\"Chien de tra\u00eeneau et s\u00e9jours nature en Laponie su\u00e9doise\",\"description\":\"S\u00e9jours chiens de tra\u00eeneau et activit\u00e9s de nature en Laponie su\u00e9doise, hiver et \u00e9t\u00e9.\",\"potentialAction\":[{\"@type\":\"SearchAction\",\"target\":{\"@type\":\"EntryPoint\",\"urlTemplate\":\"https:\/\/sejourlaponie.com\/?s={search_term_string}\"},\"query-input\":{\"@type\":\"PropertyValueSpecification\",\"valueRequired\":true,\"valueName\":\"search_term_string\"}}],\"inLanguage\":\"fr-FR\"}]}<\/script>\n<!-- \/ Yoast SEO plugin. -->","yoast_head_json":{"title":"Infos pratiques - S\u00e9jours nature &amp; Chien de tra\u00eeneau en Su\u00e8de","description":"Un projet de vacances chien de tra\u00eeneau ou de s\u00e9jour avec des activit\u00e9s de pleine nature en Su\u00e8de ? En hiver ou en \u00e9t\u00e9, prenez soin de bien pr\u00e9parer votre voyage pour en profiter un maximum. Un aventurier bien \u00e9quip\u00e9 est un voyageur heureux... suivez les conseils d'Aur\u00e9lie et R\u00e9my. Au plaisir de vous accueillir bient\u00f4t","robots":{"index":"index","follow":"follow","max-snippet":"max-snippet:-1","max-image-preview":"max-image-preview:large","max-video-preview":"max-video-preview:-1"},"canonical":"https:\/\/sejourlaponie.com\/index.php\/infos-pratiques\/","og_locale":"fr_FR","og_type":"article","og_title":"Infos pratiques - S\u00e9jours nature &amp; Chien de tra\u00eeneau en Su\u00e8de","og_description":"Un projet de vacances chien de tra\u00eeneau ou de s\u00e9jour avec des activit\u00e9s de pleine nature en Su\u00e8de ? En hiver ou en \u00e9t\u00e9, prenez soin de bien pr\u00e9parer votre voyage pour en profiter un maximum. Un aventurier bien \u00e9quip\u00e9 est un voyageur heureux... suivez les conseils d'Aur\u00e9lie et R\u00e9my. Au plaisir de vous accueillir bient\u00f4t","og_url":"https:\/\/sejourlaponie.com\/index.php\/infos-pratiques\/","og_site_name":"S\u00e9jours nature &amp; Chien de tra\u00eeneau en Su\u00e8de","article_publisher":"https:\/\/www.facebook.com\/Teamrevesetpassion.remycoste","article_modified_time":"2024-03-23T22:55:10+00:00","og_image":[{"width":1200,"height":630,"url":"https:\/\/sejourlaponie.com\/wp-content\/uploads\/2018\/08\/chien-tra\u00eeneau-laponie_attelage-Aur\u00e9lie_1200x630.jpg","type":"image\/jpeg"}],"twitter_card":"summary_large_image","twitter_misc":{"Dur\u00e9e de lecture estim\u00e9e":"3 minutes"},"schema":{"@context":"https:\/\/schema.org","@graph":[{"@type":"WebPage","@id":"https:\/\/sejourlaponie.com\/index.php\/infos-pratiques\/","url":"https:\/\/sejourlaponie.com\/index.php\/infos-pratiques\/","name":"Infos pratiques - S\u00e9jours nature &amp; Chien de tra\u00eeneau en Su\u00e8de","isPartOf":{"@id":"https:\/\/sejourlaponie.com\/#website"},"datePublished":"2018-04-04T21:21:18+00:00","dateModified":"2024-03-23T22:55:10+00:00","description":"Un projet de vacances chien de tra\u00eeneau ou de s\u00e9jour avec des activit\u00e9s de pleine nature en Su\u00e8de ? En hiver ou en \u00e9t\u00e9, prenez soin de bien pr\u00e9parer votre voyage pour en profiter un maximum. Un aventurier bien \u00e9quip\u00e9 est un voyageur heureux... suivez les conseils d'Aur\u00e9lie et R\u00e9my. Au plaisir de vous accueillir bient\u00f4t","breadcrumb":{"@id":"https:\/\/sejourlaponie.com\/index.php\/infos-pratiques\/#breadcrumb"},"inLanguage":"fr-FR","potentialAction":[{"@type":"ReadAction","target":["https:\/\/sejourlaponie.com\/index.php\/infos-pratiques\/"]}]},{"@type":"BreadcrumbList","@id":"https:\/\/sejourlaponie.com\/index.php\/infos-pratiques\/#breadcrumb","itemListElement":[{"@type":"ListItem","position":1,"name":"Accueil","item":"https:\/\/sejourlaponie.com\/"},{"@type":"ListItem","position":2,"name":"Infos pratiques"}]},{"@type":"WebSite","@id":"https:\/\/sejourlaponie.com\/#website","url":"https:\/\/sejourlaponie.com\/","name":"Chien de tra\u00eeneau et s\u00e9jours nature en Laponie su\u00e9doise","description":"S\u00e9jours chiens de tra\u00eeneau et activit\u00e9s de nature en Laponie su\u00e9doise, hiver et \u00e9t\u00e9.","potentialAction":[{"@type":"SearchAction","target":{"@type":"EntryPoint","urlTemplate":"https:\/\/sejourlaponie.com\/?s={search_term_string}"},"query-input":{"@type":"PropertyValueSpecification","valueRequired":true,"valueName":"search_term_string"}}],"inLanguage":"fr-FR"}]}},"_links":{"self":[{"href":"https:\/\/sejourlaponie.com\/index.php\/wp-json\/wp\/v2\/pages\/341","targetHints":{"allow":["GET"]}}],"collection":[{"href":"https:\/\/sejourlaponie.com\/index.php\/wp-json\/wp\/v2\/pages"}],"about":[{"href":"https:\/\/sejourlaponie.com\/index.php\/wp-json\/wp\/v2\/types\/page"}],"author":[{"embeddable":true,"href":"https:\/\/sejourlaponie.com\/index.php\/wp-json\/wp\/v2\/users\/1"}],"replies":[{"embeddable":true,"href":"https:\/\/sejourlaponie.com\/index.php\/wp-json\/wp\/v2\/comments?post=341"}],"version-history":[{"count":19,"href":"https:\/\/sejourlaponie.com\/index.php\/wp-json\/wp\/v2\/pages\/341\/revisions"}],"predecessor-version":[{"id":2126,"href":"https:\/\/sejourlaponie.com\/index.php\/wp-json\/wp\/v2\/pages\/341\/revisions\/2126"}],"wp:attachment":[{"href":"https:\/\/sejourlaponie.com\/index.php\/wp-json\/wp\/v2\/media?parent=341"}],"curies":[{"name":"wp","href":"https:\/\/api.w.org\/{rel}","templated":true}]}}