{"id":339,"date":"2018-04-04T23:20:47","date_gmt":"2018-04-04T21:20:47","guid":{"rendered":"https:\/\/www.sejour-laponie.com\/?page_id=339"},"modified":"2024-03-23T23:55:07","modified_gmt":"2024-03-23T22:55:07","slug":"acces","status":"publish","type":"page","link":"https:\/\/sejourlaponie.com\/index.php\/acces\/","title":{"rendered":"Acc\u00e8s"},"content":{"rendered":"<p>[et_pb_section fb_built=\u00a0\u00bb1&Prime; _builder_version=\u00a0\u00bb3.0.47&Prime; custom_padding=\u00a0\u00bb30px|0px|1px|0px\u00a0\u00bb][et_pb_row custom_padding=\u00a0\u00bb0|0px|0|0px\u00a0\u00bb _builder_version=\u00a0\u00bb3.0.47&Prime; background_size=\u00a0\u00bbinitial\u00a0\u00bb background_position=\u00a0\u00bbtop_left\u00a0\u00bb background_repeat=\u00a0\u00bbrepeat\u00a0\u00bb][et_pb_column type=\u00a0\u00bb4_4&Prime; _builder_version=\u00a0\u00bb3.0.47&Prime; parallax=\u00a0\u00bboff\u00a0\u00bb parallax_method=\u00a0\u00bbon\u00a0\u00bb][et_pb_text _builder_version=\u00a0\u00bb3.3.1&Prime; header_font=\u00a0\u00bbSpectral|700|||||||\u00a0\u00bb header_text_color=\u00a0\u00bb#0038a7&Prime; header_2_font=\u00a0\u00bbSpectral||||||||\u00a0\u00bb header_2_text_color=\u00a0\u00bb#000000&Prime; header_2_font_size=\u00a0\u00bb22px\u00a0\u00bb header_2_line_height=\u00a0\u00bb1.2em\u00a0\u00bb]<\/p>\n<h1>Acc\u00e8s : la Laponie su\u00e9doise est \u00e0 quelques heures de chez vous<\/h1>\n<h2>Une contr\u00e9e sauvage mais accessible\u2026<br \/>\nComme Nils Holgersson (le h\u00e9ros du fameux conte su\u00e9dois), pr\u00e9parez-vous \u00e0 vivre un merveilleux voyage. Bon,on vous conseille tout de m\u00eame de pr\u00e9f\u00e9rer l\u2019avion au dos d\u2019une oie sauvage !<\/h2>\n<h2><\/h2>\n<p>[\/et_pb_text][\/et_pb_column][\/et_pb_row][et_pb_row custom_padding=\u00a0\u00bb0|0px|14px|0px\u00a0\u00bb _builder_version=\u00a0\u00bb3.0.106&Prime;][et_pb_column type=\u00a0\u00bb4_4&Prime; _builder_version=\u00a0\u00bb3.0.47&Prime; parallax=\u00a0\u00bboff\u00a0\u00bb parallax_method=\u00a0\u00bbon\u00a0\u00bb][et_pb_text _builder_version=\u00a0\u00bb3.3.1&Prime; text_font=\u00a0\u00bbRoboto|300|||||||\u00a0\u00bb text_text_color=\u00a0\u00bb#000000&Prime; header_font=\u00a0\u00bbRoboto||||||||\u00a0\u00bb header_2_font=\u00a0\u00bbSpectral||||||||\u00a0\u00bb header_2_text_color=\u00a0\u00bb#000000&Prime; header_2_font_size=\u00a0\u00bb22px\u00a0\u00bb header_3_font=\u00a0\u00bbRoboto||||||||\u00a0\u00bb header_3_text_color=\u00a0\u00bb#000000&Prime; header_3_font_size=\u00a0\u00bb20px\u00a0\u00bb]<\/p>\n<p>La navette depuis votre lieu d\u2019arriv\u00e9e dans la r\u00e9gion est inclue dans le prix du s\u00e9jour, nous pouvons venir vous chercher et vous d\u00e9poser en diff\u00e9rents lieux :<\/p>\n<p><strong>1 a\u00e9roport :\u00a0 <\/strong><\/p>\n<ul>\n<li><a href=\"https:\/\/www.swedavia.com\/umea\/\" target=\"_blank\" rel=\"noopener\"><strong>Ume\u00e5<\/strong> <\/a>situ\u00e9 \u00e0 120 km de chez nous, vous aurez beaucoup plus de choix dans les avions avec notamment comme compagnies : SAS, Norwegian Airlines, Easyjet, Finnair\u2026 Les horaires des vols varient selon la saison.<\/li>\n<\/ul>\n<p>Pour des raisons d\u2019organisation, il est conseill\u00e9 de prendre un avion arrivant le soir et repartant l&rsquo;apr\u00e8s-midi, n\u2019h\u00e9sitez pas \u00e0 nous contacter si cela ne vous convient pas nous essayerons de nous arranger.<\/p>\n<p><strong>Gare routi\u00e8re et Ferroviaire<\/strong> de <strong>Lycksele<\/strong> des bus et trains venant de Stockholm ou de nombreuses autres grande ville s\u2019y arr\u00eatent\u2026<br \/> Vous pouvez consulter le site : <a href=\"https:\/\/rail.cc\/fr\/compagnie-ferroviaire\/suede\/se\" target=\"_blank\" rel=\"noopener noreferrer\">https:\/\/rail.cc\/fr\/compagnie-ferroviaire\/suede\/se<\/a> avec une version disponible en fran\u00e7ais pour toute information sur les billets de trains.<\/p>\n<p><strong>Si vous voulez venir en voiture<\/strong> l\u2019adresse est \u00c4lgb\u00e4ck, 921 92 L\u00e5ngsele :<\/p>\n<ul>\n<li>De Stockholm, suivez la E4 jusqu\u2019\u00e0 Ume\u00e5 puis la E12 vers Vannas, lorsque la E12 bifurque vers Lycksele quittez cette route pour la 92 (Il est important de ne pas suivre le panneau vers Lycksele). Prendre la 353 vers Lycksele. Suivre ensuite les indications L\u00e5ngsele. Apr\u00e8s L\u00e5ngsele, continuer tout droit pendant 5 kilom\u00e8tres jusqu\u2019\u00e0 rencontrer une maison, vous \u00eates arriv\u00e9s !<\/li>\n<li>Si vous arrivez par Lycksele, prendre la route de l\u2019a\u00e9roport, continuez tout droit et prenez \u00e0 droite \u00e0 Gaddtrask, continuez tout droit sur 11 km et vous \u00eates arriv\u00e9s (une maison seule sur votre droite apr\u00e8s plusieurs kilom\u00e8tres sans habitation !).<\/li>\n<\/ul>\n<p><strong>Si vous voulez venir \u00e0 pied (!)<\/strong><br \/> A partir de Stockholm, prenez la direction nord pendant 6 jours et 3 heures et, selon google maps, vous serez arriv\u00e9s \ud83d\ude0e\ud83d\udcaa<\/p>\n<p>Pour tout autre renseignement sur les d\u00e9placements en Su\u00e8de, vous trouverez beaucoup d\u2019information sur le site\u00a0 <a href=\"https:\/\/www.lonelyplanet.fr\/destinations\/europe\/suede\/comment-circuler\" target=\"_blank\" rel=\"noopener noreferrer\">https:\/\/www.lonelyplanet.fr\/destinations\/europe\/suede\/comment-circuler<\/a><\/p>\n<p>[\/et_pb_text][\/et_pb_column][\/et_pb_row][\/et_pb_section][et_pb_section fb_built=\u00a0\u00bb1&Prime; fullwidth=\u00a0\u00bbon\u00a0\u00bb _builder_version=\u00a0\u00bb3.0.106&Prime;][et_pb_fullwidth_code]<iframe loading=\"lazy\" src=\"https:\/\/www.google.com\/maps\/embed?pb=!1m14!1m8!1m3!1d1779940.9799099658!2d17.81366262463613!3d64.17239292857718!3m2!1i1024!2i768!4f13.1!3m3!1m2!1s0x0%3A0x7911001b37851bc3!2sR%C3%AAves+et+Passion+Sweden!5e0!3m2!1sfr!2sfr!4v1523564798320\" width=\"1920\" height=\"1080\" frameborder=\"0\" style=\"border:0\" allowfullscreen><\/iframe>[\/et_pb_fullwidth_code][\/et_pb_section]<\/p>\n","protected":false},"excerpt":{"rendered":"<p>Acc\u00e8s : la Laponie su\u00e9doise est \u00e0 quelques heures de chez vous Une contr\u00e9e sauvage mais accessible\u2026 Comme Nils Holgersson (le h\u00e9ros du fameux conte su\u00e9dois), pr\u00e9parez-vous \u00e0 vivre un merveilleux voyage. Bon,on vous conseille tout de m\u00eame de pr\u00e9f\u00e9rer l\u2019avion au dos d\u2019une oie sauvage ! La navette depuis votre lieu d\u2019arriv\u00e9e dans la [&hellip;]<\/p>\n","protected":false},"author":1,"featured_media":0,"parent":0,"menu_order":0,"comment_status":"closed","ping_status":"closed","template":"","meta":{"_et_pb_use_builder":"on","_et_pb_old_content":"","_et_gb_content_width":"","footnotes":""},"class_list":["post-339","page","type-page","status-publish","hentry"],"yoast_head":"<!-- This site is optimized with the Yoast SEO plugin v25.9 - https:\/\/yoast.com\/wordpress\/plugins\/seo\/ -->\n<title>Acc\u00e8s - S\u00e9jours nature &amp; Chien de tra\u00eeneau en Su\u00e8de<\/title>\n<meta name=\"description\" content=\"Une aventure en tra\u00eeneau \u00e0 chiens en Laponie ou un raid bivouac en cano\u00eb sur une rivi\u00e8re sauvage de Su\u00e8de... La Laponie su\u00e9doise est \u00e0 quelques heures de chez vous Une contr\u00e9e sauvage mais accessible\u2026 Comme Nils Holgersson (le h\u00e9ros du fameux conte su\u00e9dois), pr\u00e9parez-vous \u00e0 vivre un merveilleux voyage !\" \/>\n<meta name=\"robots\" content=\"index, follow, max-snippet:-1, max-image-preview:large, max-video-preview:-1\" \/>\n<link rel=\"canonical\" href=\"https:\/\/sejourlaponie.com\/index.php\/acces\/\" \/>\n<meta property=\"og:locale\" content=\"fr_FR\" \/>\n<meta property=\"og:type\" content=\"article\" \/>\n<meta property=\"og:title\" content=\"Acc\u00e8s - S\u00e9jours nature &amp; Chien de tra\u00eeneau en Su\u00e8de\" \/>\n<meta property=\"og:description\" content=\"Une aventure en tra\u00eeneau \u00e0 chiens en Laponie ou un raid bivouac en cano\u00eb sur une rivi\u00e8re sauvage de Su\u00e8de... La Laponie su\u00e9doise est \u00e0 quelques heures de chez vous Une contr\u00e9e sauvage mais accessible\u2026 Comme Nils Holgersson (le h\u00e9ros du fameux conte su\u00e9dois), pr\u00e9parez-vous \u00e0 vivre un merveilleux voyage !\" \/>\n<meta property=\"og:url\" content=\"https:\/\/sejourlaponie.com\/index.php\/acces\/\" \/>\n<meta property=\"og:site_name\" content=\"S\u00e9jours nature &amp; Chien de tra\u00eeneau en Su\u00e8de\" \/>\n<meta property=\"article:publisher\" content=\"https:\/\/www.facebook.com\/Teamrevesetpassion.remycoste\" \/>\n<meta property=\"article:modified_time\" content=\"2024-03-23T22:55:07+00:00\" \/>\n<meta property=\"og:image\" content=\"https:\/\/sejourlaponie.com\/wp-content\/uploads\/2018\/08\/chien-tra\u00eeneau-laponie_attelage-Aur\u00e9lie_1200x630.jpg\" \/>\n\t<meta property=\"og:image:width\" content=\"1200\" \/>\n\t<meta property=\"og:image:height\" content=\"630\" \/>\n\t<meta property=\"og:image:type\" content=\"image\/jpeg\" \/>\n<meta name=\"twitter:card\" content=\"summary_large_image\" \/>\n<meta name=\"twitter:label1\" content=\"Dur\u00e9e de lecture estim\u00e9e\" \/>\n\t<meta name=\"twitter:data1\" content=\"3 minutes\" \/>\n<script type=\"application\/ld+json\" class=\"yoast-schema-graph\">{\"@context\":\"https:\/\/schema.org\",\"@graph\":[{\"@type\":\"WebPage\",\"@id\":\"https:\/\/sejourlaponie.com\/index.php\/acces\/\",\"url\":\"https:\/\/sejourlaponie.com\/index.php\/acces\/\",\"name\":\"Acc\u00e8s - S\u00e9jours nature &amp; Chien de tra\u00eeneau en Su\u00e8de\",\"isPartOf\":{\"@id\":\"https:\/\/sejourlaponie.com\/#website\"},\"datePublished\":\"2018-04-04T21:20:47+00:00\",\"dateModified\":\"2024-03-23T22:55:07+00:00\",\"description\":\"Une aventure en tra\u00eeneau \u00e0 chiens en Laponie ou un raid bivouac en cano\u00eb sur une rivi\u00e8re sauvage de Su\u00e8de... La Laponie su\u00e9doise est \u00e0 quelques heures de chez vous Une contr\u00e9e sauvage mais accessible\u2026 Comme Nils Holgersson (le h\u00e9ros du fameux conte su\u00e9dois), pr\u00e9parez-vous \u00e0 vivre un merveilleux voyage !\",\"breadcrumb\":{\"@id\":\"https:\/\/sejourlaponie.com\/index.php\/acces\/#breadcrumb\"},\"inLanguage\":\"fr-FR\",\"potentialAction\":[{\"@type\":\"ReadAction\",\"target\":[\"https:\/\/sejourlaponie.com\/index.php\/acces\/\"]}]},{\"@type\":\"BreadcrumbList\",\"@id\":\"https:\/\/sejourlaponie.com\/index.php\/acces\/#breadcrumb\",\"itemListElement\":[{\"@type\":\"ListItem\",\"position\":1,\"name\":\"Accueil\",\"item\":\"https:\/\/sejourlaponie.com\/\"},{\"@type\":\"ListItem\",\"position\":2,\"name\":\"Acc\u00e8s\"}]},{\"@type\":\"WebSite\",\"@id\":\"https:\/\/sejourlaponie.com\/#website\",\"url\":\"https:\/\/sejourlaponie.com\/\",\"name\":\"Chien de tra\u00eeneau et s\u00e9jours nature en Laponie su\u00e9doise\",\"description\":\"S\u00e9jours chiens de tra\u00eeneau et activit\u00e9s de nature en Laponie su\u00e9doise, hiver et \u00e9t\u00e9.\",\"potentialAction\":[{\"@type\":\"SearchAction\",\"target\":{\"@type\":\"EntryPoint\",\"urlTemplate\":\"https:\/\/sejourlaponie.com\/?s={search_term_string}\"},\"query-input\":{\"@type\":\"PropertyValueSpecification\",\"valueRequired\":true,\"valueName\":\"search_term_string\"}}],\"inLanguage\":\"fr-FR\"}]}<\/script>\n<!-- \/ Yoast SEO plugin. -->","yoast_head_json":{"title":"Acc\u00e8s - S\u00e9jours nature &amp; Chien de tra\u00eeneau en Su\u00e8de","description":"Une aventure en tra\u00eeneau \u00e0 chiens en Laponie ou un raid bivouac en cano\u00eb sur une rivi\u00e8re sauvage de Su\u00e8de... La Laponie su\u00e9doise est \u00e0 quelques heures de chez vous Une contr\u00e9e sauvage mais accessible\u2026 Comme Nils Holgersson (le h\u00e9ros du fameux conte su\u00e9dois), pr\u00e9parez-vous \u00e0 vivre un merveilleux voyage !","robots":{"index":"index","follow":"follow","max-snippet":"max-snippet:-1","max-image-preview":"max-image-preview:large","max-video-preview":"max-video-preview:-1"},"canonical":"https:\/\/sejourlaponie.com\/index.php\/acces\/","og_locale":"fr_FR","og_type":"article","og_title":"Acc\u00e8s - S\u00e9jours nature &amp; Chien de tra\u00eeneau en Su\u00e8de","og_description":"Une aventure en tra\u00eeneau \u00e0 chiens en Laponie ou un raid bivouac en cano\u00eb sur une rivi\u00e8re sauvage de Su\u00e8de... La Laponie su\u00e9doise est \u00e0 quelques heures de chez vous Une contr\u00e9e sauvage mais accessible\u2026 Comme Nils Holgersson (le h\u00e9ros du fameux conte su\u00e9dois), pr\u00e9parez-vous \u00e0 vivre un merveilleux voyage !","og_url":"https:\/\/sejourlaponie.com\/index.php\/acces\/","og_site_name":"S\u00e9jours nature &amp; Chien de tra\u00eeneau en Su\u00e8de","article_publisher":"https:\/\/www.facebook.com\/Teamrevesetpassion.remycoste","article_modified_time":"2024-03-23T22:55:07+00:00","og_image":[{"width":1200,"height":630,"url":"https:\/\/sejourlaponie.com\/wp-content\/uploads\/2018\/08\/chien-tra\u00eeneau-laponie_attelage-Aur\u00e9lie_1200x630.jpg","type":"image\/jpeg"}],"twitter_card":"summary_large_image","twitter_misc":{"Dur\u00e9e de lecture estim\u00e9e":"3 minutes"},"schema":{"@context":"https:\/\/schema.org","@graph":[{"@type":"WebPage","@id":"https:\/\/sejourlaponie.com\/index.php\/acces\/","url":"https:\/\/sejourlaponie.com\/index.php\/acces\/","name":"Acc\u00e8s - S\u00e9jours nature &amp; Chien de tra\u00eeneau en Su\u00e8de","isPartOf":{"@id":"https:\/\/sejourlaponie.com\/#website"},"datePublished":"2018-04-04T21:20:47+00:00","dateModified":"2024-03-23T22:55:07+00:00","description":"Une aventure en tra\u00eeneau \u00e0 chiens en Laponie ou un raid bivouac en cano\u00eb sur une rivi\u00e8re sauvage de Su\u00e8de... La Laponie su\u00e9doise est \u00e0 quelques heures de chez vous Une contr\u00e9e sauvage mais accessible\u2026 Comme Nils Holgersson (le h\u00e9ros du fameux conte su\u00e9dois), pr\u00e9parez-vous \u00e0 vivre un merveilleux voyage !","breadcrumb":{"@id":"https:\/\/sejourlaponie.com\/index.php\/acces\/#breadcrumb"},"inLanguage":"fr-FR","potentialAction":[{"@type":"ReadAction","target":["https:\/\/sejourlaponie.com\/index.php\/acces\/"]}]},{"@type":"BreadcrumbList","@id":"https:\/\/sejourlaponie.com\/index.php\/acces\/#breadcrumb","itemListElement":[{"@type":"ListItem","position":1,"name":"Accueil","item":"https:\/\/sejourlaponie.com\/"},{"@type":"ListItem","position":2,"name":"Acc\u00e8s"}]},{"@type":"WebSite","@id":"https:\/\/sejourlaponie.com\/#website","url":"https:\/\/sejourlaponie.com\/","name":"Chien de tra\u00eeneau et s\u00e9jours nature en Laponie su\u00e9doise","description":"S\u00e9jours chiens de tra\u00eeneau et activit\u00e9s de nature en Laponie su\u00e9doise, hiver et \u00e9t\u00e9.","potentialAction":[{"@type":"SearchAction","target":{"@type":"EntryPoint","urlTemplate":"https:\/\/sejourlaponie.com\/?s={search_term_string}"},"query-input":{"@type":"PropertyValueSpecification","valueRequired":true,"valueName":"search_term_string"}}],"inLanguage":"fr-FR"}]}},"_links":{"self":[{"href":"https:\/\/sejourlaponie.com\/index.php\/wp-json\/wp\/v2\/pages\/339","targetHints":{"allow":["GET"]}}],"collection":[{"href":"https:\/\/sejourlaponie.com\/index.php\/wp-json\/wp\/v2\/pages"}],"about":[{"href":"https:\/\/sejourlaponie.com\/index.php\/wp-json\/wp\/v2\/types\/page"}],"author":[{"embeddable":true,"href":"https:\/\/sejourlaponie.com\/index.php\/wp-json\/wp\/v2\/users\/1"}],"replies":[{"embeddable":true,"href":"https:\/\/sejourlaponie.com\/index.php\/wp-json\/wp\/v2\/comments?post=339"}],"version-history":[{"count":12,"href":"https:\/\/sejourlaponie.com\/index.php\/wp-json\/wp\/v2\/pages\/339\/revisions"}],"predecessor-version":[{"id":1744,"href":"https:\/\/sejourlaponie.com\/index.php\/wp-json\/wp\/v2\/pages\/339\/revisions\/1744"}],"wp:attachment":[{"href":"https:\/\/sejourlaponie.com\/index.php\/wp-json\/wp\/v2\/media?parent=339"}],"curies":[{"name":"wp","href":"https:\/\/api.w.org\/{rel}","templated":true}]}}