{"id":337,"date":"2018-04-04T23:20:18","date_gmt":"2018-04-04T21:20:18","guid":{"rendered":"https:\/\/www.sejour-laponie.com\/?page_id=337"},"modified":"2024-03-23T23:55:09","modified_gmt":"2024-03-23T22:55:09","slug":"bien-etre","status":"publish","type":"page","link":"https:\/\/sejourlaponie.com\/index.php\/bien-etre\/","title":{"rendered":"Bien-\u00eatre"},"content":{"rendered":"<p>[et_pb_section bb_built=\u00a0\u00bb1&Prime; fullwidth=\u00a0\u00bbon\u00a0\u00bb _builder_version=\u00a0\u00bb3.0.106&Prime; next_background_color=\u00a0\u00bb#000000&Prime;][et_pb_fullwidth_image src=\u00a0\u00bbhttp:\/\/sejourlaponie.com\/wp-content\/uploads\/2018\/04\/sejour-chien-traineau-laponie-bien-etre-sauna-bain-nordique-header-1920&#215;860.jpg\u00a0\u00bb _builder_version=\u00a0\u00bb3.3.1&Prime; alt=\u00a0\u00bble bain su\u00e9dois est un des bonheur des vacances en Laponie\u00a0\u00bb]<br \/>\n[\/et_pb_fullwidth_image][\/et_pb_section][et_pb_section bb_built=\u00a0\u00bb1&Prime; _builder_version=\u00a0\u00bb3.0.47&Prime; custom_padding=\u00a0\u00bb30px|0px|30px|0px\u00a0\u00bb prev_background_color=\u00a0\u00bb#000000&Prime;][et_pb_row custom_padding=\u00a0\u00bb0|0px|0|0px\u00a0\u00bb _builder_version=\u00a0\u00bb3.0.47&Prime; background_size=\u00a0\u00bbinitial\u00a0\u00bb background_position=\u00a0\u00bbtop_left\u00a0\u00bb background_repeat=\u00a0\u00bbrepeat\u00a0\u00bb][et_pb_column type=\u00a0\u00bb4_4&Prime;][et_pb_text _builder_version=\u00a0\u00bb3.3.1&Prime; header_font=\u00a0\u00bbSpectral|700|||||||\u00a0\u00bb header_text_color=\u00a0\u00bb#0038a7&Prime; header_2_font=\u00a0\u00bbSpectral||||||||\u00a0\u00bb header_2_text_color=\u00a0\u00bb#000000&Prime; header_2_font_size=\u00a0\u00bb22px\u00a0\u00bb header_2_line_height=\u00a0\u00bb1.3em\u00a0\u00bb]<\/p>\n<h1>Notre sauna et notre bain su\u00e9dois<\/h1>\n<h2>Apr\u00e8s une journ\u00e9e pass\u00e9e au grand air, que r\u00eaver de mieux qu&rsquo;un bain su\u00e9dois pour se d\u00e9tendre, profiter de la for\u00eat lapone et des magnifiques aurores bor\u00e9ales ? De nuit comme de jour, bien-\u00eatre et d\u00e9paysement garantis !<br \/>\nLe g\u00eete est \u00e9quip\u00e9 d&rsquo;un sauna et d&rsquo;un bain su\u00e9dois ou bain chaud en plein air. Deux sp\u00e9cialit\u00e9s locales qui seront allum\u00e9s tous les jours pour assurer un bien-\u00eatre et un confort optimal \u00e0 nos h\u00f4tes.<\/h2>\n<p>[\/et_pb_text][\/et_pb_column][\/et_pb_row][et_pb_row _builder_version=\u00a0\u00bb3.0.106&Prime;][et_pb_column type=\u00a0\u00bb1_2&Prime;][et_pb_image src=\u00a0\u00bbhttp:\/\/sejourlaponie.com\/wp-content\/uploads\/2018\/04\/sejour-chien-traineau-laponie-bien-\u00eatre_510x510.jpg\u00a0\u00bb _builder_version=\u00a0\u00bb3.3.1&Prime; alt=\u00a0\u00bbUne maison du camp d&rsquo;\u00c4lgb\u00e4ck, lieu central de vos meilleures vacances en Laponie\u00a0\u00bb]<br \/>\n[\/et_pb_image][\/et_pb_column][et_pb_column type=\u00a0\u00bb1_2&Prime;][et_pb_text _builder_version=\u00a0\u00bb3.3.1&Prime; text_font=\u00a0\u00bbRoboto|300|||||||\u00a0\u00bb text_text_color=\u00a0\u00bb#000000&Prime; header_font=\u00a0\u00bbRoboto||||||||\u00a0\u00bb header_2_font=\u00a0\u00bbSpectral||||||||\u00a0\u00bb header_2_text_color=\u00a0\u00bb#000000&Prime; header_2_font_size=\u00a0\u00bb22px\u00a0\u00bb header_3_font=\u00a0\u00bbRoboto||||||||\u00a0\u00bb header_3_text_color=\u00a0\u00bb#000000&Prime; header_3_font_size=\u00a0\u00bb20px\u00a0\u00bb]<\/p>\n<h2>Le bain su\u00e9dois<\/h2>\n<p><strong>Le bain su\u00e9dois<\/strong> est une structure en bois circulaire pouvant accueillir plusieurs personnes.<br \/>\nL\u2019<strong>eau, chauff\u00e9e par un po\u00eale \u00e0 bois immerg\u00e9<\/strong>, est \u00e0 plus de <strong>40\u00b0C. <\/strong>Vous serez donc au chaud m\u00eame s\u2019il fait tr\u00e8s froid \u00e0 l\u2019ext\u00e9rieur.<br \/>\nC\u2019est absolument magique de se d\u00e9tendre les muscles au milieu de la for\u00eat lapone, sous les \u00e9toiles et m\u00eame parfois sous les <a href=\"http:\/\/sejourlaponie.com\/index.php\/suivez-nos-aventures\/\" target=\"_blank\" rel=\"noopener\">aurores bor\u00e9ales<\/a> !<\/p>\n<p>Pour atteindre une d\u00e9tente optimale, les scandinaves nous conseillent de rester d&rsquo;abord 15 minutes dans le bain su\u00e9dois. Puis, se plonger ensuite dans la neige pendant 30 secondes \u00e0 1 minutes. R\u00e9p\u00e9ter ce rituel 3 \u00e0 4 fois !<\/p>\n<p>[\/et_pb_text][\/et_pb_column][\/et_pb_row][et_pb_row _builder_version=\u00a0\u00bb3.0.106&Prime;][et_pb_column type=\u00a0\u00bb1_2&Prime;][et_pb_image src=\u00a0\u00bbhttp:\/\/sejourlaponie.com\/wp-content\/uploads\/2018\/04\/sejour-chien-traineau-laponie-chalet-bien-etre-sauna_510x510.jpg\u00a0\u00bb _builder_version=\u00a0\u00bb3.3.1&Prime; alt=\u00a0\u00bbLe sauna \u00ab\u00a0]<br \/>\n[\/et_pb_image][\/et_pb_column][et_pb_column type=\u00a0\u00bb1_2&Prime;][et_pb_text _builder_version=\u00a0\u00bb3.3.1&Prime; text_font=\u00a0\u00bbRoboto|300|||||||\u00a0\u00bb text_text_color=\u00a0\u00bb#000000&Prime; header_font=\u00a0\u00bbRoboto||||||||\u00a0\u00bb header_2_font=\u00a0\u00bbSpectral||||||||\u00a0\u00bb header_2_text_color=\u00a0\u00bb#000000&Prime; header_2_font_size=\u00a0\u00bb22px\u00a0\u00bb header_3_font=\u00a0\u00bbRoboto||||||||\u00a0\u00bb header_3_text_color=\u00a0\u00bb#000000&Prime; header_3_font_size=\u00a0\u00bb20px\u00a0\u00bb]<\/p>\n<h2>Le sauna<\/h2>\n<p><strong>Le sauna<\/strong> est une tradition scandinave depuis plus de 2000 ans. C\u2019est un <a href=\"http:\/\/sejourlaponie.com\/index.php\/hebergement\/\" target=\"_blank\" rel=\"noopener\">chalet en bois<\/a> qui permet de prendre \u00ab\u00a0<strong>un bain de chaleur s\u00e8che<\/strong> (70 \u00e0 100\u00b0C)\u00a0\u00bb.<br \/>\nLa pi\u00e8ce est chauff\u00e9e par un po\u00eale \u00e0 bois qui chauffe des pierres r\u00e9sistantes aux chocs thermiques et emmagasinant bien la chaleur.<br \/>\nUne fois la temp\u00e9rature optimale atteinte, il est important de verser une \u00e0 plusieurs louches d\u2019eau sur ses pierres pour atteindre une hygrom\u00e9trie de 3 \u00e0 30%.<\/p>\n<p>Traditionnellement, il est conseill\u00e9 de faire 3 s\u00e9ances de sauna de 10 \u00e0 20 minutes chacune. Entre chaque : plongeon dans de la neige (pour les courageux !) ou de l\u2019eau froide, s\u00e9chage.Ensuite 15 minutes de repos avant d\u2019entrer \u00e0 nouveau dans le sauna.<\/p>\n<p>Il en r\u00e9sultera une impression incomparable de bien-\u00eatre et de l\u00e9g\u00e8ret\u00e9 !<\/p>\n<p>[\/et_pb_text][\/et_pb_column][\/et_pb_row][et_pb_row _builder_version=\u00a0\u00bb3.0.106&Prime;][et_pb_column type=\u00a0\u00bb1_2&Prime;][et_pb_image src=\u00a0\u00bbhttp:\/\/sejourlaponie.com\/wp-content\/uploads\/2018\/04\/sejour-chien-traineau-laponie-bien-\u00eatre-feu_510x510.jpg\u00a0\u00bb _builder_version=\u00a0\u00bb3.1.1&Prime;]<br \/>\n[\/et_pb_image][\/et_pb_column][et_pb_column type=\u00a0\u00bb1_2&Prime;][et_pb_text _builder_version=\u00a0\u00bb3.3.1&Prime; text_font=\u00a0\u00bbRoboto|300|||||||\u00a0\u00bb text_text_color=\u00a0\u00bb#000000&Prime; header_font=\u00a0\u00bbRoboto||||||||\u00a0\u00bb header_2_font=\u00a0\u00bbSpectral||||||||\u00a0\u00bb header_2_text_color=\u00a0\u00bb#000000&Prime; header_2_font_size=\u00a0\u00bb22px\u00a0\u00bb header_3_font=\u00a0\u00bbRoboto||||||||\u00a0\u00bb header_3_text_color=\u00a0\u00bb#000000&Prime; header_3_font_size=\u00a0\u00bb20px\u00a0\u00bb]<\/p>\n<h2>Quelques conseils pour bien en profiter\u2026<\/h2>\n<p>Pendant la phase de relaxation qui fait suite \u00e0 l\u2019utilisation de ses bains, du sauna et du bain su\u00e9dois il est conseill\u00e9 de bien se <strong>r\u00e9hydrater<\/strong>.<\/p>\n<p><em>Certaines maladies entrainent une contre-indication \u00e0 l\u2019utilisation se ces bains, veuillez nous consulter pour toute question.<\/em><\/p>\n<p>[\/et_pb_text][\/et_pb_column][\/et_pb_row][\/et_pb_section]<\/p>\n","protected":false},"excerpt":{"rendered":"<p>Notre sauna et notre bain su\u00e9dois Apr\u00e8s une journ\u00e9e pass\u00e9e au grand air, que r\u00eaver de mieux qu&rsquo;un bain su\u00e9dois pour se d\u00e9tendre, profiter de la for\u00eat lapone et des magnifiques aurores bor\u00e9ales ? De nuit comme de jour, bien-\u00eatre et d\u00e9paysement garantis ! Le g\u00eete est \u00e9quip\u00e9 d&rsquo;un sauna et d&rsquo;un bain su\u00e9dois ou [&hellip;]<\/p>\n","protected":false},"author":1,"featured_media":0,"parent":0,"menu_order":0,"comment_status":"closed","ping_status":"closed","template":"","meta":{"_et_pb_use_builder":"on","_et_pb_old_content":"","_et_gb_content_width":"","footnotes":""},"class_list":["post-337","page","type-page","status-publish","hentry"],"yoast_head":"<!-- This site is optimized with the Yoast SEO plugin v25.9 - https:\/\/yoast.com\/wordpress\/plugins\/seo\/ -->\n<title>Bien-\u00eatre - S\u00e9jours nature &amp; Chien de tra\u00eeneau en Su\u00e8de<\/title>\n<meta name=\"description\" content=\"Durant vos vacances en Laponie, vous go\u00fbterez avec bonheur \u00e0 l&#039;art de vivre scandinave. Sauna et bain su\u00e9dois vous offrirons des instants de d\u00e9tente apr\u00e8s une journ\u00e9e pass\u00e9e au grand air !\" \/>\n<meta name=\"robots\" content=\"index, follow, max-snippet:-1, max-image-preview:large, max-video-preview:-1\" \/>\n<link rel=\"canonical\" href=\"https:\/\/sejourlaponie.com\/index.php\/bien-etre\/\" \/>\n<meta property=\"og:locale\" content=\"fr_FR\" \/>\n<meta property=\"og:type\" content=\"article\" \/>\n<meta property=\"og:title\" content=\"Bien-\u00eatre - S\u00e9jours nature &amp; Chien de tra\u00eeneau en Su\u00e8de\" \/>\n<meta property=\"og:description\" content=\"Durant vos vacances en Laponie, vous go\u00fbterez avec bonheur \u00e0 l&#039;art de vivre scandinave. Sauna et bain su\u00e9dois vous offrirons des instants de d\u00e9tente apr\u00e8s une journ\u00e9e pass\u00e9e au grand air !\" \/>\n<meta property=\"og:url\" content=\"https:\/\/sejourlaponie.com\/index.php\/bien-etre\/\" \/>\n<meta property=\"og:site_name\" content=\"S\u00e9jours nature &amp; Chien de tra\u00eeneau en Su\u00e8de\" \/>\n<meta property=\"article:publisher\" content=\"https:\/\/www.facebook.com\/Teamrevesetpassion.remycoste\" \/>\n<meta property=\"article:modified_time\" content=\"2024-03-23T22:55:09+00:00\" \/>\n<meta property=\"og:image\" content=\"https:\/\/sejourlaponie.com\/wp-content\/uploads\/2018\/08\/chien-tra\u00eeneau-laponie_attelage-Aur\u00e9lie_1200x630.jpg\" \/>\n\t<meta property=\"og:image:width\" content=\"1200\" \/>\n\t<meta property=\"og:image:height\" content=\"630\" \/>\n\t<meta property=\"og:image:type\" content=\"image\/jpeg\" \/>\n<meta name=\"twitter:card\" content=\"summary_large_image\" \/>\n<meta name=\"twitter:label1\" content=\"Dur\u00e9e de lecture estim\u00e9e\" \/>\n\t<meta name=\"twitter:data1\" content=\"4 minutes\" \/>\n<script type=\"application\/ld+json\" class=\"yoast-schema-graph\">{\"@context\":\"https:\/\/schema.org\",\"@graph\":[{\"@type\":\"WebPage\",\"@id\":\"https:\/\/sejourlaponie.com\/index.php\/bien-etre\/\",\"url\":\"https:\/\/sejourlaponie.com\/index.php\/bien-etre\/\",\"name\":\"Bien-\u00eatre - S\u00e9jours nature &amp; Chien de tra\u00eeneau en Su\u00e8de\",\"isPartOf\":{\"@id\":\"https:\/\/sejourlaponie.com\/#website\"},\"datePublished\":\"2018-04-04T21:20:18+00:00\",\"dateModified\":\"2024-03-23T22:55:09+00:00\",\"description\":\"Durant vos vacances en Laponie, vous go\u00fbterez avec bonheur \u00e0 l'art de vivre scandinave. Sauna et bain su\u00e9dois vous offrirons des instants de d\u00e9tente apr\u00e8s une journ\u00e9e pass\u00e9e au grand air !\",\"breadcrumb\":{\"@id\":\"https:\/\/sejourlaponie.com\/index.php\/bien-etre\/#breadcrumb\"},\"inLanguage\":\"fr-FR\",\"potentialAction\":[{\"@type\":\"ReadAction\",\"target\":[\"https:\/\/sejourlaponie.com\/index.php\/bien-etre\/\"]}]},{\"@type\":\"BreadcrumbList\",\"@id\":\"https:\/\/sejourlaponie.com\/index.php\/bien-etre\/#breadcrumb\",\"itemListElement\":[{\"@type\":\"ListItem\",\"position\":1,\"name\":\"Accueil\",\"item\":\"https:\/\/sejourlaponie.com\/\"},{\"@type\":\"ListItem\",\"position\":2,\"name\":\"Bien-\u00eatre\"}]},{\"@type\":\"WebSite\",\"@id\":\"https:\/\/sejourlaponie.com\/#website\",\"url\":\"https:\/\/sejourlaponie.com\/\",\"name\":\"Chien de tra\u00eeneau et s\u00e9jours nature en Laponie su\u00e9doise\",\"description\":\"S\u00e9jours chiens de tra\u00eeneau et activit\u00e9s de nature en Laponie su\u00e9doise, hiver et \u00e9t\u00e9.\",\"potentialAction\":[{\"@type\":\"SearchAction\",\"target\":{\"@type\":\"EntryPoint\",\"urlTemplate\":\"https:\/\/sejourlaponie.com\/?s={search_term_string}\"},\"query-input\":{\"@type\":\"PropertyValueSpecification\",\"valueRequired\":true,\"valueName\":\"search_term_string\"}}],\"inLanguage\":\"fr-FR\"}]}<\/script>\n<!-- \/ Yoast SEO plugin. -->","yoast_head_json":{"title":"Bien-\u00eatre - S\u00e9jours nature &amp; Chien de tra\u00eeneau en Su\u00e8de","description":"Durant vos vacances en Laponie, vous go\u00fbterez avec bonheur \u00e0 l'art de vivre scandinave. Sauna et bain su\u00e9dois vous offrirons des instants de d\u00e9tente apr\u00e8s une journ\u00e9e pass\u00e9e au grand air !","robots":{"index":"index","follow":"follow","max-snippet":"max-snippet:-1","max-image-preview":"max-image-preview:large","max-video-preview":"max-video-preview:-1"},"canonical":"https:\/\/sejourlaponie.com\/index.php\/bien-etre\/","og_locale":"fr_FR","og_type":"article","og_title":"Bien-\u00eatre - S\u00e9jours nature &amp; Chien de tra\u00eeneau en Su\u00e8de","og_description":"Durant vos vacances en Laponie, vous go\u00fbterez avec bonheur \u00e0 l'art de vivre scandinave. Sauna et bain su\u00e9dois vous offrirons des instants de d\u00e9tente apr\u00e8s une journ\u00e9e pass\u00e9e au grand air !","og_url":"https:\/\/sejourlaponie.com\/index.php\/bien-etre\/","og_site_name":"S\u00e9jours nature &amp; Chien de tra\u00eeneau en Su\u00e8de","article_publisher":"https:\/\/www.facebook.com\/Teamrevesetpassion.remycoste","article_modified_time":"2024-03-23T22:55:09+00:00","og_image":[{"width":1200,"height":630,"url":"https:\/\/sejourlaponie.com\/wp-content\/uploads\/2018\/08\/chien-tra\u00eeneau-laponie_attelage-Aur\u00e9lie_1200x630.jpg","type":"image\/jpeg"}],"twitter_card":"summary_large_image","twitter_misc":{"Dur\u00e9e de lecture estim\u00e9e":"4 minutes"},"schema":{"@context":"https:\/\/schema.org","@graph":[{"@type":"WebPage","@id":"https:\/\/sejourlaponie.com\/index.php\/bien-etre\/","url":"https:\/\/sejourlaponie.com\/index.php\/bien-etre\/","name":"Bien-\u00eatre - S\u00e9jours nature &amp; Chien de tra\u00eeneau en Su\u00e8de","isPartOf":{"@id":"https:\/\/sejourlaponie.com\/#website"},"datePublished":"2018-04-04T21:20:18+00:00","dateModified":"2024-03-23T22:55:09+00:00","description":"Durant vos vacances en Laponie, vous go\u00fbterez avec bonheur \u00e0 l'art de vivre scandinave. Sauna et bain su\u00e9dois vous offrirons des instants de d\u00e9tente apr\u00e8s une journ\u00e9e pass\u00e9e au grand air !","breadcrumb":{"@id":"https:\/\/sejourlaponie.com\/index.php\/bien-etre\/#breadcrumb"},"inLanguage":"fr-FR","potentialAction":[{"@type":"ReadAction","target":["https:\/\/sejourlaponie.com\/index.php\/bien-etre\/"]}]},{"@type":"BreadcrumbList","@id":"https:\/\/sejourlaponie.com\/index.php\/bien-etre\/#breadcrumb","itemListElement":[{"@type":"ListItem","position":1,"name":"Accueil","item":"https:\/\/sejourlaponie.com\/"},{"@type":"ListItem","position":2,"name":"Bien-\u00eatre"}]},{"@type":"WebSite","@id":"https:\/\/sejourlaponie.com\/#website","url":"https:\/\/sejourlaponie.com\/","name":"Chien de tra\u00eeneau et s\u00e9jours nature en Laponie su\u00e9doise","description":"S\u00e9jours chiens de tra\u00eeneau et activit\u00e9s de nature en Laponie su\u00e9doise, hiver et \u00e9t\u00e9.","potentialAction":[{"@type":"SearchAction","target":{"@type":"EntryPoint","urlTemplate":"https:\/\/sejourlaponie.com\/?s={search_term_string}"},"query-input":{"@type":"PropertyValueSpecification","valueRequired":true,"valueName":"search_term_string"}}],"inLanguage":"fr-FR"}]}},"_links":{"self":[{"href":"https:\/\/sejourlaponie.com\/index.php\/wp-json\/wp\/v2\/pages\/337","targetHints":{"allow":["GET"]}}],"collection":[{"href":"https:\/\/sejourlaponie.com\/index.php\/wp-json\/wp\/v2\/pages"}],"about":[{"href":"https:\/\/sejourlaponie.com\/index.php\/wp-json\/wp\/v2\/types\/page"}],"author":[{"embeddable":true,"href":"https:\/\/sejourlaponie.com\/index.php\/wp-json\/wp\/v2\/users\/1"}],"replies":[{"embeddable":true,"href":"https:\/\/sejourlaponie.com\/index.php\/wp-json\/wp\/v2\/comments?post=337"}],"version-history":[{"count":7,"href":"https:\/\/sejourlaponie.com\/index.php\/wp-json\/wp\/v2\/pages\/337\/revisions"}],"predecessor-version":[{"id":1163,"href":"https:\/\/sejourlaponie.com\/index.php\/wp-json\/wp\/v2\/pages\/337\/revisions\/1163"}],"wp:attachment":[{"href":"https:\/\/sejourlaponie.com\/index.php\/wp-json\/wp\/v2\/media?parent=337"}],"curies":[{"name":"wp","href":"https:\/\/api.w.org\/{rel}","templated":true}]}}