{"id":335,"date":"2018-04-04T23:20:00","date_gmt":"2018-04-04T21:20:00","guid":{"rendered":"https:\/\/www.sejour-laponie.com\/?page_id=335"},"modified":"2024-03-23T23:55:10","modified_gmt":"2024-03-23T22:55:10","slug":"hebergement","status":"publish","type":"page","link":"https:\/\/sejourlaponie.com\/index.php\/hebergement\/","title":{"rendered":"H\u00e9bergement"},"content":{"rendered":"<p>[et_pb_section fb_built=\u00a0\u00bb1&Prime; fullwidth=\u00a0\u00bbon\u00a0\u00bb _builder_version=\u00a0\u00bb4.16&Prime; global_colors_info=\u00a0\u00bb{}\u00a0\u00bb][et_pb_fullwidth_image src=\u00a0\u00bbhttp:\/\/sejourlaponie.com\/wp-content\/uploads\/2018\/04\/sejour-chien-traineau-laponie-chalet-hebergement-header-1920&#215;860.jpg\u00a0\u00bb alt=\u00a0\u00bbNotre camp au coeur de la Laponie su\u00e9doise id\u00e9al pour un voyage chien de tra\u00eeneau !\u00a0\u00bb _builder_version=\u00a0\u00bb4.16&Prime; custom_margin=\u00a0\u00bb-70px||-70px||true\u00a0\u00bb global_colors_info=\u00a0\u00bb{}\u00a0\u00bb] \u00a0 [\/et_pb_fullwidth_image][\/et_pb_section][et_pb_section fb_built=\u00a0\u00bb1&Prime; _builder_version=\u00a0\u00bb4.16&Prime; custom_padding=\u00a0\u00bb30px|0px|30px|0px\u00a0\u00bb global_colors_info=\u00a0\u00bb{}\u00a0\u00bb][et_pb_row _builder_version=\u00a0\u00bb4.16&Prime; background_size=\u00a0\u00bbinitial\u00a0\u00bb background_position=\u00a0\u00bbtop_left\u00a0\u00bb background_repeat=\u00a0\u00bbrepeat\u00a0\u00bb custom_padding=\u00a0\u00bb0|0px|0|0px\u00a0\u00bb global_colors_info=\u00a0\u00bb{}\u00a0\u00bb][et_pb_column type=\u00a0\u00bb4_4&Prime; _builder_version=\u00a0\u00bb4.16&Prime; custom_padding=\u00a0\u00bb|||\u00a0\u00bb global_colors_info=\u00a0\u00bb{}\u00a0\u00bb custom_padding__hover=\u00a0\u00bb|||\u00a0\u00bb][et_pb_text _builder_version=\u00a0\u00bb4.16&Prime; text_font=\u00a0\u00bb||||||||\u00a0\u00bb header_font=\u00a0\u00bbSpectral|700|||||||\u00a0\u00bb header_text_color=\u00a0\u00bb#0038a7&Prime; header_2_font=\u00a0\u00bbSpectral||||||||\u00a0\u00bb header_2_text_color=\u00a0\u00bb#000000&Prime; header_2_font_size=\u00a0\u00bb22px\u00a0\u00bb global_colors_info=\u00a0\u00bb{}\u00a0\u00bb]<\/p>\n<h1>Votre h\u00e9bergement au c\u0153ur de la Laponie su\u00e9doise<\/h1>\n<p>[\/et_pb_text][\/et_pb_column][\/et_pb_row][et_pb_row column_structure=\u00a0\u00bb1_2,1_2&Prime; _builder_version=\u00a0\u00bb4.16&Prime; custom_padding=\u00a0\u00bb27px|0px|0|0px\u00a0\u00bb global_colors_info=\u00a0\u00bb{}\u00a0\u00bb][et_pb_column type=\u00a0\u00bb1_2&Prime; _builder_version=\u00a0\u00bb4.16&Prime; custom_padding=\u00a0\u00bb|||\u00a0\u00bb global_colors_info=\u00a0\u00bb{}\u00a0\u00bb custom_padding__hover=\u00a0\u00bb|||\u00a0\u00bb][et_pb_image src=\u00a0\u00bbhttp:\/\/sejourlaponie.com\/wp-content\/uploads\/2018\/04\/sejour-chien-traineau-laponie-chalet-hebergement-contenu1-510&#215;510.jpg\u00a0\u00bb alt=\u00a0\u00bbChalet individuel cosy pour un voyage chien de tra\u00eeneau cocooning&#8230;\u00a0\u00bb align_tablet=\u00a0\u00bbcenter\u00a0\u00bb align_phone=\u00a0\u00bb\u00a0\u00bb align_last_edited=\u00a0\u00bbon|desktop\u00a0\u00bb _builder_version=\u00a0\u00bb4.16&Prime; global_colors_info=\u00a0\u00bb{}\u00a0\u00bb] \u00a0 [\/et_pb_image][\/et_pb_column][et_pb_column type=\u00a0\u00bb1_2&Prime; _builder_version=\u00a0\u00bb4.16&Prime; custom_padding=\u00a0\u00bb|||\u00a0\u00bb global_colors_info=\u00a0\u00bb{}\u00a0\u00bb custom_padding__hover=\u00a0\u00bb|||\u00a0\u00bb][et_pb_text _builder_version=\u00a0\u00bb4.16&Prime; text_font=\u00a0\u00bbRoboto|300|||||||\u00a0\u00bb text_text_color=\u00a0\u00bb#000000&Prime; header_font=\u00a0\u00bbRoboto||||||||\u00a0\u00bb header_2_font=\u00a0\u00bbSpectral||||||||\u00a0\u00bb header_2_text_color=\u00a0\u00bb#000000&Prime; header_2_font_size=\u00a0\u00bb22px\u00a0\u00bb header_3_font=\u00a0\u00bbRoboto||||||||\u00a0\u00bb header_3_text_color=\u00a0\u00bb#000000&Prime; header_3_font_size=\u00a0\u00bb20px\u00a0\u00bb global_colors_info=\u00a0\u00bb{}\u00a0\u00bb]<\/p>\n<h2>Un chalet en Su\u00e8de : intime et cosy !<\/h2>\n<p>Le g\u00eete est compos\u00e9 de <strong>trois chalets ind\u00e9pendants. <\/strong>Ils sont enti\u00e8rement construits en madrier, isol\u00e9s avec des copeaux de bois et \u00e9galement am\u00e9nag\u00e9s avec des bouleaux de la for\u00eat.<br \/><span style=\"color: #000000;\"><span color=\"#E4E4E4\">Ces chalets\u00a0<b>confortables<\/b>\u00a0sont ainsi constitu\u00e9s d\u2019une seule pi\u00e8ce. Ils sont donc pr\u00e9vus pour un\u00a0<b>couple<\/b>\u00a0avec \u00e9ventuellement\u00a0<b>un ou deux enfants<\/b>.<\/span><\/span><span color=\"#D5DADE\" style=\"color: #d5dade;\"><br \/><span style=\"color: #000000;\">R\u00e9cemment\u00a0nous avons am\u00e9nag\u00e9 un bus entier :\u00a0 \u00ab\u00a0Into The Wild\u00a0\u00bb,\u00a0 install\u00e9 au coeur de\u00a0la for\u00eat avec deux chambres\u00a0doubles !<\/span><br \/><span style=\"color: #000000;\">Nous accueillons\u00a0<b> 8 personnes pour un m\u00eame s\u00e9jour (env.),<\/b>\u00a0 c&rsquo;est un vrai avantage pour un voyage chien de tra\u00eeneau ou multi-activit\u00e9s en petit comit\u00e9 !.<\/span><span><\/span><br \/><\/span><\/p>\n<p>[\/et_pb_text][et_pb_text _builder_version=\u00a0\u00bb4.16&Prime; text_font=\u00a0\u00bbRoboto|300|||||||\u00a0\u00bb text_text_color=\u00a0\u00bb#000000&Prime; header_font=\u00a0\u00bbRoboto||||||||\u00a0\u00bb header_2_font=\u00a0\u00bbSpectral||||||||\u00a0\u00bb header_2_text_color=\u00a0\u00bb#000000&Prime; header_2_font_size=\u00a0\u00bb22px\u00a0\u00bb header_3_font=\u00a0\u00bbRoboto||||||||\u00a0\u00bb header_3_text_color=\u00a0\u00bb#000000&Prime; header_3_font_size=\u00a0\u00bb20px\u00a0\u00bb global_colors_info=\u00a0\u00bb{}\u00a0\u00bb]<\/p>\n<h2 style=\"text-align: center;\"><span style=\"color: #000000;\"><span color=\"#D5DADE\">Consommez local <\/span>\u00a0!<\/span><\/h2>\n<p style=\"text-align: center;\"><span color=\"#D5DADE\" style=\"color: #d5dade;\"><span color=\"#D5DADE\" style=\"color: #000000;\">Remy, <strong>Meilleur Ouvrier\u00a0de France en boulangerie<\/strong> fait de la cuisine maison : <br \/><\/span><\/span><span color=\"#D5DADE\" style=\"color: #d5dade;\"><span color=\"#D5DADE\" style=\"color: #000000;\">Bonheur assure\u00a0!<br \/>Des poules qui apporteront tous les oeufs n\u00e9cessaires\u00a0aux pancakes, gateaux&#8230; Pr\u00e9cisons que la viande que nous vous servons vient de l&rsquo;\u00e9levage a 5km de notre g\u00eete.Au printemps nous r\u00e9coltons\u00a0de la s\u00e8ve de bouleau, pour que vous puissiez en boire pendant votre semaine chez nous !<\/span><br \/><\/span><\/p>\n<p>[\/et_pb_text][\/et_pb_column][\/et_pb_row][et_pb_row _builder_version=\u00a0\u00bb4.16&Prime; custom_padding=\u00a0\u00bb27px|0px|3px|0px\u00a0\u00bb global_colors_info=\u00a0\u00bb{}\u00a0\u00bb][et_pb_column type=\u00a0\u00bb4_4&Prime; _builder_version=\u00a0\u00bb4.16&Prime; custom_padding=\u00a0\u00bb|||\u00a0\u00bb global_colors_info=\u00a0\u00bb{}\u00a0\u00bb custom_padding__hover=\u00a0\u00bb|||\u00a0\u00bb][et_pb_text _builder_version=\u00a0\u00bb4.16&Prime; text_font=\u00a0\u00bbRoboto|300|||||||\u00a0\u00bb text_text_color=\u00a0\u00bb#000000&Prime; header_font=\u00a0\u00bb||||||||\u00a0\u00bb header_2_font=\u00a0\u00bbSpectral||||||||\u00a0\u00bb header_2_font_size=\u00a0\u00bb22px\u00a0\u00bb global_colors_info=\u00a0\u00bb{}\u00a0\u00bb]<\/p>\n<h2 style=\"text-align: center;\">Visite virtuelle de votre chalet en Laponie !<\/h2>\n<p style=\"text-align: center;\"><em>Cliquez sur l&rsquo;image agrandir la photo<\/em><\/p>\n<p>[\/et_pb_text][et_pb_gallery gallery_ids=\u00a0\u00bb459,1471,462,578,455,461,463,464&Prime; gallery_captions=\u00a0\u00bb,,,,,,,,\u00a0\u00bb posts_number=\u00a0\u00bb8&Prime; show_title_and_caption=\u00a0\u00bboff\u00a0\u00bb show_pagination=\u00a0\u00bboff\u00a0\u00bb hover_icon=\u00a0\u00bb&#xe042;||divi||400&Prime; _builder_version=\u00a0\u00bb4.16&Prime; caption_font=\u00a0\u00bbRoboto|300|||||||\u00a0\u00bb caption_text_align=\u00a0\u00bbcenter\u00a0\u00bb parallax=\u00a0\u00bbon\u00a0\u00bb border_color_all_image=\u00a0\u00bbrgba(255,255,255,0)\u00a0\u00bb global_colors_info=\u00a0\u00bb{}\u00a0\u00bb] \u00a0 [\/et_pb_gallery][\/et_pb_column][\/et_pb_row][et_pb_row _builder_version=\u00a0\u00bb4.16&Prime; custom_padding=\u00a0\u00bb0|0px|3px|0px\u00a0\u00bb global_colors_info=\u00a0\u00bb{}\u00a0\u00bb][et_pb_column type=\u00a0\u00bb4_4&Prime; _builder_version=\u00a0\u00bb4.16&Prime; custom_padding=\u00a0\u00bb|||\u00a0\u00bb global_colors_info=\u00a0\u00bb{}\u00a0\u00bb custom_padding__hover=\u00a0\u00bb|||\u00a0\u00bb][et_pb_image src=\u00a0\u00bbhttp:\/\/sejourlaponie.com\/wp-content\/uploads\/2018\/04\/sejour-chien-traineau-laponie-chalet-hebergement-sallecommune-1200&#215;510.jpg\u00a0\u00bb align=\u00a0\u00bbcenter\u00a0\u00bb align_tablet=\u00a0\u00bbcenter\u00a0\u00bb align_phone=\u00a0\u00bb\u00a0\u00bb align_last_edited=\u00a0\u00bbon|desktop\u00a0\u00bb _builder_version=\u00a0\u00bb4.16&Prime; global_colors_info=\u00a0\u00bb{}\u00a0\u00bb] \u00a0 [\/et_pb_image][et_pb_text _builder_version=\u00a0\u00bb4.16&Prime; text_font=\u00a0\u00bbRoboto|300|||||||\u00a0\u00bb text_text_color=\u00a0\u00bb#000000&Prime; header_font=\u00a0\u00bbRoboto||||||||\u00a0\u00bb header_2_font=\u00a0\u00bbSpectral||||||||\u00a0\u00bb header_2_text_color=\u00a0\u00bb#000000&Prime; header_2_font_size=\u00a0\u00bb22px\u00a0\u00bb header_3_font=\u00a0\u00bbRoboto||||||||\u00a0\u00bb header_3_text_color=\u00a0\u00bb#000000&Prime; header_3_font_size=\u00a0\u00bb20px\u00a0\u00bb global_colors_info=\u00a0\u00bb{}\u00a0\u00bb]<\/p>\n<h2 style=\"text-align: center;\">Un lieu convivial pour prendre les repas et aussi passer du temps ensemble.<\/h2>\n<p style=\"text-align: center;\">Nous vous avons en plus construit une<strong> chaleureuse pi\u00e8ce commune attenante \u00e0 la maison<\/strong> et donc toujours pr\u00eate \u00e0 vous accueillir pour un caf\u00e9, un th\u00e9 et des petits g\u00e2teaux (boissons chaudes et g\u00e2teaux \u00e0 libre disposition toute la journ\u00e9e) !<br \/> Elle aussi est construite tout en bois, par cons\u00e9quent une douce odeur de for\u00eat s\u2019en d\u00e9gage !<br \/> <strong>Les repas, faits maison<\/strong>, y sont en outre pris tous ensemble face \u00e0 une vue magnifique de la for\u00eat lapone.<br \/> Chauff\u00e9e au <strong>po\u00eale \u00e0 bois<\/strong>, c\u2019est aussi le lieu id\u00e9al pour raconter les anecdotes des sorties de la journ\u00e9e, en sirotant l\u2019ap\u00e9ritif confortablement install\u00e9s dans les canap\u00e9s.<br \/> De plus, toilettes et douches sont de m\u00eame situ\u00e9es au niveau de la salle commune.<br \/> Il n\u2019y a pas de WC dans les chalets car il n&rsquo;ont pas l\u2019eau courante. Ils disposent toutefois d\u2019une r\u00e9serve d\u2019eau pour boire, pr\u00e9parer le th\u00e9, vous laver les mains\u2026<\/p>\n<p>[\/et_pb_text][\/et_pb_column][\/et_pb_row][et_pb_row _builder_version=\u00a0\u00bb4.16&Prime; custom_padding=\u00a0\u00bb27px|0px|3px|0px\u00a0\u00bb global_colors_info=\u00a0\u00bb{}\u00a0\u00bb][et_pb_column type=\u00a0\u00bb4_4&Prime; _builder_version=\u00a0\u00bb4.16&Prime; custom_padding=\u00a0\u00bb|||\u00a0\u00bb global_colors_info=\u00a0\u00bb{}\u00a0\u00bb custom_padding__hover=\u00a0\u00bb|||\u00a0\u00bb][et_pb_text _builder_version=\u00a0\u00bb4.16&Prime; text_font=\u00a0\u00bbRoboto|300|||||||\u00a0\u00bb text_text_color=\u00a0\u00bb#000000&Prime; header_font=\u00a0\u00bb||||||||\u00a0\u00bb header_2_font=\u00a0\u00bbSpectral||||||||\u00a0\u00bb header_2_font_size=\u00a0\u00bb22px\u00a0\u00bb global_colors_info=\u00a0\u00bb{}\u00a0\u00bb]<\/p>\n<h2 style=\"text-align: center;\">Visite virtuelle du grand chalet salle commune.<\/h2>\n<p style=\"text-align: center;\"><em>Cliquez sur l&rsquo;image agrandir la photo<\/em><\/p>\n<p>[\/et_pb_text][et_pb_gallery gallery_ids=\u00a0\u00bb583,582,581,580,584&Prime; gallery_captions=\u00a0\u00bb,,,,\u00a0\u00bb posts_number=\u00a0\u00bb8&Prime; show_title_and_caption=\u00a0\u00bboff\u00a0\u00bb show_pagination=\u00a0\u00bboff\u00a0\u00bb hover_icon=\u00a0\u00bb&#xe042;||divi||400&Prime; _builder_version=\u00a0\u00bb4.16&Prime; caption_font=\u00a0\u00bbRoboto|300|||||||\u00a0\u00bb caption_text_align=\u00a0\u00bbcenter\u00a0\u00bb parallax=\u00a0\u00bbon\u00a0\u00bb border_color_all_image=\u00a0\u00bbrgba(255,255,255,0)\u00a0\u00bb global_colors_info=\u00a0\u00bb{}\u00a0\u00bb] \u00a0 [\/et_pb_gallery][\/et_pb_column][\/et_pb_row][et_pb_row column_structure=\u00a0\u00bb1_2,1_2&Prime; _builder_version=\u00a0\u00bb4.16&Prime; global_colors_info=\u00a0\u00bb{}\u00a0\u00bb][et_pb_column type=\u00a0\u00bb1_2&Prime; _builder_version=\u00a0\u00bb4.16&Prime; custom_padding=\u00a0\u00bb|||\u00a0\u00bb global_colors_info=\u00a0\u00bb{}\u00a0\u00bb custom_padding__hover=\u00a0\u00bb|||\u00a0\u00bb][et_pb_image src=\u00a0\u00bbhttp:\/\/sejourlaponie.com\/wp-content\/uploads\/2018\/04\/sejour-chien-traineau-laponie-chalet-hebergement-contenu2-510&#215;510.jpg\u00a0\u00bb align_tablet=\u00a0\u00bbcenter\u00a0\u00bb align_phone=\u00a0\u00bb\u00a0\u00bb align_last_edited=\u00a0\u00bbon|desktop\u00a0\u00bb _builder_version=\u00a0\u00bb4.16&Prime; global_colors_info=\u00a0\u00bb{}\u00a0\u00bb] \u00a0 [\/et_pb_image][\/et_pb_column][et_pb_column type=\u00a0\u00bb1_2&Prime; _builder_version=\u00a0\u00bb4.16&Prime; custom_padding=\u00a0\u00bb|||\u00a0\u00bb global_colors_info=\u00a0\u00bb{}\u00a0\u00bb custom_padding__hover=\u00a0\u00bb|||\u00a0\u00bb][et_pb_text _builder_version=\u00a0\u00bb4.16&Prime; text_font=\u00a0\u00bbRoboto|300|||||||\u00a0\u00bb text_text_color=\u00a0\u00bb#000000&Prime; header_font=\u00a0\u00bbRoboto||||||||\u00a0\u00bb header_2_font=\u00a0\u00bbSpectral||||||||\u00a0\u00bb header_2_text_color=\u00a0\u00bb#000000&Prime; header_2_font_size=\u00a0\u00bb22px\u00a0\u00bb header_3_font=\u00a0\u00bbRoboto||||||||\u00a0\u00bb header_3_text_color=\u00a0\u00bb#000000&Prime; header_3_font_size=\u00a0\u00bb20px\u00a0\u00bb global_colors_info=\u00a0\u00bb{}\u00a0\u00bb]<\/p>\n<h2>Au c\u0153ur de la nature lapone, les animaux du camp comme compagnons fid\u00e8les\u2026<\/h2>\n<p style=\"text-align: center;\"><span color=\"#D5DADE\">Les chalets sont install\u00e9s \u00e0\u00a0<b>proximit\u00e9 de la maison principale.<\/b><br \/>Ainsi, la vue de la terrasse et des fen\u00eatres donne sur la\u00a0<b>for\u00eat de bouleaux et de sapins<\/b>.<\/span><\/p>\n<p style=\"text-align: center;\"><span color=\"#D5DADE\"><br \/>Les chalets bordent le\u00a0<b>parc des chevaux<\/b>, vous pouvez alors parfois entendre leurs pas. Ils sont tr\u00e8s curieux et viennent donc fr\u00e9quemment demander des caresses !<br \/>Vous serez aussi r\u00e9guli\u00e8rement accompagn\u00e9 par un des deux\u00a0<b>chat<\/b>\u00a0\u201cGosan\u201d pour retourner \u00e0 votre chalet car il adore la neige !<\/span><\/p>\n<p style=\"text-align: center;\"><span color=\"#D5DADE\"><br \/>Les chats Gosan et Pippin sont tres\u00a0affectueux, si vous laissez vos portes ouvertes en ete\u00a0vous risquez de retrouver nos chats sur votre canape\u00a0!<br \/><\/span><span color=\"#D5DADE\">Depuis le printemps 2020 des chevres\u00a0ont rejoint notre monde, elles sont\u00a0affectueuses et feront le bonheur de vos enfants !<\/span><span color=\"#D5DADE\" style=\"color: #d5dade;\"><br \/><\/span><\/p>\n<p>&nbsp;<\/p>\n<p>[\/et_pb_text][\/et_pb_column][\/et_pb_row][\/et_pb_section]<\/p>\n","protected":false},"excerpt":{"rendered":"<p>\u00a0 Votre h\u00e9bergement au c\u0153ur de la Laponie su\u00e9doise \u00a0 Un chalet en Su\u00e8de : intime et cosy ! Le g\u00eete est compos\u00e9 de trois chalets ind\u00e9pendants. Ils sont enti\u00e8rement construits en madrier, isol\u00e9s avec des copeaux de bois et \u00e9galement am\u00e9nag\u00e9s avec des bouleaux de la for\u00eat.Ces chalets\u00a0confortables\u00a0sont ainsi constitu\u00e9s d\u2019une seule pi\u00e8ce. Ils [&hellip;]<\/p>\n","protected":false},"author":1,"featured_media":0,"parent":0,"menu_order":0,"comment_status":"closed","ping_status":"closed","template":"","meta":{"_et_pb_use_builder":"on","_et_pb_old_content":"","_et_gb_content_width":"","footnotes":""},"class_list":["post-335","page","type-page","status-publish","hentry"],"yoast_head":"<!-- This site is optimized with the Yoast SEO plugin v25.9 - https:\/\/yoast.com\/wordpress\/plugins\/seo\/ -->\n<title>H\u00e9bergement - S\u00e9jours nature &amp; Chien de tra\u00eeneau en Su\u00e8de<\/title>\n<meta name=\"description\" content=\"Aur\u00e9lie &amp; R\u00e9my vous accueillent chez eux \u00e0 \u00c4lgb\u00e4ck, au coeur de la Laponie su\u00e9doise. Lieu id\u00e9al de vill\u00e9giature pour le plus merveilleux voyage chien de tra\u00eeneau ou un s\u00e9jour estival. Chalets individuels cosy, bain nordique &amp; sauna, cuisine et douceurs maison (R\u00e9my est aussi chef p\u00e2tissier !). R\u00e9servez maintenant !\" \/>\n<meta name=\"robots\" content=\"index, follow, max-snippet:-1, max-image-preview:large, max-video-preview:-1\" \/>\n<link rel=\"canonical\" href=\"https:\/\/sejourlaponie.com\/index.php\/hebergement\/\" \/>\n<meta property=\"og:locale\" content=\"fr_FR\" \/>\n<meta property=\"og:type\" content=\"article\" \/>\n<meta property=\"og:title\" content=\"H\u00e9bergement - S\u00e9jours nature &amp; Chien de tra\u00eeneau en Su\u00e8de\" \/>\n<meta property=\"og:description\" content=\"Aur\u00e9lie &amp; R\u00e9my vous accueillent chez eux \u00e0 \u00c4lgb\u00e4ck, au coeur de la Laponie su\u00e9doise. Lieu id\u00e9al de vill\u00e9giature pour le plus merveilleux voyage chien de tra\u00eeneau ou un s\u00e9jour estival. Chalets individuels cosy, bain nordique &amp; sauna, cuisine et douceurs maison (R\u00e9my est aussi chef p\u00e2tissier !). R\u00e9servez maintenant !\" \/>\n<meta property=\"og:url\" content=\"https:\/\/sejourlaponie.com\/index.php\/hebergement\/\" \/>\n<meta property=\"og:site_name\" content=\"S\u00e9jours nature &amp; Chien de tra\u00eeneau en Su\u00e8de\" \/>\n<meta property=\"article:publisher\" content=\"https:\/\/www.facebook.com\/Teamrevesetpassion.remycoste\" \/>\n<meta property=\"article:modified_time\" content=\"2024-03-23T22:55:10+00:00\" \/>\n<meta property=\"og:image\" content=\"https:\/\/sejourlaponie.com\/wp-content\/uploads\/2018\/08\/chien-tra\u00eeneau-laponie_attelage-Aur\u00e9lie_1200x630.jpg\" \/>\n\t<meta property=\"og:image:width\" content=\"1200\" \/>\n\t<meta property=\"og:image:height\" content=\"630\" \/>\n\t<meta property=\"og:image:type\" content=\"image\/jpeg\" \/>\n<meta name=\"twitter:card\" content=\"summary_large_image\" \/>\n<meta name=\"twitter:label1\" content=\"Dur\u00e9e de lecture estim\u00e9e\" \/>\n\t<meta name=\"twitter:data1\" content=\"7 minutes\" \/>\n<script type=\"application\/ld+json\" class=\"yoast-schema-graph\">{\"@context\":\"https:\/\/schema.org\",\"@graph\":[{\"@type\":\"WebPage\",\"@id\":\"https:\/\/sejourlaponie.com\/index.php\/hebergement\/\",\"url\":\"https:\/\/sejourlaponie.com\/index.php\/hebergement\/\",\"name\":\"H\u00e9bergement - S\u00e9jours nature &amp; Chien de tra\u00eeneau en Su\u00e8de\",\"isPartOf\":{\"@id\":\"https:\/\/sejourlaponie.com\/#website\"},\"datePublished\":\"2018-04-04T21:20:00+00:00\",\"dateModified\":\"2024-03-23T22:55:10+00:00\",\"description\":\"Aur\u00e9lie & R\u00e9my vous accueillent chez eux \u00e0 \u00c4lgb\u00e4ck, au coeur de la Laponie su\u00e9doise. Lieu id\u00e9al de vill\u00e9giature pour le plus merveilleux voyage chien de tra\u00eeneau ou un s\u00e9jour estival. Chalets individuels cosy, bain nordique & sauna, cuisine et douceurs maison (R\u00e9my est aussi chef p\u00e2tissier !). R\u00e9servez maintenant !\",\"breadcrumb\":{\"@id\":\"https:\/\/sejourlaponie.com\/index.php\/hebergement\/#breadcrumb\"},\"inLanguage\":\"fr-FR\",\"potentialAction\":[{\"@type\":\"ReadAction\",\"target\":[\"https:\/\/sejourlaponie.com\/index.php\/hebergement\/\"]}]},{\"@type\":\"BreadcrumbList\",\"@id\":\"https:\/\/sejourlaponie.com\/index.php\/hebergement\/#breadcrumb\",\"itemListElement\":[{\"@type\":\"ListItem\",\"position\":1,\"name\":\"Accueil\",\"item\":\"https:\/\/sejourlaponie.com\/\"},{\"@type\":\"ListItem\",\"position\":2,\"name\":\"H\u00e9bergement\"}]},{\"@type\":\"WebSite\",\"@id\":\"https:\/\/sejourlaponie.com\/#website\",\"url\":\"https:\/\/sejourlaponie.com\/\",\"name\":\"Chien de tra\u00eeneau et s\u00e9jours nature en Laponie su\u00e9doise\",\"description\":\"S\u00e9jours chiens de tra\u00eeneau et activit\u00e9s de nature en Laponie su\u00e9doise, hiver et \u00e9t\u00e9.\",\"potentialAction\":[{\"@type\":\"SearchAction\",\"target\":{\"@type\":\"EntryPoint\",\"urlTemplate\":\"https:\/\/sejourlaponie.com\/?s={search_term_string}\"},\"query-input\":{\"@type\":\"PropertyValueSpecification\",\"valueRequired\":true,\"valueName\":\"search_term_string\"}}],\"inLanguage\":\"fr-FR\"}]}<\/script>\n<!-- \/ Yoast SEO plugin. -->","yoast_head_json":{"title":"H\u00e9bergement - S\u00e9jours nature &amp; Chien de tra\u00eeneau en Su\u00e8de","description":"Aur\u00e9lie & R\u00e9my vous accueillent chez eux \u00e0 \u00c4lgb\u00e4ck, au coeur de la Laponie su\u00e9doise. Lieu id\u00e9al de vill\u00e9giature pour le plus merveilleux voyage chien de tra\u00eeneau ou un s\u00e9jour estival. Chalets individuels cosy, bain nordique & sauna, cuisine et douceurs maison (R\u00e9my est aussi chef p\u00e2tissier !). R\u00e9servez maintenant !","robots":{"index":"index","follow":"follow","max-snippet":"max-snippet:-1","max-image-preview":"max-image-preview:large","max-video-preview":"max-video-preview:-1"},"canonical":"https:\/\/sejourlaponie.com\/index.php\/hebergement\/","og_locale":"fr_FR","og_type":"article","og_title":"H\u00e9bergement - S\u00e9jours nature &amp; Chien de tra\u00eeneau en Su\u00e8de","og_description":"Aur\u00e9lie & R\u00e9my vous accueillent chez eux \u00e0 \u00c4lgb\u00e4ck, au coeur de la Laponie su\u00e9doise. Lieu id\u00e9al de vill\u00e9giature pour le plus merveilleux voyage chien de tra\u00eeneau ou un s\u00e9jour estival. Chalets individuels cosy, bain nordique & sauna, cuisine et douceurs maison (R\u00e9my est aussi chef p\u00e2tissier !). R\u00e9servez maintenant !","og_url":"https:\/\/sejourlaponie.com\/index.php\/hebergement\/","og_site_name":"S\u00e9jours nature &amp; Chien de tra\u00eeneau en Su\u00e8de","article_publisher":"https:\/\/www.facebook.com\/Teamrevesetpassion.remycoste","article_modified_time":"2024-03-23T22:55:10+00:00","og_image":[{"width":1200,"height":630,"url":"https:\/\/sejourlaponie.com\/wp-content\/uploads\/2018\/08\/chien-tra\u00eeneau-laponie_attelage-Aur\u00e9lie_1200x630.jpg","type":"image\/jpeg"}],"twitter_card":"summary_large_image","twitter_misc":{"Dur\u00e9e de lecture estim\u00e9e":"7 minutes"},"schema":{"@context":"https:\/\/schema.org","@graph":[{"@type":"WebPage","@id":"https:\/\/sejourlaponie.com\/index.php\/hebergement\/","url":"https:\/\/sejourlaponie.com\/index.php\/hebergement\/","name":"H\u00e9bergement - S\u00e9jours nature &amp; Chien de tra\u00eeneau en Su\u00e8de","isPartOf":{"@id":"https:\/\/sejourlaponie.com\/#website"},"datePublished":"2018-04-04T21:20:00+00:00","dateModified":"2024-03-23T22:55:10+00:00","description":"Aur\u00e9lie & R\u00e9my vous accueillent chez eux \u00e0 \u00c4lgb\u00e4ck, au coeur de la Laponie su\u00e9doise. Lieu id\u00e9al de vill\u00e9giature pour le plus merveilleux voyage chien de tra\u00eeneau ou un s\u00e9jour estival. Chalets individuels cosy, bain nordique & sauna, cuisine et douceurs maison (R\u00e9my est aussi chef p\u00e2tissier !). R\u00e9servez maintenant !","breadcrumb":{"@id":"https:\/\/sejourlaponie.com\/index.php\/hebergement\/#breadcrumb"},"inLanguage":"fr-FR","potentialAction":[{"@type":"ReadAction","target":["https:\/\/sejourlaponie.com\/index.php\/hebergement\/"]}]},{"@type":"BreadcrumbList","@id":"https:\/\/sejourlaponie.com\/index.php\/hebergement\/#breadcrumb","itemListElement":[{"@type":"ListItem","position":1,"name":"Accueil","item":"https:\/\/sejourlaponie.com\/"},{"@type":"ListItem","position":2,"name":"H\u00e9bergement"}]},{"@type":"WebSite","@id":"https:\/\/sejourlaponie.com\/#website","url":"https:\/\/sejourlaponie.com\/","name":"Chien de tra\u00eeneau et s\u00e9jours nature en Laponie su\u00e9doise","description":"S\u00e9jours chiens de tra\u00eeneau et activit\u00e9s de nature en Laponie su\u00e9doise, hiver et \u00e9t\u00e9.","potentialAction":[{"@type":"SearchAction","target":{"@type":"EntryPoint","urlTemplate":"https:\/\/sejourlaponie.com\/?s={search_term_string}"},"query-input":{"@type":"PropertyValueSpecification","valueRequired":true,"valueName":"search_term_string"}}],"inLanguage":"fr-FR"}]}},"_links":{"self":[{"href":"https:\/\/sejourlaponie.com\/index.php\/wp-json\/wp\/v2\/pages\/335","targetHints":{"allow":["GET"]}}],"collection":[{"href":"https:\/\/sejourlaponie.com\/index.php\/wp-json\/wp\/v2\/pages"}],"about":[{"href":"https:\/\/sejourlaponie.com\/index.php\/wp-json\/wp\/v2\/types\/page"}],"author":[{"embeddable":true,"href":"https:\/\/sejourlaponie.com\/index.php\/wp-json\/wp\/v2\/users\/1"}],"replies":[{"embeddable":true,"href":"https:\/\/sejourlaponie.com\/index.php\/wp-json\/wp\/v2\/comments?post=335"}],"version-history":[{"count":32,"href":"https:\/\/sejourlaponie.com\/index.php\/wp-json\/wp\/v2\/pages\/335\/revisions"}],"predecessor-version":[{"id":15925,"href":"https:\/\/sejourlaponie.com\/index.php\/wp-json\/wp\/v2\/pages\/335\/revisions\/15925"}],"wp:attachment":[{"href":"https:\/\/sejourlaponie.com\/index.php\/wp-json\/wp\/v2\/media?parent=335"}],"curies":[{"name":"wp","href":"https:\/\/api.w.org\/{rel}","templated":true}]}}