{"id":182,"date":"2018-03-31T00:30:14","date_gmt":"2018-03-30T22:30:14","guid":{"rendered":"https:\/\/www.sejour-laponie.com\/?page_id=182"},"modified":"2024-03-23T23:55:09","modified_gmt":"2024-03-23T22:55:09","slug":"contact-reservation","status":"publish","type":"page","link":"https:\/\/sejourlaponie.com\/index.php\/contact-reservation\/","title":{"rendered":"Formulaire contact &#038; r\u00e9servation"},"content":{"rendered":"<p>[et_pb_section bb_built=\u00a0\u00bb1&Prime; _builder_version=\u00a0\u00bb3.1.1&Prime; background_image=\u00a0\u00bbhttp:\/\/sejourlaponie.com\/wp-content\/uploads\/2018\/04\/sejour-chien-traineau-laponie-contact-fond_1920x1440.jpg\u00a0\u00bb parallax=\u00a0\u00bbon\u00a0\u00bb custom_padding=\u00a0\u00bb30px|0px|30px|0px\u00a0\u00bb][et_pb_row custom_padding=\u00a0\u00bb0|0px|0|0px\u00a0\u00bb _builder_version=\u00a0\u00bb3.1.1&Prime;][et_pb_column type=\u00a0\u00bb4_4&Prime;][et_pb_text _builder_version=\u00a0\u00bb3.3.1&Prime; header_font=\u00a0\u00bbSpectral|600|||||||\u00a0\u00bb header_text_color=\u00a0\u00bb#0038a7&Prime; header_2_font=\u00a0\u00bbSpectral||||||||\u00a0\u00bb header_2_text_color=\u00a0\u00bb#000000&Prime; header_2_font_size=\u00a0\u00bb22px\u00a0\u00bb]<\/p>\n<h1>Vous souhaitez r\u00e9server votre s\u00e9jour ou obtenir une information ?<\/h1>\n<h1>Contactez-nous gr\u00e2ce au formulaire ci-dessous.<\/h1>\n<h2>Pour toute demande de r\u00e9servation, nous vous conseillons de v\u00e9rifier les dates de s\u00e9jour propos\u00e9es et les disponibilit\u00e9s en cliquant sur le bouton ci-dessous.<\/h2>\n<h2>Merci de bien vouloir nous pr\u00e9ciser la p\u00e9riode de s\u00e9jour souhait\u00e9e.<\/h2>\n<h2>Au plaisir de vous recevoir bient\u00f4t chez nous, en Laponie su\u00e9doise&#8230;<\/h2>\n<p>[\/et_pb_text][\/et_pb_column][\/et_pb_row][et_pb_row _builder_version=\u00a0\u00bb3.1.1&Prime;][et_pb_column type=\u00a0\u00bb4_4&Prime;][et_pb_button button_url=\u00a0\u00bbhttp:\/\/sejourlaponie.com\/index.php\/tarifs-disponibilites\/\u00a0\u00bb url_new_window=\u00a0\u00bbon\u00a0\u00bb button_text=\u00a0\u00bbVOIR LES DATES DE S\u00c9JOURS ET DISPONIBILIT\u00c9S\u00a0\u00bb button_alignment=\u00a0\u00bbcenter\u00a0\u00bb _builder_version=\u00a0\u00bb3.1.1&Prime; custom_button=\u00a0\u00bbon\u00a0\u00bb button_text_color=\u00a0\u00bb#ffffff\u00a0\u00bb button_bg_color=\u00a0\u00bb#0038a7&Prime; button_border_width=\u00a0\u00bb0px\u00a0\u00bb button_font=\u00a0\u00bbSpectral||||||||\u00a0\u00bb]<br \/>\n[\/et_pb_button][\/et_pb_column][\/et_pb_row][et_pb_row _builder_version=\u00a0\u00bb3.1.1&Prime;][et_pb_column type=\u00a0\u00bb4_4&Prime;][et_pb_text _builder_version=\u00a0\u00bb3.1.1&Prime; text_font=\u00a0\u00bbRoboto|300|||||||\u00a0\u00bb text_text_color=\u00a0\u00bb#000000&Prime; text_font_size=\u00a0\u00bb16px\u00a0\u00bb text_line_height=\u00a0\u00bb1.2em\u00a0\u00bb header_font=\u00a0\u00bbSpectral||||||||\u00a0\u00bb]<\/p>\n\n<div class=\"wpcf7 no-js\" id=\"wpcf7-f217-o1\" lang=\"fr-FR\" dir=\"ltr\" data-wpcf7-id=\"217\">\n<div class=\"screen-reader-response\"><p role=\"status\" aria-live=\"polite\" aria-atomic=\"true\"><\/p> <ul><\/ul><\/div>\n<form action=\"\/index.php\/wp-json\/wp\/v2\/pages\/182#wpcf7-f217-o1\" method=\"post\" class=\"wpcf7-form init\" aria-label=\"Formulaire de contact\" novalidate=\"novalidate\" data-status=\"init\">\n<fieldset class=\"hidden-fields-container\"><input type=\"hidden\" name=\"_wpcf7\" value=\"217\" \/><input type=\"hidden\" name=\"_wpcf7_version\" value=\"6.1.1\" \/><input type=\"hidden\" name=\"_wpcf7_locale\" value=\"fr_FR\" \/><input type=\"hidden\" name=\"_wpcf7_unit_tag\" value=\"wpcf7-f217-o1\" \/><input type=\"hidden\" name=\"_wpcf7_container_post\" value=\"0\" \/><input type=\"hidden\" name=\"_wpcf7_posted_data_hash\" value=\"\" \/>\n<\/fieldset>\n<p><label> Pr\u00e9nom & nom<br \/>\n<span class=\"wpcf7-form-control-wrap\" data-name=\"your-name\"><input size=\"40\" maxlength=\"400\" class=\"wpcf7-form-control wpcf7-text wpcf7-validates-as-required\" aria-required=\"true\" aria-invalid=\"false\" value=\"\" type=\"text\" name=\"your-name\" \/><\/span> <\/label>\n<\/p>\n<p><label> Email<br \/>\n<span class=\"wpcf7-form-control-wrap\" data-name=\"your-email\"><input size=\"40\" maxlength=\"400\" class=\"wpcf7-form-control wpcf7-email wpcf7-validates-as-required wpcf7-text wpcf7-validates-as-email\" aria-required=\"true\" aria-invalid=\"false\" value=\"\" type=\"email\" name=\"your-email\" \/><\/span> <\/label>\n<\/p>\n<p><label> T\u00e9l\u00e9phone<br \/>\n<span class=\"wpcf7-form-control-wrap\" data-name=\"tel-735\"><input size=\"40\" maxlength=\"400\" class=\"wpcf7-form-control wpcf7-tel wpcf7-text wpcf7-validates-as-tel\" aria-invalid=\"false\" placeholder=\"\" value=\"\" type=\"tel\" name=\"tel-735\" \/><\/span> <\/label>\n<\/p>\n<p><label> Objet<br \/>\n<span class=\"wpcf7-form-control-wrap\" data-name=\"your-subject\"><input size=\"40\" maxlength=\"400\" class=\"wpcf7-form-control wpcf7-text\" aria-invalid=\"false\" value=\"\" type=\"text\" name=\"your-subject\" \/><\/span> <\/label>\n<\/p>\n<p><label> Message<br \/>\n<span class=\"wpcf7-form-control-wrap\" data-name=\"your-message\"><textarea cols=\"40\" rows=\"10\" maxlength=\"2000\" class=\"wpcf7-form-control wpcf7-textarea\" aria-invalid=\"false\" name=\"your-message\"><\/textarea><\/span> <\/label>\n<\/p>\n<p><input class=\"wpcf7-form-control wpcf7-submit has-spinner\" type=\"submit\" value=\"ENVOYER\" \/>\n<\/p><p style=\"display: none !important;\" class=\"akismet-fields-container\" data-prefix=\"_wpcf7_ak_\"><label>&#916;<textarea name=\"_wpcf7_ak_hp_textarea\" cols=\"45\" rows=\"8\" maxlength=\"100\"><\/textarea><\/label><input type=\"hidden\" id=\"ak_js_1\" name=\"_wpcf7_ak_js\" value=\"191\"\/><script>document.getElementById( \"ak_js_1\" ).setAttribute( \"value\", ( new Date() ).getTime() );<\/script><\/p><div class=\"wpcf7-response-output\" aria-hidden=\"true\"><\/div>\n<\/form>\n<\/div>\n\n<p>[\/et_pb_text][\/et_pb_column][\/et_pb_row][\/et_pb_section]<\/p>\n","protected":false},"excerpt":{"rendered":"<p>Vous souhaitez r\u00e9server votre s\u00e9jour ou obtenir une information ? Contactez-nous gr\u00e2ce au formulaire ci-dessous. Pour toute demande de r\u00e9servation, nous vous conseillons de v\u00e9rifier les dates de s\u00e9jour propos\u00e9es et les disponibilit\u00e9s en cliquant sur le bouton ci-dessous. Merci de bien vouloir nous pr\u00e9ciser la p\u00e9riode de s\u00e9jour souhait\u00e9e. Au plaisir de vous recevoir [&hellip;]<\/p>\n","protected":false},"author":1,"featured_media":0,"parent":0,"menu_order":0,"comment_status":"closed","ping_status":"closed","template":"","meta":{"_et_pb_use_builder":"on","_et_pb_old_content":"","_et_gb_content_width":"","footnotes":""},"class_list":["post-182","page","type-page","status-publish","hentry"],"yoast_head":"<!-- This site is optimized with the Yoast SEO plugin v25.9 - https:\/\/yoast.com\/wordpress\/plugins\/seo\/ -->\n<title>Formulaire contact &amp; r\u00e9servation - S\u00e9jours nature &amp; Chien de tra\u00eeneau en Su\u00e8de<\/title>\n<meta name=\"description\" content=\"Aur\u00e9lie et R\u00e9my proposent des vacances actives chez eux en Su\u00e8de. Choisissez votre s\u00e9jour Laponie multi activit\u00e9s en hiver ou en \u00e9t\u00e9 : chien de tra\u00eeneau, randonn\u00e9e \u00e9questre, cano\u00eb... Contactez-nous maintenant pour plus d&#039;informations et r\u00e9server votre s\u00e9jour !\" \/>\n<meta name=\"robots\" content=\"index, follow, max-snippet:-1, max-image-preview:large, max-video-preview:-1\" \/>\n<link rel=\"canonical\" href=\"https:\/\/sejourlaponie.com\/index.php\/contact-reservation\/\" \/>\n<meta property=\"og:locale\" content=\"fr_FR\" \/>\n<meta property=\"og:type\" content=\"article\" \/>\n<meta property=\"og:title\" content=\"Formulaire contact &amp; r\u00e9servation - S\u00e9jours nature &amp; Chien de tra\u00eeneau en Su\u00e8de\" \/>\n<meta property=\"og:description\" content=\"Aur\u00e9lie et R\u00e9my proposent des vacances actives chez eux en Su\u00e8de. Choisissez votre s\u00e9jour Laponie multi activit\u00e9s en hiver ou en \u00e9t\u00e9 : chien de tra\u00eeneau, randonn\u00e9e \u00e9questre, cano\u00eb... Contactez-nous maintenant pour plus d&#039;informations et r\u00e9server votre s\u00e9jour !\" \/>\n<meta property=\"og:url\" content=\"https:\/\/sejourlaponie.com\/index.php\/contact-reservation\/\" \/>\n<meta property=\"og:site_name\" content=\"S\u00e9jours nature &amp; Chien de tra\u00eeneau en Su\u00e8de\" \/>\n<meta property=\"article:publisher\" content=\"https:\/\/www.facebook.com\/Teamrevesetpassion.remycoste\" \/>\n<meta property=\"article:modified_time\" content=\"2024-03-23T22:55:09+00:00\" \/>\n<meta property=\"og:image\" content=\"https:\/\/sejourlaponie.com\/wp-content\/uploads\/2018\/08\/chien-tra\u00eeneau-laponie_attelage-Aur\u00e9lie_1200x630.jpg\" \/>\n\t<meta property=\"og:image:width\" content=\"1200\" \/>\n\t<meta property=\"og:image:height\" content=\"630\" \/>\n\t<meta property=\"og:image:type\" content=\"image\/jpeg\" \/>\n<meta name=\"twitter:card\" content=\"summary_large_image\" \/>\n<meta name=\"twitter:label1\" content=\"Dur\u00e9e de lecture estim\u00e9e\" \/>\n\t<meta name=\"twitter:data1\" content=\"1 minute\" \/>\n<script type=\"application\/ld+json\" class=\"yoast-schema-graph\">{\"@context\":\"https:\/\/schema.org\",\"@graph\":[{\"@type\":\"WebPage\",\"@id\":\"https:\/\/sejourlaponie.com\/index.php\/contact-reservation\/\",\"url\":\"https:\/\/sejourlaponie.com\/index.php\/contact-reservation\/\",\"name\":\"Formulaire contact & r\u00e9servation - S\u00e9jours nature &amp; Chien de tra\u00eeneau en Su\u00e8de\",\"isPartOf\":{\"@id\":\"https:\/\/sejourlaponie.com\/#website\"},\"datePublished\":\"2018-03-30T22:30:14+00:00\",\"dateModified\":\"2024-03-23T22:55:09+00:00\",\"description\":\"Aur\u00e9lie et R\u00e9my proposent des vacances actives chez eux en Su\u00e8de. Choisissez votre s\u00e9jour Laponie multi activit\u00e9s en hiver ou en \u00e9t\u00e9 : chien de tra\u00eeneau, randonn\u00e9e \u00e9questre, cano\u00eb... Contactez-nous maintenant pour plus d'informations et r\u00e9server votre s\u00e9jour !\",\"breadcrumb\":{\"@id\":\"https:\/\/sejourlaponie.com\/index.php\/contact-reservation\/#breadcrumb\"},\"inLanguage\":\"fr-FR\",\"potentialAction\":[{\"@type\":\"ReadAction\",\"target\":[\"https:\/\/sejourlaponie.com\/index.php\/contact-reservation\/\"]}]},{\"@type\":\"BreadcrumbList\",\"@id\":\"https:\/\/sejourlaponie.com\/index.php\/contact-reservation\/#breadcrumb\",\"itemListElement\":[{\"@type\":\"ListItem\",\"position\":1,\"name\":\"Accueil\",\"item\":\"https:\/\/sejourlaponie.com\/\"},{\"@type\":\"ListItem\",\"position\":2,\"name\":\"Formulaire contact &#038; r\u00e9servation\"}]},{\"@type\":\"WebSite\",\"@id\":\"https:\/\/sejourlaponie.com\/#website\",\"url\":\"https:\/\/sejourlaponie.com\/\",\"name\":\"Chien de tra\u00eeneau et s\u00e9jours nature en Laponie su\u00e9doise\",\"description\":\"S\u00e9jours chiens de tra\u00eeneau et activit\u00e9s de nature en Laponie su\u00e9doise, hiver et \u00e9t\u00e9.\",\"potentialAction\":[{\"@type\":\"SearchAction\",\"target\":{\"@type\":\"EntryPoint\",\"urlTemplate\":\"https:\/\/sejourlaponie.com\/?s={search_term_string}\"},\"query-input\":{\"@type\":\"PropertyValueSpecification\",\"valueRequired\":true,\"valueName\":\"search_term_string\"}}],\"inLanguage\":\"fr-FR\"}]}<\/script>\n<!-- \/ Yoast SEO plugin. -->","yoast_head_json":{"title":"Formulaire contact & r\u00e9servation - S\u00e9jours nature &amp; Chien de tra\u00eeneau en Su\u00e8de","description":"Aur\u00e9lie et R\u00e9my proposent des vacances actives chez eux en Su\u00e8de. Choisissez votre s\u00e9jour Laponie multi activit\u00e9s en hiver ou en \u00e9t\u00e9 : chien de tra\u00eeneau, randonn\u00e9e \u00e9questre, cano\u00eb... Contactez-nous maintenant pour plus d'informations et r\u00e9server votre s\u00e9jour !","robots":{"index":"index","follow":"follow","max-snippet":"max-snippet:-1","max-image-preview":"max-image-preview:large","max-video-preview":"max-video-preview:-1"},"canonical":"https:\/\/sejourlaponie.com\/index.php\/contact-reservation\/","og_locale":"fr_FR","og_type":"article","og_title":"Formulaire contact & r\u00e9servation - S\u00e9jours nature &amp; Chien de tra\u00eeneau en Su\u00e8de","og_description":"Aur\u00e9lie et R\u00e9my proposent des vacances actives chez eux en Su\u00e8de. Choisissez votre s\u00e9jour Laponie multi activit\u00e9s en hiver ou en \u00e9t\u00e9 : chien de tra\u00eeneau, randonn\u00e9e \u00e9questre, cano\u00eb... Contactez-nous maintenant pour plus d'informations et r\u00e9server votre s\u00e9jour !","og_url":"https:\/\/sejourlaponie.com\/index.php\/contact-reservation\/","og_site_name":"S\u00e9jours nature &amp; Chien de tra\u00eeneau en Su\u00e8de","article_publisher":"https:\/\/www.facebook.com\/Teamrevesetpassion.remycoste","article_modified_time":"2024-03-23T22:55:09+00:00","og_image":[{"width":1200,"height":630,"url":"https:\/\/sejourlaponie.com\/wp-content\/uploads\/2018\/08\/chien-tra\u00eeneau-laponie_attelage-Aur\u00e9lie_1200x630.jpg","type":"image\/jpeg"}],"twitter_card":"summary_large_image","twitter_misc":{"Dur\u00e9e de lecture estim\u00e9e":"1 minute"},"schema":{"@context":"https:\/\/schema.org","@graph":[{"@type":"WebPage","@id":"https:\/\/sejourlaponie.com\/index.php\/contact-reservation\/","url":"https:\/\/sejourlaponie.com\/index.php\/contact-reservation\/","name":"Formulaire contact & r\u00e9servation - S\u00e9jours nature &amp; Chien de tra\u00eeneau en Su\u00e8de","isPartOf":{"@id":"https:\/\/sejourlaponie.com\/#website"},"datePublished":"2018-03-30T22:30:14+00:00","dateModified":"2024-03-23T22:55:09+00:00","description":"Aur\u00e9lie et R\u00e9my proposent des vacances actives chez eux en Su\u00e8de. Choisissez votre s\u00e9jour Laponie multi activit\u00e9s en hiver ou en \u00e9t\u00e9 : chien de tra\u00eeneau, randonn\u00e9e \u00e9questre, cano\u00eb... Contactez-nous maintenant pour plus d'informations et r\u00e9server votre s\u00e9jour !","breadcrumb":{"@id":"https:\/\/sejourlaponie.com\/index.php\/contact-reservation\/#breadcrumb"},"inLanguage":"fr-FR","potentialAction":[{"@type":"ReadAction","target":["https:\/\/sejourlaponie.com\/index.php\/contact-reservation\/"]}]},{"@type":"BreadcrumbList","@id":"https:\/\/sejourlaponie.com\/index.php\/contact-reservation\/#breadcrumb","itemListElement":[{"@type":"ListItem","position":1,"name":"Accueil","item":"https:\/\/sejourlaponie.com\/"},{"@type":"ListItem","position":2,"name":"Formulaire contact &#038; r\u00e9servation"}]},{"@type":"WebSite","@id":"https:\/\/sejourlaponie.com\/#website","url":"https:\/\/sejourlaponie.com\/","name":"Chien de tra\u00eeneau et s\u00e9jours nature en Laponie su\u00e9doise","description":"S\u00e9jours chiens de tra\u00eeneau et activit\u00e9s de nature en Laponie su\u00e9doise, hiver et \u00e9t\u00e9.","potentialAction":[{"@type":"SearchAction","target":{"@type":"EntryPoint","urlTemplate":"https:\/\/sejourlaponie.com\/?s={search_term_string}"},"query-input":{"@type":"PropertyValueSpecification","valueRequired":true,"valueName":"search_term_string"}}],"inLanguage":"fr-FR"}]}},"_links":{"self":[{"href":"https:\/\/sejourlaponie.com\/index.php\/wp-json\/wp\/v2\/pages\/182","targetHints":{"allow":["GET"]}}],"collection":[{"href":"https:\/\/sejourlaponie.com\/index.php\/wp-json\/wp\/v2\/pages"}],"about":[{"href":"https:\/\/sejourlaponie.com\/index.php\/wp-json\/wp\/v2\/types\/page"}],"author":[{"embeddable":true,"href":"https:\/\/sejourlaponie.com\/index.php\/wp-json\/wp\/v2\/users\/1"}],"replies":[{"embeddable":true,"href":"https:\/\/sejourlaponie.com\/index.php\/wp-json\/wp\/v2\/comments?post=182"}],"version-history":[{"count":18,"href":"https:\/\/sejourlaponie.com\/index.php\/wp-json\/wp\/v2\/pages\/182\/revisions"}],"predecessor-version":[{"id":1336,"href":"https:\/\/sejourlaponie.com\/index.php\/wp-json\/wp\/v2\/pages\/182\/revisions\/1336"}],"wp:attachment":[{"href":"https:\/\/sejourlaponie.com\/index.php\/wp-json\/wp\/v2\/media?parent=182"}],"curies":[{"name":"wp","href":"https:\/\/api.w.org\/{rel}","templated":true}]}}