{"id":1240,"date":"2018-08-30T23:09:00","date_gmt":"2018-08-30T21:09:00","guid":{"rendered":"https:\/\/www.sejour-laponie.com\/?page_id=1240"},"modified":"2020-06-11T10:54:26","modified_gmt":"2020-06-11T08:54:26","slug":"blog","status":"publish","type":"page","link":"https:\/\/sejourlaponie.com\/index.php\/suivez-nos-aventures\/blog\/","title":{"rendered":"Bl\u00f8g"},"content":{"rendered":"<p>[et_pb_section fb_built=\u00a0\u00bb1&Prime; _builder_version=\u00a0\u00bb3.22&Prime; custom_padding=\u00a0\u00bb30px|0px|0|0px|false|false\u00a0\u00bb][et_pb_row _builder_version=\u00a0\u00bb3.25&Prime; background_size=\u00a0\u00bbinitial\u00a0\u00bb background_position=\u00a0\u00bbtop_left\u00a0\u00bb background_repeat=\u00a0\u00bbrepeat\u00a0\u00bb custom_padding=\u00a0\u00bb27px|0px|27px|0px|false|false\u00a0\u00bb column_structure=\u00a0\u00bb1_2,1_2&Prime;][et_pb_column type=\u00a0\u00bb1_2&Prime; _builder_version=\u00a0\u00bb3.25&Prime; custom_padding=\u00a0\u00bb|||\u00a0\u00bb custom_padding__hover=\u00a0\u00bb|||\u00a0\u00bb][et_pb_image src=\u00a0\u00bbhttp:\/\/sejourlaponie.com\/wp-content\/uploads\/2018\/08\/chien-traineau-laponie-blog-header_510x510.jpg\u00a0\u00bb align_tablet=\u00a0\u00bbcenter\u00a0\u00bb align_last_edited=\u00a0\u00bbon|desktop\u00a0\u00bb _builder_version=\u00a0\u00bb3.23&Prime;][\/et_pb_image][\/et_pb_column][et_pb_column type=\u00a0\u00bb1_2&Prime; _builder_version=\u00a0\u00bb3.25&Prime; custom_padding=\u00a0\u00bb|||\u00a0\u00bb custom_padding__hover=\u00a0\u00bb|||\u00a0\u00bb][et_pb_text _builder_version=\u00a0\u00bb3.27.4&Prime; text_font=\u00a0\u00bb||||||||\u00a0\u00bb header_font=\u00a0\u00bbSpectral|700|||||||\u00a0\u00bb header_text_color=\u00a0\u00bb#0038a7&Prime; header_2_font=\u00a0\u00bbSpectral||||||||\u00a0\u00bb header_2_text_color=\u00a0\u00bb#000000&Prime;]<\/p>\n<h1 style=\"text-align: center;\">Suivez nos aventures sur notre bl\u00f8g&#8230;<\/h1>\n<h2 style=\"text-align: center;\">Pour vous faire partager notre quotidien chez nous en Laponie ou ailleurs durant les comp\u00e9titions de chiens de tra\u00eeneau ou d&rsquo;autres moments forts, nous posterons r\u00e9guli\u00e8rement des articles sur ce blog.<br \/> Bonne lecture et n&rsquo;h\u00e9sitez pas \u00e0 commenter, liker, partager !<\/h2>\n<h2 style=\"text-align: center;\">Retrouvez aussi nos instantan\u00e9s sur les <a href=\"http:\/\/sejourlaponie.com\/index.php\/suivez-nos-aventures\/\" target=\"_blank\" rel=\"noopener noreferrer\"><strong><span style=\"text-decoration: underline;\">r\u00e9seaux sociaux<\/span><\/strong><\/a>.<\/h2>\n<p>[\/et_pb_text][\/et_pb_column][\/et_pb_row][\/et_pb_section][et_pb_section fb_built=\u00a0\u00bb1&Prime; _builder_version=\u00a0\u00bb4.4.8&Prime;][et_pb_row _builder_version=\u00a0\u00bb4.4.8&Prime;][et_pb_column _builder_version=\u00a0\u00bb4.4.8&Prime; type=\u00a0\u00bb4_4&Prime;][et_pb_blog fullwidth=\u00a0\u00bboff\u00a0\u00bb include_categories=\u00a0\u00bb13&Prime; show_author=\u00a0\u00bboff\u00a0\u00bb use_overlay=\u00a0\u00bbon\u00a0\u00bb _builder_version=\u00a0\u00bb4.4.8&Prime; header_level=\u00a0\u00bbh1&Prime; header_font=\u00a0\u00bbSpectral||||||||\u00a0\u00bb header_text_color=\u00a0\u00bb#0038a7&Prime; body_font=\u00a0\u00bbRoboto|300|||||||\u00a0\u00bb body_text_color=\u00a0\u00bb#000000&Prime; meta_font=\u00a0\u00bb||||||||\u00a0\u00bb pagination_font=\u00a0\u00bbRoboto|300|||||||\u00a0\u00bb pagination_text_color=\u00a0\u00bb#000000&Prime; hover_enabled=\u00a0\u00bb0&Prime; text_orientation=\u00a0\u00bbcenter\u00a0\u00bb custom_margin=\u00a0\u00bb|-486px||||\u00a0\u00bb custom_padding=\u00a0\u00bb|||0px||\u00a0\u00bb width=\u00a0\u00bb100%\u00a0\u00bb][\/et_pb_blog][\/et_pb_column][\/et_pb_row][\/et_pb_section]<\/p>\n","protected":false},"excerpt":{"rendered":"<p>Suivez nos aventures sur notre bl\u00f8g&#8230; Pour vous faire partager notre quotidien chez nous en Laponie ou ailleurs durant les comp\u00e9titions de chiens de tra\u00eeneau ou d&rsquo;autres moments forts, nous posterons r\u00e9guli\u00e8rement des articles sur ce blog. Bonne lecture et n&rsquo;h\u00e9sitez pas \u00e0 commenter, liker, partager ! Retrouvez aussi nos instantan\u00e9s sur les r\u00e9seaux sociaux.<\/p>\n","protected":false},"author":1,"featured_media":0,"parent":353,"menu_order":0,"comment_status":"closed","ping_status":"closed","template":"","meta":{"_et_pb_use_builder":"on","_et_pb_old_content":"","_et_gb_content_width":"","footnotes":""},"class_list":["post-1240","page","type-page","status-publish","hentry"],"yoast_head":"<!-- This site is optimized with the Yoast SEO plugin v25.9 - https:\/\/yoast.com\/wordpress\/plugins\/seo\/ -->\n<title>Bl\u00f8g - S\u00e9jours nature &amp; Chien de tra\u00eeneau en Su\u00e8de<\/title>\n<meta name=\"robots\" content=\"index, follow, max-snippet:-1, max-image-preview:large, max-video-preview:-1\" \/>\n<link rel=\"canonical\" href=\"https:\/\/sejourlaponie.com\/index.php\/suivez-nos-aventures\/blog\/\" \/>\n<meta property=\"og:locale\" content=\"fr_FR\" \/>\n<meta property=\"og:type\" content=\"article\" \/>\n<meta property=\"og:title\" content=\"Bl\u00f8g - S\u00e9jours nature &amp; Chien de tra\u00eeneau en Su\u00e8de\" \/>\n<meta property=\"og:description\" content=\"Suivez nos aventures sur notre bl\u00f8g... Pour vous faire partager notre quotidien chez nous en Laponie ou ailleurs durant les comp\u00e9titions de chiens de tra\u00eeneau ou d&#039;autres moments forts, nous posterons r\u00e9guli\u00e8rement des articles sur ce blog. Bonne lecture et n&#039;h\u00e9sitez pas \u00e0 commenter, liker, partager ! Retrouvez aussi nos instantan\u00e9s sur les r\u00e9seaux sociaux.\" \/>\n<meta property=\"og:url\" content=\"https:\/\/sejourlaponie.com\/index.php\/suivez-nos-aventures\/blog\/\" \/>\n<meta property=\"og:site_name\" content=\"S\u00e9jours nature &amp; Chien de tra\u00eeneau en Su\u00e8de\" \/>\n<meta property=\"article:publisher\" content=\"https:\/\/www.facebook.com\/Teamrevesetpassion.remycoste\" \/>\n<meta property=\"article:modified_time\" content=\"2020-06-11T08:54:26+00:00\" \/>\n<meta property=\"og:image\" content=\"https:\/\/sejourlaponie.com\/wp-content\/uploads\/2018\/08\/chien-tra\u00eeneau-laponie_attelage-Aur\u00e9lie_1200x630.jpg\" \/>\n\t<meta property=\"og:image:width\" content=\"1200\" \/>\n\t<meta property=\"og:image:height\" content=\"630\" \/>\n\t<meta property=\"og:image:type\" content=\"image\/jpeg\" \/>\n<meta name=\"twitter:card\" content=\"summary_large_image\" \/>\n<meta name=\"twitter:label1\" content=\"Dur\u00e9e de lecture estim\u00e9e\" \/>\n\t<meta name=\"twitter:data1\" content=\"1 minute\" \/>\n<script type=\"application\/ld+json\" class=\"yoast-schema-graph\">{\"@context\":\"https:\/\/schema.org\",\"@graph\":[{\"@type\":\"WebPage\",\"@id\":\"https:\/\/sejourlaponie.com\/index.php\/suivez-nos-aventures\/blog\/\",\"url\":\"https:\/\/sejourlaponie.com\/index.php\/suivez-nos-aventures\/blog\/\",\"name\":\"Bl\u00f8g - S\u00e9jours nature &amp; Chien de tra\u00eeneau en Su\u00e8de\",\"isPartOf\":{\"@id\":\"https:\/\/sejourlaponie.com\/#website\"},\"datePublished\":\"2018-08-30T21:09:00+00:00\",\"dateModified\":\"2020-06-11T08:54:26+00:00\",\"breadcrumb\":{\"@id\":\"https:\/\/sejourlaponie.com\/index.php\/suivez-nos-aventures\/blog\/#breadcrumb\"},\"inLanguage\":\"fr-FR\",\"potentialAction\":[{\"@type\":\"ReadAction\",\"target\":[\"https:\/\/sejourlaponie.com\/index.php\/suivez-nos-aventures\/blog\/\"]}]},{\"@type\":\"BreadcrumbList\",\"@id\":\"https:\/\/sejourlaponie.com\/index.php\/suivez-nos-aventures\/blog\/#breadcrumb\",\"itemListElement\":[{\"@type\":\"ListItem\",\"position\":1,\"name\":\"Accueil\",\"item\":\"https:\/\/sejourlaponie.com\/\"},{\"@type\":\"ListItem\",\"position\":2,\"name\":\"R\u00e9seaux sociaux\",\"item\":\"https:\/\/sejourlaponie.com\/index.php\/suivez-nos-aventures\/\"},{\"@type\":\"ListItem\",\"position\":3,\"name\":\"Bl\u00f8g\"}]},{\"@type\":\"WebSite\",\"@id\":\"https:\/\/sejourlaponie.com\/#website\",\"url\":\"https:\/\/sejourlaponie.com\/\",\"name\":\"Chien de tra\u00eeneau et s\u00e9jours nature en Laponie su\u00e9doise\",\"description\":\"S\u00e9jours chiens de tra\u00eeneau et activit\u00e9s de nature en Laponie su\u00e9doise, hiver et \u00e9t\u00e9.\",\"potentialAction\":[{\"@type\":\"SearchAction\",\"target\":{\"@type\":\"EntryPoint\",\"urlTemplate\":\"https:\/\/sejourlaponie.com\/?s={search_term_string}\"},\"query-input\":{\"@type\":\"PropertyValueSpecification\",\"valueRequired\":true,\"valueName\":\"search_term_string\"}}],\"inLanguage\":\"fr-FR\"}]}<\/script>\n<!-- \/ Yoast SEO plugin. -->","yoast_head_json":{"title":"Bl\u00f8g - S\u00e9jours nature &amp; Chien de tra\u00eeneau en Su\u00e8de","robots":{"index":"index","follow":"follow","max-snippet":"max-snippet:-1","max-image-preview":"max-image-preview:large","max-video-preview":"max-video-preview:-1"},"canonical":"https:\/\/sejourlaponie.com\/index.php\/suivez-nos-aventures\/blog\/","og_locale":"fr_FR","og_type":"article","og_title":"Bl\u00f8g - S\u00e9jours nature &amp; Chien de tra\u00eeneau en Su\u00e8de","og_description":"Suivez nos aventures sur notre bl\u00f8g... Pour vous faire partager notre quotidien chez nous en Laponie ou ailleurs durant les comp\u00e9titions de chiens de tra\u00eeneau ou d'autres moments forts, nous posterons r\u00e9guli\u00e8rement des articles sur ce blog. Bonne lecture et n'h\u00e9sitez pas \u00e0 commenter, liker, partager ! Retrouvez aussi nos instantan\u00e9s sur les r\u00e9seaux sociaux.","og_url":"https:\/\/sejourlaponie.com\/index.php\/suivez-nos-aventures\/blog\/","og_site_name":"S\u00e9jours nature &amp; Chien de tra\u00eeneau en Su\u00e8de","article_publisher":"https:\/\/www.facebook.com\/Teamrevesetpassion.remycoste","article_modified_time":"2020-06-11T08:54:26+00:00","og_image":[{"width":1200,"height":630,"url":"https:\/\/sejourlaponie.com\/wp-content\/uploads\/2018\/08\/chien-tra\u00eeneau-laponie_attelage-Aur\u00e9lie_1200x630.jpg","type":"image\/jpeg"}],"twitter_card":"summary_large_image","twitter_misc":{"Dur\u00e9e de lecture estim\u00e9e":"1 minute"},"schema":{"@context":"https:\/\/schema.org","@graph":[{"@type":"WebPage","@id":"https:\/\/sejourlaponie.com\/index.php\/suivez-nos-aventures\/blog\/","url":"https:\/\/sejourlaponie.com\/index.php\/suivez-nos-aventures\/blog\/","name":"Bl\u00f8g - S\u00e9jours nature &amp; Chien de tra\u00eeneau en Su\u00e8de","isPartOf":{"@id":"https:\/\/sejourlaponie.com\/#website"},"datePublished":"2018-08-30T21:09:00+00:00","dateModified":"2020-06-11T08:54:26+00:00","breadcrumb":{"@id":"https:\/\/sejourlaponie.com\/index.php\/suivez-nos-aventures\/blog\/#breadcrumb"},"inLanguage":"fr-FR","potentialAction":[{"@type":"ReadAction","target":["https:\/\/sejourlaponie.com\/index.php\/suivez-nos-aventures\/blog\/"]}]},{"@type":"BreadcrumbList","@id":"https:\/\/sejourlaponie.com\/index.php\/suivez-nos-aventures\/blog\/#breadcrumb","itemListElement":[{"@type":"ListItem","position":1,"name":"Accueil","item":"https:\/\/sejourlaponie.com\/"},{"@type":"ListItem","position":2,"name":"R\u00e9seaux sociaux","item":"https:\/\/sejourlaponie.com\/index.php\/suivez-nos-aventures\/"},{"@type":"ListItem","position":3,"name":"Bl\u00f8g"}]},{"@type":"WebSite","@id":"https:\/\/sejourlaponie.com\/#website","url":"https:\/\/sejourlaponie.com\/","name":"Chien de tra\u00eeneau et s\u00e9jours nature en Laponie su\u00e9doise","description":"S\u00e9jours chiens de tra\u00eeneau et activit\u00e9s de nature en Laponie su\u00e9doise, hiver et \u00e9t\u00e9.","potentialAction":[{"@type":"SearchAction","target":{"@type":"EntryPoint","urlTemplate":"https:\/\/sejourlaponie.com\/?s={search_term_string}"},"query-input":{"@type":"PropertyValueSpecification","valueRequired":true,"valueName":"search_term_string"}}],"inLanguage":"fr-FR"}]}},"_links":{"self":[{"href":"https:\/\/sejourlaponie.com\/index.php\/wp-json\/wp\/v2\/pages\/1240","targetHints":{"allow":["GET"]}}],"collection":[{"href":"https:\/\/sejourlaponie.com\/index.php\/wp-json\/wp\/v2\/pages"}],"about":[{"href":"https:\/\/sejourlaponie.com\/index.php\/wp-json\/wp\/v2\/types\/page"}],"author":[{"embeddable":true,"href":"https:\/\/sejourlaponie.com\/index.php\/wp-json\/wp\/v2\/users\/1"}],"replies":[{"embeddable":true,"href":"https:\/\/sejourlaponie.com\/index.php\/wp-json\/wp\/v2\/comments?post=1240"}],"version-history":[{"count":16,"href":"https:\/\/sejourlaponie.com\/index.php\/wp-json\/wp\/v2\/pages\/1240\/revisions"}],"predecessor-version":[{"id":3551,"href":"https:\/\/sejourlaponie.com\/index.php\/wp-json\/wp\/v2\/pages\/1240\/revisions\/3551"}],"up":[{"embeddable":true,"href":"https:\/\/sejourlaponie.com\/index.php\/wp-json\/wp\/v2\/pages\/353"}],"wp:attachment":[{"href":"https:\/\/sejourlaponie.com\/index.php\/wp-json\/wp\/v2\/media?parent=1240"}],"curies":[{"name":"wp","href":"https:\/\/api.w.org\/{rel}","templated":true}]}}